{"id":11093,"date":"2024-06-21T11:59:49","date_gmt":"2024-06-21T11:59:49","guid":{"rendered":"https:\/\/staging.bordier.com\/loesungen\/private-vermoegensverwaltung\/"},"modified":"2024-12-16T12:35:20","modified_gmt":"2024-12-16T12:35:20","slug":"private-vermoegensverwaltung","status":"publish","type":"page","link":"https:\/\/staging.bordier.com\/de\/loesungen\/private-vermoegensverwaltung\/","title":{"rendered":"Private Verm\u00f6gensverwaltung"},"content":{"rendered":"\n<section id=\"section-block_8a2cfc98561d362b3d1fe206eda2cfee\" class=\"page-hero-outer type-default\">\n    <div class=\"holder\">\n        <div class=\"page-hero-content\">\n            <div class=\"acf-innerblocks-container\">\n\n<h6 class=\"wp-block-heading\">Bordier Private Verm\u00f6gensverwaltung<\/h6>\n\n\n\n<h1 class=\"wp-block-heading text-indent-m mobile-no-indent\">Disziplin ausrichten<br\/><em><strong>und Diversifizierung<\/strong><\/em><\/h1>\n\n<\/div>        <\/div>\n    <\/div>\n        <figure class=\"page-hero-bg\">\n        <img decoding=\"async\" \n            src=\"https:\/\/staging.bordier.com\/wp-content\/uploads\/2024\/08\/Private-Asset-Management-Hero.jpg\" \n            srcset=\"https:\/\/staging.bordier.com\/wp-content\/uploads\/2024\/08\/Private-Asset-Management-Hero.jpg 1440w, https:\/\/staging.bordier.com\/wp-content\/uploads\/2024\/08\/Private-Asset-Management-Hero-300x160.jpg 300w, https:\/\/staging.bordier.com\/wp-content\/uploads\/2024\/08\/Private-Asset-Management-Hero-1024x546.jpg 1024w, https:\/\/staging.bordier.com\/wp-content\/uploads\/2024\/08\/Private-Asset-Management-Hero-768x410.jpg 768w\"\n            alt=\"\"\n        >\n    <\/figure>\n    <\/section>\n<div class=\"wp-block-group wrapper-m\"><div class=\"wp-block-group__inner-container is-layout-constrained wp-block-group-is-layout-constrained\">\n<h3 class=\"wp-block-heading\">Bordier bringt <em>institutionelle<\/em> Expertise in <em>Privatverm\u00f6gen<\/em> ein<\/h3>\n\n\n\n<section id=\"section-block_7ace7306f60d7c55e36f7ab6fdb17e4d\" class=\"custom-video-outer aligncenter\">\n\n    \n    <figure class=\"custom-video\">\n\n        <div class=\"video-popup-holder\">\n            <div class=\"video-holder\">\n                <video loop playsinline>\n                    <source src=\"\" type=\"video\/mp4\">\n                    Your browser does not support the video tag.                <\/video>\n                <div class=\"video-controls\">\n\n                    <div class=\"exit-button\">\n                        <svg class=\"icon-close\">\n                            <use xlink:href=\"https:\/\/staging.bordier.com\/wp-content\/themes\/bordier-wp\/assets\/img\/icons.svg#icon-close\"><\/use>\n                        <\/svg>\n                    <\/div>\n    \n                    <div class=\"play-button\">\n    \n                        <div class=\"play-icon\" data-status=\"play\">\n                            <svg class=\"icon-play\">\n                                <use xlink:href=\"https:\/\/staging.bordier.com\/wp-content\/themes\/bordier-wp\/assets\/img\/icons.svg#icon-play\"><\/use>\n                            <\/svg>\n                        <\/div>\n    \n                        <div class=\"play-icon\" data-status=\"pause\">\n                            <svg class=\"icon-pause\">\n                                <use xlink:href=\"https:\/\/staging.bordier.com\/wp-content\/themes\/bordier-wp\/assets\/img\/icons.svg#icon-pause\"><\/use>\n                            <\/svg>\n                        <\/div>\n    \n                    <\/div>\n\n                    <div class=\"bottom-controls\">\n\n                        <span class=\"video-length\"><\/span>\n                        \n                        <div class=\"progress-bar\"> \n                            <div class=\"time-bar\"><\/div>\n                            <input class=\"vimeovideo-progress-seek\" type=\"range\" min=\"0\" max=\"100\" step=\"0.1\" value=\"0\" data-vimeovideo=\"seek\">\n                            <progress class=\"vimeovideo-progress-played\" max=\"100\" value=\"0\" role=\"presentation\"><\/progress>\n                        <\/div>\n\n                        <div class=\"left-side\">\n                            <div class=\"small-play-button\">\n\n                                <svg class=\"icon-play\">\n                                    <use xlink:href=\"https:\/\/staging.bordier.com\/wp-content\/themes\/bordier-wp\/assets\/img\/icons.svg#icon-play\"><\/use>\n                                <\/svg>\n\n                                <svg class=\"icon-pause\">\n                                    <use xlink:href=\"https:\/\/staging.bordier.com\/wp-content\/themes\/bordier-wp\/assets\/img\/icons.svg#icon-pause\"><\/use>\n                                <\/svg>\n\n                            <\/div>\n                        <\/div>\n\n                        <div class=\"right-side\">\n\n                            <div class=\"volume-control\">\n            \n                                <div class=\"mute-icon\" data-status=\"muted\">\n                                    <svg class=\"icon-mute\">\n                                        <use xlink:href=\"https:\/\/staging.bordier.com\/wp-content\/themes\/bordier-wp\/assets\/img\/icons.svg#icon-mute\"><\/use>\n                                    <\/svg>\n                                <\/div>\n                                <div class=\"mute-icon\" data-status=\"unmuted\">\n                                    <svg class=\"icon-unmute\">\n                                        <use xlink:href=\"https:\/\/staging.bordier.com\/wp-content\/themes\/bordier-wp\/assets\/img\/icons.svg#icon-unmute\"><\/use>\n                                    <\/svg>\n                                <\/div>\n            \n                            <\/div>\n\n                            <div class=\"expand\">\n                                <svg class=\"icon-expand\">\n                                    <use xlink:href=\"https:\/\/staging.bordier.com\/wp-content\/themes\/bordier-wp\/assets\/img\/icons.svg#icon-expand\"><\/use>\n                                <\/svg>\n\n                                <svg class=\"icon-collapse\">\n                                    <use xlink:href=\"https:\/\/staging.bordier.com\/wp-content\/themes\/bordier-wp\/assets\/img\/icons.svg#icon-collapse\"><\/use>\n                                <\/svg>\n                            <\/div>\n\n                        <\/div>\n\n                    <\/div>\n    \n                <\/div>\n            <\/div>\n        <\/div>\n\n    \n        <div class=\"video-controls\">\n\n            <div class=\"play-button\">\n\n                <div class=\"play-icon\" data-status=\"play\">\n                    <svg class=\"icon-play\">\n                        <use xlink:href=\"https:\/\/staging.bordier.com\/wp-content\/themes\/bordier-wp\/assets\/img\/icons.svg#icon-play\"><\/use>\n                    <\/svg>\n                <\/div>\n\n                <div class=\"play-icon\" data-status=\"pause\">\n                    <svg class=\"icon-pause\">\n                        <use xlink:href=\"https:\/\/staging.bordier.com\/wp-content\/themes\/bordier-wp\/assets\/img\/icons.svg#icon-pause\"><\/use>\n                    <\/svg>\n                <\/div>\n\n            <\/div>\n\n        <\/div>\n\n\n                    <figure class=\"video-cover\">\n                <img decoding=\"async\" src=\"https:\/\/staging.bordier.com\/wp-content\/uploads\/2024\/11\/Screenshot-2024-11-13-at-16.26.00.png\" alt=\"Video Cover\">\n            <\/figure>\n        \n    <\/figure>\n\n    \n<\/section>\n\n<\/div><\/div>\n\n<div class=\"wp-block-group wrapper-m spacing-top-xs paragraph-spacing-bottom\"><div class=\"wp-block-group__inner-container is-layout-constrained wp-block-group-is-layout-constrained\">\n<h3 class=\"wp-block-heading\">Gr\u00f6\u00dfere <em>Verm\u00f6genswerte<\/em><\/h3>\n\n\n\n<hr class=\"wp-block-separator has-alpha-channel-opacity spacing-vertical-s\"\/>\n\n\n\n<p class=\"text-indent-s\">Was Regierungen, Gemeinden und Institutionen vertrauen, steht auch Ihnen zur Verf\u00fcgung. Wir verwalten diese Verm\u00f6genswerte wie gro\u00dfe Pensionsfonds &#8211; risikokontrolliert und streng nach Benchmarks. Dabei handelt es sich um wesentlich gr\u00f6\u00dfere kollektive Anlagen, wie Fonds, aktiv verwaltete Zertifikate (AMC) und institutionelle Mandate.<\/p>\n\n\n\n<h3 class=\"wp-block-heading\">Gr\u00f6\u00dfere <em>Auswahl<\/em><\/h3>\n\n\n\n<hr class=\"wp-block-separator has-alpha-channel-opacity spacing-vertical-s\"\/>\n\n\n\n<p class=\"text-indent-s\">Im Rahmen eines strikten Mandats erstellt unser umsichtiges Anlageteam eine vielf\u00e4ltige und dynamische Verm\u00f6gensallokation, die Aktien, an internationalen B\u00f6rsen gehandelte Anleihen, Investmentfonds, Kredite und sogar nicht b\u00f6rsennotierte Verm\u00f6genswerte (Privatunternehmen, Immobilien oder Infrastruktur) umfasst.<\/p>\n\n\n\n<h3 class=\"wp-block-heading\">Immer <em>im Benchmarking<\/em><\/h3>\n\n\n\n<hr class=\"wp-block-separator has-alpha-channel-opacity spacing-vertical-s\"\/>\n\n\n\n<p class=\"text-indent-s\">Wir sind stets bestrebt, institutionelle Benchmarks zu erreichen oder zu \u00fcbertreffen. Durch die monatliche und viertelj\u00e4hrliche Berichterstattung behalten wir und Sie das Risiko und die Performance im Auge. <\/p>\n<\/div><\/div>\n\n<div class=\"wp-block-group background-light wrapper-xs\"><div class=\"wp-block-group__inner-container is-layout-constrained wp-block-group-is-layout-constrained\">\n<h6 class=\"wp-block-heading has-text-align-center text-indent-s mobile-no-indent\">Bordier Private Verm\u00f6gensverwaltung<\/h6>\n\n\n\n<h2 class=\"wp-block-heading has-text-align-left text-indent-l\">Entworfen.<br\/><em><strong>Diszipliniert.<\/strong><\/em>  Abwechslungsreich.<\/h2>\n\n\n\n<p class=\"has-text-align-center\">Der einfachere und sicherere Weg, um Portfolio-Performance zu erzielen<strong>.<\/strong><\/p>\n<\/div><\/div>\n\n<div class=\"wp-block-group wrapper-m\"><div class=\"wp-block-group__inner-container is-layout-constrained wp-block-group-is-layout-constrained\">\n<h2 class=\"wp-block-heading has-text-align-center\">Besser.<br\/><em>Verwaltet<\/em>.<\/h2>\n\n\n\n<hr class=\"wp-block-separator has-alpha-channel-opacity\"\/>\n\n\n\n<div class=\"wp-block-group wrapper-xs\"><div class=\"wp-block-group__inner-container is-layout-constrained wp-block-group-is-layout-constrained\">\n<p>Jeder Verm\u00f6genswert hat sein eigenes Verhalten, sein eigenes Risiko und seine eigene Belohnung. Woher wissen Sie also, ob es Ihnen gut geht? <\/p>\n\n\n\n<p>Wir schaffen einen st\u00e4rkeren Rahmen mit mehr Gewicht, Tiefe und Diversifizierung. Wir greifen auf viele Anlageklassen zur\u00fcck und untersuchen die Benchmark jeder Klasse. Dann verfolgen und verwalten wir Ihr robustes Portfolio und sorgen daf\u00fcr, dass Sie den Index schlagen.  <\/p>\n\n\n\n<p>Es beseitigt Verzerrungen, Risiken und Unsicherheiten. Und jeden Monat k\u00f6nnen Sie deutlich sehen, ob Sie gut abschneiden. <\/p>\n<\/div><\/div>\n<\/div><\/div>\n\n<div class=\"wp-block-cover right-text\" style=\"min-height:10vw;aspect-ratio:unset;\"><span aria-hidden=\"true\" class=\"wp-block-cover__background has-black-background-color has-background-dim-20 has-background-dim\"><\/span><img alt=\"\" loading=\"lazy\" decoding=\"async\" width=\"2560\" height=\"907\" class=\"wp-block-cover__image-background wp-image-5549\" alt=\"\" src=\"https:\/\/staging.bordier.com\/wp-content\/uploads\/2024\/10\/Rectangle-scaled.jpg\" data-object-fit=\"cover\" srcset=\"https:\/\/staging.bordier.com\/wp-content\/uploads\/2024\/10\/Rectangle-scaled.jpg 2560w, https:\/\/staging.bordier.com\/wp-content\/uploads\/2024\/10\/Rectangle-300x106.jpg 300w, https:\/\/staging.bordier.com\/wp-content\/uploads\/2024\/10\/Rectangle-1024x363.jpg 1024w, https:\/\/staging.bordier.com\/wp-content\/uploads\/2024\/10\/Rectangle-768x272.jpg 768w, https:\/\/staging.bordier.com\/wp-content\/uploads\/2024\/10\/Rectangle-1536x544.jpg 1536w, https:\/\/staging.bordier.com\/wp-content\/uploads\/2024\/10\/Rectangle-2048x726.jpg 2048w\" sizes=\"auto, (max-width: 2560px) 100vw, 2560px\" \/><div class=\"wp-block-cover__inner-container is-layout-constrained wp-block-cover-is-layout-constrained\">\n<div class=\"wp-block-group\"><div class=\"wp-block-group__inner-container is-layout-constrained wp-block-group-is-layout-constrained\">\n<h4 class=\"wp-block-heading has-text-align-left has-large-font-size\">Willkommen in der <em>Familie<\/em><\/h4>\n\n\n\n<p class=\"has-small-font-size\">Wenn Sie ein St\u00fcck eines gr\u00f6\u00dferen Kuchens haben m\u00f6chten, lassen Sie uns reden<\/p>\n\n\n\n<div class=\"wp-block-buttons is-layout-flex wp-block-buttons-is-layout-flex\">\n<div class=\"wp-block-button is-style-fill blured\"><a class=\"wp-block-button__link wp-element-button\" href=\"https:\/\/staging.bordier.com\/de\/kontaktieren-sie-uns\/\"><strong>KONTAKT<\/strong><\/a><\/div>\n<\/div>\n<\/div><\/div>\n<\/div><\/div>\n","protected":false},"excerpt":{"rendered":"<p>Bordier bringt institutionelle Expertise in Privatverm\u00f6gen ein Gr\u00f6\u00dfere Verm\u00f6genswerte Was Regierungen, Gemeinden und Institutionen vertrauen, &#8230;<\/p>\n","protected":false},"author":1,"featured_media":0,"parent":11086,"menu_order":20,"comment_status":"closed","ping_status":"closed","template":"","meta":{"_acf_changed":false,"_seopress_robots_primary_cat":"","_seopress_titles_title":"","_seopress_titles_desc":"","_seopress_robots_index":"","footnotes":""},"class_list":["post-11093","page","type-page","status-publish","hentry"],"acf":[],"_links":{"self":[{"href":"https:\/\/staging.bordier.com\/de\/wp-json\/wp\/v2\/pages\/11093","targetHints":{"allow":["GET"]}}],"collection":[{"href":"https:\/\/staging.bordier.com\/de\/wp-json\/wp\/v2\/pages"}],"about":[{"href":"https:\/\/staging.bordier.com\/de\/wp-json\/wp\/v2\/types\/page"}],"author":[{"embeddable":true,"href":"https:\/\/staging.bordier.com\/de\/wp-json\/wp\/v2\/users\/1"}],"replies":[{"embeddable":true,"href":"https:\/\/staging.bordier.com\/de\/wp-json\/wp\/v2\/comments?post=11093"}],"version-history":[{"count":3,"href":"https:\/\/staging.bordier.com\/de\/wp-json\/wp\/v2\/pages\/11093\/revisions"}],"predecessor-version":[{"id":13016,"href":"https:\/\/staging.bordier.com\/de\/wp-json\/wp\/v2\/pages\/11093\/revisions\/13016"}],"up":[{"embeddable":true,"href":"https:\/\/staging.bordier.com\/de\/wp-json\/wp\/v2\/pages\/11086"}],"wp:attachment":[{"href":"https:\/\/staging.bordier.com\/de\/wp-json\/wp\/v2\/media?parent=11093"}],"curies":[{"name":"wp","href":"https:\/\/api.w.org\/{rel}","templated":true}]}}