{"id":11099,"date":"2024-06-21T11:59:39","date_gmt":"2024-06-21T11:59:39","guid":{"rendered":"https:\/\/staging.bordier.com\/loesungen\/vermoegensverwaltung\/"},"modified":"2024-12-16T12:29:31","modified_gmt":"2024-12-16T12:29:31","slug":"vermoegensverwaltung","status":"publish","type":"page","link":"https:\/\/staging.bordier.com\/de\/loesungen\/vermoegensverwaltung\/","title":{"rendered":"Verm\u00f6gensverwaltung"},"content":{"rendered":"\n<section id=\"section-block_c8fcd57a9e438dfa07d59291dad78990\" class=\"page-hero-outer type-default\">\n    <div class=\"holder\">\n        <div class=\"page-hero-content\">\n            <div class=\"acf-innerblocks-container\">\n\n<h6 class=\"wp-block-heading\">Bordier Verm\u00f6gensverwaltung<\/h6>\n\n\n\n<h1 class=\"wp-block-heading text-indent-s\">Chance ausrichten<br\/><em><strong>und Sicherheit<\/strong><\/em><\/h1>\n\n<\/div>        <\/div>\n    <\/div>\n        <figure class=\"page-hero-bg\">\n        <img decoding=\"async\" \n            src=\"https:\/\/staging.bordier.com\/wp-content\/uploads\/2024\/08\/Wealth-Management-Hero.jpg\" \n            srcset=\"https:\/\/staging.bordier.com\/wp-content\/uploads\/2024\/08\/Wealth-Management-Hero.jpg 1440w, https:\/\/staging.bordier.com\/wp-content\/uploads\/2024\/08\/Wealth-Management-Hero-300x160.jpg 300w, https:\/\/staging.bordier.com\/wp-content\/uploads\/2024\/08\/Wealth-Management-Hero-1024x547.jpg 1024w, https:\/\/staging.bordier.com\/wp-content\/uploads\/2024\/08\/Wealth-Management-Hero-768x410.jpg 768w\"\n            alt=\"\"\n        >\n    <\/figure>\n    <\/section>\n<div class=\"wp-block-group wrapper-m\"><div class=\"wp-block-group__inner-container is-layout-constrained wp-block-group-is-layout-constrained\">\n<h6 class=\"wp-block-heading no-bottom-spacing\">Unser Auftrag<\/h6>\n\n\n\n<h3 class=\"wp-block-heading\">Schutz und <em>nachhaltiges Wachstum<\/em><\/h3>\n\n\n\n<div class=\"wp-block-group wrapper-s\"><div class=\"wp-block-group__inner-container is-layout-constrained wp-block-group-is-layout-constrained\">\n<p>In einer sich st\u00e4ndig ver\u00e4ndernden Welt ist es unsere Aufgabe, Portfolios aufzubauen  <br\/>die Ihr Verm\u00f6gen langfristig sch\u00fctzen und vermehren.<\/p>\n\n\n\n<section id=\"section-block_b4d15ec5afb2e2e53ba94b315deacde4\" class=\"custom-video-outer full-width \">\n\n    \n    <figure class=\"custom-video\">\n\n        <div class=\"video-popup-holder\">\n            <div class=\"video-holder\">\n                <video loop playsinline>\n                    <source src=\"http:\/\/commondatastorage.googleapis.com\/gtv-videos-bucket\/sample\/ForBiggerBlazes.mp4\" type=\"video\/mp4\">\n                    Your browser does not support the video tag.                <\/video>\n                <div class=\"video-controls\">\n\n                    <div class=\"exit-button\">\n                        <svg class=\"icon-close\">\n                            <use xlink:href=\"https:\/\/staging.bordier.com\/wp-content\/themes\/bordier-wp\/assets\/img\/icons.svg#icon-close\"><\/use>\n                        <\/svg>\n                    <\/div>\n    \n                    <div class=\"play-button\">\n    \n                        <div class=\"play-icon\" data-status=\"play\">\n                            <svg class=\"icon-play\">\n                                <use xlink:href=\"https:\/\/staging.bordier.com\/wp-content\/themes\/bordier-wp\/assets\/img\/icons.svg#icon-play\"><\/use>\n                            <\/svg>\n                        <\/div>\n    \n                        <div class=\"play-icon\" data-status=\"pause\">\n                            <svg class=\"icon-pause\">\n                                <use xlink:href=\"https:\/\/staging.bordier.com\/wp-content\/themes\/bordier-wp\/assets\/img\/icons.svg#icon-pause\"><\/use>\n                            <\/svg>\n                        <\/div>\n    \n                    <\/div>\n\n                    <div class=\"bottom-controls\">\n\n                        <span class=\"video-length\"><\/span>\n                        \n                        <div class=\"progress-bar\"> \n                            <div class=\"time-bar\"><\/div>\n                            <input class=\"vimeovideo-progress-seek\" type=\"range\" min=\"0\" max=\"100\" step=\"0.1\" value=\"0\" data-vimeovideo=\"seek\">\n                            <progress class=\"vimeovideo-progress-played\" max=\"100\" value=\"0\" role=\"presentation\"><\/progress>\n                        <\/div>\n\n                        <div class=\"left-side\">\n                            <div class=\"small-play-button\">\n\n                                <svg class=\"icon-play\">\n                                    <use xlink:href=\"https:\/\/staging.bordier.com\/wp-content\/themes\/bordier-wp\/assets\/img\/icons.svg#icon-play\"><\/use>\n                                <\/svg>\n\n                                <svg class=\"icon-pause\">\n                                    <use xlink:href=\"https:\/\/staging.bordier.com\/wp-content\/themes\/bordier-wp\/assets\/img\/icons.svg#icon-pause\"><\/use>\n                                <\/svg>\n\n                            <\/div>\n                        <\/div>\n\n                        <div class=\"right-side\">\n\n                            <div class=\"volume-control\">\n            \n                                <div class=\"mute-icon\" data-status=\"muted\">\n                                    <svg class=\"icon-mute\">\n                                        <use xlink:href=\"https:\/\/staging.bordier.com\/wp-content\/themes\/bordier-wp\/assets\/img\/icons.svg#icon-mute\"><\/use>\n                                    <\/svg>\n                                <\/div>\n                                <div class=\"mute-icon\" data-status=\"unmuted\">\n                                    <svg class=\"icon-unmute\">\n                                        <use xlink:href=\"https:\/\/staging.bordier.com\/wp-content\/themes\/bordier-wp\/assets\/img\/icons.svg#icon-unmute\"><\/use>\n                                    <\/svg>\n                                <\/div>\n            \n                            <\/div>\n\n                            <div class=\"expand\">\n                                <svg class=\"icon-expand\">\n                                    <use xlink:href=\"https:\/\/staging.bordier.com\/wp-content\/themes\/bordier-wp\/assets\/img\/icons.svg#icon-expand\"><\/use>\n                                <\/svg>\n\n                                <svg class=\"icon-collapse\">\n                                    <use xlink:href=\"https:\/\/staging.bordier.com\/wp-content\/themes\/bordier-wp\/assets\/img\/icons.svg#icon-collapse\"><\/use>\n                                <\/svg>\n                            <\/div>\n\n                        <\/div>\n\n                    <\/div>\n    \n                <\/div>\n            <\/div>\n        <\/div>\n\n    \n        <div class=\"video-controls\">\n\n            <div class=\"play-button\">\n\n                <div class=\"play-icon\" data-status=\"play\">\n                    <svg class=\"icon-play\">\n                        <use xlink:href=\"https:\/\/staging.bordier.com\/wp-content\/themes\/bordier-wp\/assets\/img\/icons.svg#icon-play\"><\/use>\n                    <\/svg>\n                <\/div>\n\n                <div class=\"play-icon\" data-status=\"pause\">\n                    <svg class=\"icon-pause\">\n                        <use xlink:href=\"https:\/\/staging.bordier.com\/wp-content\/themes\/bordier-wp\/assets\/img\/icons.svg#icon-pause\"><\/use>\n                    <\/svg>\n                <\/div>\n\n            <\/div>\n\n        <\/div>\n\n\n                    <figure class=\"video-cover\">\n                <img decoding=\"async\" src=\"https:\/\/staging.bordier.com\/wp-content\/uploads\/2024\/07\/video-poster-img-1.jpg\" alt=\"Video Cover\">\n            <\/figure>\n        \n    <\/figure>\n\n    \n<\/section>\n\n<\/div><\/div>\n\n\n\n<h6 class=\"wp-block-heading no-bottom-spacing\">Unsere Anlagephilosophie<\/h6>\n\n\n\n<h3 class=\"wp-block-heading\">Bewahrung <em>setzt sich durch<\/em><\/h3>\n\n\n\n<div class=\"wp-block-group wrapper-s\"><div class=\"wp-block-group__inner-container is-layout-constrained wp-block-group-is-layout-constrained\">\n<p>Kapitalerhalt hat sich seit langem als das beste  <br\/>Treiber der langfristigen Portfolio-Performance.<\/p>\n<\/div><\/div>\n<\/div><\/div>\n\n<div class=\"wp-block-group wrapper-s\"><div class=\"wp-block-group__inner-container is-layout-constrained wp-block-group-is-layout-constrained\">\n<h3 class=\"wp-block-heading\">Ann\u00e4herung<\/h3>\n\n\n\n<ul class=\"wp-block-list line-list text-indent-s\">\n<li>Priorisieren Sie Ihre Pr\u00e4ferenzen, bewahren Sie Ihr Verm\u00f6gen<\/li>\n\n\n\n<li>Multi-Manager, Multi-Markt, Multi-Asset-Ansatz<\/li>\n\n\n\n<li>Als Unabh\u00e4ngige haben wir keine Interessenkonflikte<\/li>\n<\/ul>\n\n\n\n<h3 class=\"wp-block-heading\">Bauwesen<\/h3>\n\n\n\n<ul class=\"wp-block-list line-list text-indent-s\">\n<li>Aktive und zeitnahe Verwaltung Ihres Portfolios<\/li>\n\n\n\n<li>Betonung auf Verm\u00f6gens- und Kapitalschutz<\/li>\n\n\n\n<li>Strategische und diversifizierte Verm\u00f6gensallokation<\/li>\n<\/ul>\n\n\n\n<h3 class=\"wp-block-heading\">Management<\/h3>\n\n\n\n<ul class=\"wp-block-list line-list text-indent-s\">\n<li>Wir verwenden eine Mischung aus direkten Beteiligungen und offener Architektur<\/li>\n\n\n\n<li>Taktisches Overlay, bereit zur Anpassung an sich ver\u00e4ndernde M\u00e4rkte<\/li>\n<\/ul>\n<\/div><\/div>\n\n<figure class=\"wp-block-image size-full full-size-img\"><img loading=\"lazy\" decoding=\"async\" width=\"1440\" height=\"645\" src=\"https:\/\/staging.bordier.com\/wp-content\/uploads\/2024\/08\/bordier-hero-tree-2-2.jpg\" alt=\"Solar Stratos Flugzeug\" class=\"wp-image-4002\" srcset=\"https:\/\/staging.bordier.com\/wp-content\/uploads\/2024\/08\/bordier-hero-tree-2-2.jpg 1440w, https:\/\/staging.bordier.com\/wp-content\/uploads\/2024\/08\/bordier-hero-tree-2-2-300x134.jpg 300w, https:\/\/staging.bordier.com\/wp-content\/uploads\/2024\/08\/bordier-hero-tree-2-2-1024x459.jpg 1024w, https:\/\/staging.bordier.com\/wp-content\/uploads\/2024\/08\/bordier-hero-tree-2-2-768x344.jpg 768w\" sizes=\"auto, (max-width: 1440px) 100vw, 1440px\" \/><\/figure>\n\n<div class=\"wp-block-group boxed offset-top-m wrapper-m items-border-bottom\"><div class=\"wp-block-group__inner-container is-layout-constrained wp-block-group-is-layout-constrained\">\n<div class=\"wp-block-group wrapper-s\"><div class=\"wp-block-group__inner-container is-layout-constrained wp-block-group-is-layout-constrained\">\n<h2 class=\"wp-block-heading has-text-align-left text-indent-l tablet-no-indent\">Investieren in<br\/><strong><em>Was kommt als N\u00e4chstes?<\/em><\/strong><\/h2>\n<\/div><\/div>\n\n\n\n<section id=\"section-block_67f815d207f80c59b16f553321cb9bc9\" class=\"content-list-outer type-numbered-list-v2\">\n    <div class=\"holder\">\n                    <div class=\"content-list\">\n                                    <div class=\"content-list-item \">\n                                                <div class=\"content-holder\">\n                            <h6>Privates Eigenkapital<\/h6>\n<h3>Die Investoren wollen es,<br \/>\n<strong><em>wir machen es wahr<\/em><\/strong><\/h3>\n<p>Private Equity ist sehr begehrt und schwer zu bekommen. Bordier ist in der Lage, Ihnen durch unsere starken und langj\u00e4hrigen Verbindungen Zugang zu verschaffen.<\/p>\n                        <\/div>\n                                                \n                        <div class=\"video-holder custom-video-outer\">\n\n                            <figure class=\"custom-video\">\n\n                                <div class=\"video-popup-holder\">\n                                    <div class=\"video-holder\">\n                                        <video loop playsinline>\n                                            <source src=\"http:\/\/commondatastorage.googleapis.com\/gtv-videos-bucket\/sample\/ForBiggerFun.mp4\" type=\"video\/mp4\">\n                                            Your browser does not support the video tag.                                        <\/video>\n                                        <div class=\"video-controls\">\n\n                                            <div class=\"exit-button\">\n                                                <svg class=\"icon-close\">\n                                                    <use xlink:href=\"https:\/\/staging.bordier.com\/wp-content\/themes\/bordier-wp\/assets\/img\/icons.svg#icon-close\"><\/use>\n                                                <\/svg>\n                                            <\/div>\n\n                                            <div class=\"play-button\">\n\n                                                <div class=\"play-icon\" data-status=\"play\">\n                                                    <svg class=\"icon-play\">\n                                                        <use xlink:href=\"https:\/\/staging.bordier.com\/wp-content\/themes\/bordier-wp\/assets\/img\/icons.svg#icon-play\"><\/use>\n                                                    <\/svg>\n                                                <\/div>\n\n                                                <div class=\"play-icon\" data-status=\"pause\">\n                                                    <svg class=\"icon-pause\">\n                                                        <use xlink:href=\"https:\/\/staging.bordier.com\/wp-content\/themes\/bordier-wp\/assets\/img\/icons.svg#icon-pause\"><\/use>\n                                                    <\/svg>\n                                                <\/div>\n\n                                            <\/div>\n\n                                            <div class=\"bottom-controls\">\n\n                                                <span class=\"video-length\"><\/span>\n                                                \n                                                <div class=\"progress-bar\"> \n                                                    <div class=\"time-bar\"><\/div>\n                                                    <input class=\"vimeovideo-progress-seek\" type=\"range\" min=\"0\" max=\"100\" step=\"0.1\" value=\"0\" data-vimeovideo=\"seek\">\n                                                    <progress class=\"vimeovideo-progress-played\" max=\"100\" value=\"0\" role=\"presentation\"><\/progress>\n                                                <\/div>\n\n                                                <div class=\"left-side\">\n                                                    <div class=\"small-play-button\">\n\n                                                        <svg class=\"icon-play\">\n                                                            <use xlink:href=\"https:\/\/staging.bordier.com\/wp-content\/themes\/bordier-wp\/assets\/img\/icons.svg#icon-play\"><\/use>\n                                                        <\/svg>\n\n                                                        <svg class=\"icon-pause\">\n                                                            <use xlink:href=\"https:\/\/staging.bordier.com\/wp-content\/themes\/bordier-wp\/assets\/img\/icons.svg#icon-pause\"><\/use>\n                                                        <\/svg>\n\n                                                    <\/div>\n                                                <\/div>\n\n                                                <div class=\"right-side\">\n\n                                                    <div class=\"volume-control\">\n                                    \n                                                        <div class=\"mute-icon\" data-status=\"muted\">\n                                                            <svg class=\"icon-mute\">\n                                                                <use xlink:href=\"https:\/\/staging.bordier.com\/wp-content\/themes\/bordier-wp\/assets\/img\/icons.svg#icon-mute\"><\/use>\n                                                            <\/svg>\n                                                        <\/div>\n                                                        <div class=\"mute-icon\" data-status=\"unmuted\">\n                                                            <svg class=\"icon-unmute\">\n                                                                <use xlink:href=\"https:\/\/staging.bordier.com\/wp-content\/themes\/bordier-wp\/assets\/img\/icons.svg#icon-unmute\"><\/use>\n                                                            <\/svg>\n                                                        <\/div>\n                                    \n                                                    <\/div>\n\n                                                    <div class=\"expand\">\n                                                        <svg class=\"icon-expand\">\n                                                            <use xlink:href=\"https:\/\/staging.bordier.com\/wp-content\/themes\/bordier-wp\/assets\/img\/icons.svg#icon-expand\"><\/use>\n                                                        <\/svg>\n\n                                                        <svg class=\"icon-collapse\">\n                                                            <use xlink:href=\"https:\/\/staging.bordier.com\/wp-content\/themes\/bordier-wp\/assets\/img\/icons.svg#icon-collapse\"><\/use>\n                                                        <\/svg>\n                                                    <\/div>\n\n                                                <\/div>\n\n                                            <\/div>\n\n                                        <\/div>\n                                    <\/div>\n                                <\/div>\n\n                                <div class=\"video-controls\">\n\n                                    <div class=\"play-button\">\n\n                                        <div class=\"play-icon\" data-status=\"play\">\n                                            <svg class=\"icon-play\">\n                                                <use xlink:href=\"https:\/\/staging.bordier.com\/wp-content\/themes\/bordier-wp\/assets\/img\/icons.svg#icon-play\"><\/use>\n                                            <\/svg>\n                                        <\/div>\n\n                                        <div class=\"play-icon\" data-status=\"pause\">\n                                            <svg class=\"icon-pause\">\n                                                <use xlink:href=\"https:\/\/staging.bordier.com\/wp-content\/themes\/bordier-wp\/assets\/img\/icons.svg#icon-pause\"><\/use>\n                                            <\/svg>\n                                        <\/div>\n\n                                    <\/div>\n\n                                <\/div>\n\n                                                                    <figure class=\"video-cover\">\n                                        <img decoding=\"async\" src=\"https:\/\/staging.bordier.com\/wp-content\/uploads\/2024\/11\/Screenshot-2024-11-13-at-16.26.00.png\" alt=\"Video Cover\">\n                                    <\/figure>\n                                \n                            <\/figure>\n\n                        <\/div>\n\n                                            <\/div>\n                                    <div class=\"content-list-item \">\n                                                <div class=\"content-holder\">\n                            <h6>Krypto<\/h6>\n<h3>Einfacher<br \/>\n<strong><em>und sicherer<\/em><\/strong><\/h3>\n<p>Wir haben Investitionen in digitale Verm\u00f6genswerte in unsere Hauptplattform integriert. So k\u00f6nnen Sie Kryptow\u00e4hrungen mit der h\u00f6chsten Sicherheitsstufe handeln, die von einer in der Schweiz regulierten Bank geboten wird.<\/p>\n                        <\/div>\n                                                                    <\/div>\n                                    <div class=\"content-list-item \">\n                                                <div class=\"content-holder\">\n                            <h6>Innovation<\/h6>\n<h3>Die Leute reden es<br \/>\n<strong><em>wir tun es<\/em><\/strong><\/h3>\n<p>Bordier blickt \u00fcber den Tellerrand der traditionellen Anlagemodelle hinaus und innoviert, was die Anleger suchen. Durch die Mischung von traditionellen und nicht-traditionellen Fonds, Private Equity, Private Debt und komplexen strukturierten Produkten finden wir f\u00fcr Sie neue Wege zum Wachstum.<\/p>\n                        <\/div>\n                                                                    <\/div>\n                            <\/div>\n            <\/div>\n<\/section><\/div><\/div>\n\n<div class=\"wp-block-cover right-text\" style=\"min-height:10vw;aspect-ratio:unset;\"><span aria-hidden=\"true\" class=\"wp-block-cover__background has-black-background-color has-background-dim-20 has-background-dim\"><\/span><img alt=\"\" loading=\"lazy\" decoding=\"async\" width=\"2560\" height=\"907\" class=\"wp-block-cover__image-background wp-image-5549\" alt=\"\" src=\"https:\/\/staging.bordier.com\/wp-content\/uploads\/2024\/10\/Rectangle-scaled.jpg\" data-object-fit=\"cover\" srcset=\"https:\/\/staging.bordier.com\/wp-content\/uploads\/2024\/10\/Rectangle-scaled.jpg 2560w, https:\/\/staging.bordier.com\/wp-content\/uploads\/2024\/10\/Rectangle-300x106.jpg 300w, https:\/\/staging.bordier.com\/wp-content\/uploads\/2024\/10\/Rectangle-1024x363.jpg 1024w, https:\/\/staging.bordier.com\/wp-content\/uploads\/2024\/10\/Rectangle-768x272.jpg 768w, https:\/\/staging.bordier.com\/wp-content\/uploads\/2024\/10\/Rectangle-1536x544.jpg 1536w, https:\/\/staging.bordier.com\/wp-content\/uploads\/2024\/10\/Rectangle-2048x726.jpg 2048w\" sizes=\"auto, (max-width: 2560px) 100vw, 2560px\" \/><div class=\"wp-block-cover__inner-container is-layout-constrained wp-block-cover-is-layout-constrained\">\n<div class=\"wp-block-group\"><div class=\"wp-block-group__inner-container is-layout-constrained wp-block-group-is-layout-constrained\">\n<h4 class=\"wp-block-heading has-text-align-left has-large-font-size\">Willkommen in der <em>Familie<\/em><\/h4>\n\n\n\n<p class=\"has-small-font-size\">Kontaktieren Sie Bordier, um Ihre Geschichte zu erz\u00e4hlen.<\/p>\n\n\n\n<div class=\"wp-block-buttons is-layout-flex wp-block-buttons-is-layout-flex\">\n<div class=\"wp-block-button is-style-fill blured\"><a class=\"wp-block-button__link wp-element-button\"><strong>KONTAKT<\/strong><\/a><\/div>\n<\/div>\n<\/div><\/div>\n<\/div><\/div>\n","protected":false},"excerpt":{"rendered":"<p>Unser Auftrag Schutz und nachhaltiges Wachstum In einer sich st\u00e4ndig ver\u00e4ndernden Welt ist es unsere &#8230;<\/p>\n","protected":false},"author":1,"featured_media":0,"parent":11086,"menu_order":10,"comment_status":"closed","ping_status":"closed","template":"","meta":{"_acf_changed":false,"_seopress_robots_primary_cat":"","_seopress_titles_title":"","_seopress_titles_desc":"","_seopress_robots_index":"","footnotes":""},"class_list":["post-11099","page","type-page","status-publish","hentry"],"acf":[],"_links":{"self":[{"href":"https:\/\/staging.bordier.com\/de\/wp-json\/wp\/v2\/pages\/11099","targetHints":{"allow":["GET"]}}],"collection":[{"href":"https:\/\/staging.bordier.com\/de\/wp-json\/wp\/v2\/pages"}],"about":[{"href":"https:\/\/staging.bordier.com\/de\/wp-json\/wp\/v2\/types\/page"}],"author":[{"embeddable":true,"href":"https:\/\/staging.bordier.com\/de\/wp-json\/wp\/v2\/users\/1"}],"replies":[{"embeddable":true,"href":"https:\/\/staging.bordier.com\/de\/wp-json\/wp\/v2\/comments?post=11099"}],"version-history":[{"count":3,"href":"https:\/\/staging.bordier.com\/de\/wp-json\/wp\/v2\/pages\/11099\/revisions"}],"predecessor-version":[{"id":12998,"href":"https:\/\/staging.bordier.com\/de\/wp-json\/wp\/v2\/pages\/11099\/revisions\/12998"}],"up":[{"embeddable":true,"href":"https:\/\/staging.bordier.com\/de\/wp-json\/wp\/v2\/pages\/11086"}],"wp:attachment":[{"href":"https:\/\/staging.bordier.com\/de\/wp-json\/wp\/v2\/media?parent=11099"}],"curies":[{"name":"wp","href":"https:\/\/api.w.org\/{rel}","templated":true}]}}