{"id":11111,"date":"2024-06-21T12:00:00","date_gmt":"2024-06-21T12:00:00","guid":{"rendered":"https:\/\/staging.bordier.com\/loesungen\/dienstleistungen-fuer-familien\/"},"modified":"2025-01-20T14:35:28","modified_gmt":"2025-01-20T14:35:28","slug":"dienstleistungen-fuer-familien","status":"publish","type":"page","link":"https:\/\/staging.bordier.com\/de\/loesungen\/dienstleistungen-fuer-familien\/","title":{"rendered":"Dienstleistungen f\u00fcr Familien"},"content":{"rendered":"\n<section id=\"section-block_bcb8d9a27ae937e94b1055e8daeb5c6e\" class=\"page-hero-outer type-default\">\n    <div class=\"holder\">\n        <div class=\"page-hero-content\">\n            <div class=\"acf-innerblocks-container\">\n\n<h6 class=\"wp-block-heading\">Bordier Familienservice<\/h6>\n\n\n\n<h1 class=\"wp-block-heading text-indent-s force-two-lines\">Jede Sache, und<br><strong>alle, <em>im Einklang<\/em><\/strong><\/h1>\n\n<\/div>        <\/div>\n    <\/div>\n        <figure class=\"page-hero-bg\">\n        <img decoding=\"async\" \n            src=\"https:\/\/staging.bordier.com\/wp-content\/uploads\/2024\/07\/heero-family.jpg\" \n            srcset=\"https:\/\/staging.bordier.com\/wp-content\/uploads\/2024\/07\/heero-family.jpg 2160w, https:\/\/staging.bordier.com\/wp-content\/uploads\/2024\/07\/heero-family-300x160.jpg 300w, https:\/\/staging.bordier.com\/wp-content\/uploads\/2024\/07\/heero-family-1024x546.jpg 1024w, https:\/\/staging.bordier.com\/wp-content\/uploads\/2024\/07\/heero-family-768x410.jpg 768w, https:\/\/staging.bordier.com\/wp-content\/uploads\/2024\/07\/heero-family-1536x819.jpg 1536w, https:\/\/staging.bordier.com\/wp-content\/uploads\/2024\/07\/heero-family-2048x1092.jpg 2048w\"\n            alt=\"\"\n        >\n    <\/figure>\n    <\/section>\n\n\n<div class=\"wp-block-group spacing-bottom-0\"><div class=\"wp-block-group__inner-container is-layout-constrained wp-block-group-is-layout-constrained\">\n<div class=\"wp-block-group wrapper-s\"><div class=\"wp-block-group__inner-container is-layout-constrained wp-block-group-is-layout-constrained\">\n<h3 class=\"wp-block-heading text-indent-l\">Wir machen <em>Familienverm\u00f6gen<\/em> eine Menge<br><strong>weniger <em>kompliziert<\/em><\/strong><\/h3>\n<\/div><\/div>\n\n\n\n<section id=\"section-block_0b7dabd6c999c5487bc59700e46f821b\" class=\"content-list-outer type-default\">\n    <div class=\"holder\">\n                    <div class=\"content-list\">\n                                    <div class=\"content-list-item \">\n                                                <hgroup>\n                            <h4>Plan<\/h4>\n                                                    <\/hgroup>\n                                                <div class=\"content-holder\">\n                            <p>Ma\u00dfgeschneiderte Anlagestrategien und Asset Allocation, die auf Ihre Ziele und W\u00fcnsche abgestimmt sind. Wir erstellen einen umsetzbaren Fahrplan f\u00fcr zuk\u00fcnftige Generationen.<\/p>\n                        <\/div>\n                                                                    <\/div>\n                                    <div class=\"content-list-item \">\n                                                <hgroup>\n                            <h4>Sch\u00fctzen Sie<\/h4>\n                                                    <\/hgroup>\n                                                <div class=\"content-holder\">\n                            <p>Robuste Strategien zum Schutz des Verm\u00f6gens und zum Risikomanagement, um das Verm\u00f6gen zu erhalten. Wir sch\u00fctzen das Familienverm\u00f6gen durch die Volatilit\u00e4t der M\u00e4rkte und die sich ver\u00e4ndernden Bedingungen.<\/p>\n                        <\/div>\n                                                                    <\/div>\n                                    <div class=\"content-list-item \">\n                                                <hgroup>\n                            <h4>Frieden<\/h4>\n                                                    <\/hgroup>\n                                                <div class=\"content-holder\">\n                            <p>Die Finanzwelt mag komplex sein, aber wir sorgen daf\u00fcr, dass Sie es nicht sind. Wir halten Ihre Familie auf dem Laufenden, bef\u00e4higen sie und beruhigen sie.<\/p>\n                        <\/div>\n                                                                    <\/div>\n                            <\/div>\n            <\/div>\n<\/section>\n\n\n<div class=\"wp-block-group wrapper-s\"><div class=\"wp-block-group__inner-container is-layout-constrained wp-block-group-is-layout-constrained\"><\/div><\/div>\n<\/div><\/div>\n\n\n\n<div class=\"wp-block-group wrapper-s background-light\"><div class=\"wp-block-group__inner-container is-layout-constrained wp-block-group-is-layout-constrained\">\n<h6 class=\"wp-block-heading has-text-align-center\">Family Office Verm\u00f6gensplanung<\/h6>\n\n\n\n<h1 class=\"wp-block-heading has-text-align-center has-medium-font-size\">Eine Zukunft<\/h1>\n\n\n\n<h1 class=\"wp-block-heading has-text-align-center has-medium-font-size\">sicherer<\/h1>\n\n\n\n<p class=\"has-text-align-center\">\u00dcber Grenzen, \u00fcber Unternehmen und \u00fcber Generationen hinweg.<\/p>\n<\/div><\/div>\n\n\n\n<div class=\"wp-block-group wrapper-m offset-top-m\"><div class=\"wp-block-group__inner-container is-layout-constrained wp-block-group-is-layout-constrained\">\n<figure class=\"wp-block-image size-full\"><img alt=\"\" loading=\"lazy\" decoding=\"async\" width=\"1695\" height=\"968\" src=\"https:\/\/staging.bordier.com\/wp-content\/uploads\/2024\/08\/family-services-img.jpg\" alt=\"\" class=\"wp-image-3278\" srcset=\"https:\/\/staging.bordier.com\/wp-content\/uploads\/2024\/08\/family-services-img.jpg 1695w, https:\/\/staging.bordier.com\/wp-content\/uploads\/2024\/08\/family-services-img-300x171.jpg 300w, https:\/\/staging.bordier.com\/wp-content\/uploads\/2024\/08\/family-services-img-1024x585.jpg 1024w, https:\/\/staging.bordier.com\/wp-content\/uploads\/2024\/08\/family-services-img-768x439.jpg 768w, https:\/\/staging.bordier.com\/wp-content\/uploads\/2024\/08\/family-services-img-1536x877.jpg 1536w\" sizes=\"auto, (max-width: 1695px) 100vw, 1695px\" \/><\/figure>\n<\/div><\/div>\n\n\n\n<div class=\"wp-block-group wrapper-s spacing-vertical-0\"><div class=\"wp-block-group__inner-container is-layout-constrained wp-block-group-is-layout-constrained\">\n<h2 class=\"wp-block-heading text-indent-xl mobile-no-indent tablet-no-indent\">Familie ist in<br><strong><em>unsere dna<\/em><\/strong><\/h2>\n<\/div><\/div>\n\n\n\n<div class=\"wp-block-group spacing-vertical-0 wrapper-m\"><div class=\"wp-block-group__inner-container is-layout-constrained wp-block-group-is-layout-constrained\">\n<h3 class=\"wp-block-heading text-indent-s with-line\">Eine Privatbank wei\u00df eine Menge \u00fcber <em>Geld<\/em>, aber<br><strong>sehr wenig \u00fcber die <em>Feinheiten der Familie<\/em>.<\/strong><\/h3>\n<\/div><\/div>\n\n\n\n<div class=\"wp-block-group wrapper-xs\"><div class=\"wp-block-group__inner-container is-layout-constrained wp-block-group-is-layout-constrained\">\n<p>Bordier ist eines der weltweit gr\u00f6\u00dften Multi-Family-Offices und eine der seltenen Privatbanken, die von einer Familie gegr\u00fcndet wurde und sich seit 1844 ununterbrochen in Familienbesitz und -management befindet. Wir sind der lebende Beweis f\u00fcr eine erfolgreiche Erbschafts- und Nachfolgeplanung. <\/p>\n\n\n\n<p>Lassen Sie unsere Familie das Gleiche f\u00fcr Ihre tun.<\/p>\n<\/div><\/div>\n\n\n\n<div class=\"wp-block-cover right-text\" style=\"min-height:10vw;aspect-ratio:unset;\"><span aria-hidden=\"true\" class=\"wp-block-cover__background has-black-background-color has-background-dim-20 has-background-dim\"><\/span><img alt=\"\" loading=\"lazy\" decoding=\"async\" width=\"2560\" height=\"907\" class=\"wp-block-cover__image-background wp-image-5549\" alt=\"\" src=\"https:\/\/staging.bordier.com\/wp-content\/uploads\/2024\/10\/Rectangle-scaled.jpg\" data-object-fit=\"cover\" srcset=\"https:\/\/staging.bordier.com\/wp-content\/uploads\/2024\/10\/Rectangle-scaled.jpg 2560w, https:\/\/staging.bordier.com\/wp-content\/uploads\/2024\/10\/Rectangle-300x106.jpg 300w, https:\/\/staging.bordier.com\/wp-content\/uploads\/2024\/10\/Rectangle-1024x363.jpg 1024w, https:\/\/staging.bordier.com\/wp-content\/uploads\/2024\/10\/Rectangle-768x272.jpg 768w, https:\/\/staging.bordier.com\/wp-content\/uploads\/2024\/10\/Rectangle-1536x544.jpg 1536w, https:\/\/staging.bordier.com\/wp-content\/uploads\/2024\/10\/Rectangle-2048x726.jpg 2048w\" sizes=\"auto, (max-width: 2560px) 100vw, 2560px\" \/><div class=\"wp-block-cover__inner-container is-layout-constrained wp-block-cover-is-layout-constrained\">\n<div class=\"wp-block-group\"><div class=\"wp-block-group__inner-container is-layout-constrained wp-block-group-is-layout-constrained\">\n<h4 class=\"wp-block-heading has-text-align-left has-large-font-size\">Willkommen in der <em>Familie<\/em><\/h4>\n\n\n\n<p class=\"has-small-font-size\">Sprechen Sie mit uns dar\u00fcber, wie wir Ihrer Familie helfen k\u00f6nnen.<\/p>\n\n\n\n<div class=\"wp-block-buttons is-layout-flex wp-block-buttons-is-layout-flex\">\n<div class=\"wp-block-button is-style-fill blured\"><a class=\"wp-block-button__link wp-element-button\" href=\"https:\/\/staging.bordier.com\/de\/kontaktieren-sie-uns\/\"><strong>KONTAKT<\/strong><\/a><\/div>\n<\/div>\n<\/div><\/div>\n<\/div><\/div>\n","protected":false},"excerpt":{"rendered":"<p>Wir machen Familienverm\u00f6gen eine Mengeweniger kompliziert Family Office Verm\u00f6gensplanung Eine Zukunft sicherer \u00dcber Grenzen, \u00fcber &#8230;<\/p>\n","protected":false},"author":1,"featured_media":0,"parent":11086,"menu_order":30,"comment_status":"closed","ping_status":"closed","template":"","meta":{"_acf_changed":false,"_seopress_robots_primary_cat":"","_seopress_titles_title":"","_seopress_titles_desc":"","_seopress_robots_index":"","footnotes":""},"class_list":["post-11111","page","type-page","status-publish","hentry"],"acf":[],"_links":{"self":[{"href":"https:\/\/staging.bordier.com\/de\/wp-json\/wp\/v2\/pages\/11111","targetHints":{"allow":["GET"]}}],"collection":[{"href":"https:\/\/staging.bordier.com\/de\/wp-json\/wp\/v2\/pages"}],"about":[{"href":"https:\/\/staging.bordier.com\/de\/wp-json\/wp\/v2\/types\/page"}],"author":[{"embeddable":true,"href":"https:\/\/staging.bordier.com\/de\/wp-json\/wp\/v2\/users\/1"}],"replies":[{"embeddable":true,"href":"https:\/\/staging.bordier.com\/de\/wp-json\/wp\/v2\/comments?post=11111"}],"version-history":[{"count":3,"href":"https:\/\/staging.bordier.com\/de\/wp-json\/wp\/v2\/pages\/11111\/revisions"}],"predecessor-version":[{"id":13498,"href":"https:\/\/staging.bordier.com\/de\/wp-json\/wp\/v2\/pages\/11111\/revisions\/13498"}],"up":[{"embeddable":true,"href":"https:\/\/staging.bordier.com\/de\/wp-json\/wp\/v2\/pages\/11086"}],"wp:attachment":[{"href":"https:\/\/staging.bordier.com\/de\/wp-json\/wp\/v2\/media?parent=11111"}],"curies":[{"name":"wp","href":"https:\/\/api.w.org\/{rel}","templated":true}]}}