{"id":11177,"date":"2024-07-08T08:43:17","date_gmt":"2024-07-08T08:43:17","guid":{"rendered":"https:\/\/staging.bordier.com\/kollaborationen\/"},"modified":"2024-11-21T13:43:08","modified_gmt":"2024-11-21T13:43:08","slug":"kollaborationen","status":"publish","type":"page","link":"https:\/\/staging.bordier.com\/de\/kollaborationen\/","title":{"rendered":"Kollaborationen"},"content":{"rendered":"\n<section id=\"section-block_dec251ba4dbc925b1ad6dda06b6e259e\" class=\"page-hero-outer type-default\">\n    <div class=\"holder\">\n        <div class=\"page-hero-content\">\n            <div class=\"acf-innerblocks-container\">\n\n<h6 class=\"wp-block-heading\">Zusammenarbeit<\/h6>\n\n\n\n<h1 class=\"wp-block-heading text-indent-m mobile-no-indent\">Wir <em>glauben<\/em> an <br\/><strong>geteiltes <em>Wissen<\/em><\/strong><\/h1>\n\n<\/div>        <\/div>\n    <\/div>\n        <figure class=\"page-hero-bg\">\n        <img decoding=\"async\" \n            src=\"https:\/\/staging.bordier.com\/wp-content\/uploads\/2024\/08\/bordier-collaboration-hero.jpg\" \n            srcset=\"https:\/\/staging.bordier.com\/wp-content\/uploads\/2024\/08\/bordier-collaboration-hero.jpg 1440w, https:\/\/staging.bordier.com\/wp-content\/uploads\/2024\/08\/bordier-collaboration-hero-300x160.jpg 300w, https:\/\/staging.bordier.com\/wp-content\/uploads\/2024\/08\/bordier-collaboration-hero-1024x546.jpg 1024w, https:\/\/staging.bordier.com\/wp-content\/uploads\/2024\/08\/bordier-collaboration-hero-768x410.jpg 768w\"\n            alt=\"\"\n        >\n    <\/figure>\n    <\/section>\n<div class=\"wp-block-group wrapper-s\"><div class=\"wp-block-group__inner-container is-layout-constrained wp-block-group-is-layout-constrained\">\n<p>Als Verm\u00f6gensverwalter wissen wir, dass Private Banking mehr ist als nur Finanzprodukte und Performance. Wir arbeiten mit externen Verm\u00f6gensverwaltern und deren Kunden, Finanzinstituten sowie Gesch\u00e4ftspartnern zusammen, die ihr Fachwissen in einer Reihe von Branchen wie Recht, Buchhaltung, Steuern, Fintech, Kunst usw. einbringen. <\/p>\n<\/div><\/div>\n\n<div id=\"external-asset-managers\" class=\"wp-block-group wrapper-m background-light spacing-vertical-s\"><div class=\"wp-block-group__inner-container is-layout-constrained wp-block-group-is-layout-constrained\">\n<h3 class=\"wp-block-heading\">Externe <em>Verm\u00f6gensverwalter<\/em><\/h3>\n\n\n\n<div class=\"wp-block-group wrapper-s spacing-bottom-m\"><div class=\"wp-block-group__inner-container is-layout-constrained wp-block-group-is-layout-constrained\">\n<hr class=\"wp-block-separator has-alpha-channel-opacity spacing-vertical-s\"\/>\n\n\n\n<h4 class=\"wp-block-heading\">Aufbau einer wertvollen langfristigen <em>Partnerschaft<\/em>, die auf gegenseitigem <em>Respekt und Vertrauen<\/em> basiert.<\/h4>\n\n\n\n<p>Unser agiler, kooperativer und unternehmerischer Charakter erm\u00f6glicht es uns, unsere Dienstleistungen so zu gestalten, dass sie Ihr Gesch\u00e4ft unterst\u00fctzen. Wir bieten Ihnen alle Werkzeuge und die Unterst\u00fctzung, die Sie ben\u00f6tigen, um langfristige Beziehungen aufzubauen, von denen Sie und Ihre Kunden profitieren. <\/p>\n\n\n\n<p>Wir w\u00e4hlen unsere Partner sorgf\u00e4ltig aus und haben in der Vergangenheit wertvolle langfristige Partnerschaften aufgebaut, die auf gegenseitigem Respekt und Vertrauen beruhen und von Generation zu Generation weitergegeben werden.<\/p>\n<\/div><\/div>\n\n\n\n<h3 class=\"wp-block-heading\">Strategische <em>Zusammenarbeit<\/em><\/h3>\n\n\n\n<div class=\"wp-block-group wrapper-s spacing-vertical-s\"><div class=\"wp-block-group__inner-container is-layout-constrained wp-block-group-is-layout-constrained\">\n<hr class=\"wp-block-separator has-alpha-channel-opacity spacing-vertical-s\"\/>\n\n\n\n<h4 class=\"wp-block-heading\">Wir arbeiten eng mit <em>Finanzinstituten<\/em> zusammen, um ihre Onshore-Dienstleistungen f\u00fcr <em>Privatkunden<\/em> zu verbessern.<\/h4>\n\n\n\n<p>Gemeinsam werden wir einen strategischen Fahrplan erstellen, der f\u00fcr Sie und Ihr Team funktioniert.<\/p>\n\n\n\n<p>Wir stellen unser Fachwissen Institutionen zur Verf\u00fcgung, indem wir sie bei der Verbesserung ihrer Bed\u00fcrfnisse im Private Banking beraten. Von der Bereitstellung der richtigen Servicemodell-L\u00f6sungen bis hin zum Aufbau einer Private Wealth Unit von Grund auf &#8211; wir sind f\u00fcr Sie da, als langfristiger Partner. <\/p>\n\n\n\n<section id=\"section-block_f94d70b074c30617b646fd29ff296c5c\" class=\"custom-video-outer aligncenter\">\n\n    \n    <figure class=\"custom-video\">\n\n        <div class=\"video-popup-holder\">\n            <div class=\"video-holder\">\n                <video loop playsinline>\n                    <source src=\"http:\/\/commondatastorage.googleapis.com\/gtv-videos-bucket\/sample\/ForBiggerBlazes.mp4\" type=\"video\/mp4\">\n                    Your browser does not support the video tag.                <\/video>\n                <div class=\"video-controls\">\n\n                    <div class=\"exit-button\">\n                        <svg class=\"icon-close\">\n                            <use xlink:href=\"https:\/\/staging.bordier.com\/wp-content\/themes\/bordier-wp\/assets\/img\/icons.svg#icon-close\"><\/use>\n                        <\/svg>\n                    <\/div>\n    \n                    <div class=\"play-button\">\n    \n                        <div class=\"play-icon\" data-status=\"play\">\n                            <svg class=\"icon-play\">\n                                <use xlink:href=\"https:\/\/staging.bordier.com\/wp-content\/themes\/bordier-wp\/assets\/img\/icons.svg#icon-play\"><\/use>\n                            <\/svg>\n                        <\/div>\n    \n                        <div class=\"play-icon\" data-status=\"pause\">\n                            <svg class=\"icon-pause\">\n                                <use xlink:href=\"https:\/\/staging.bordier.com\/wp-content\/themes\/bordier-wp\/assets\/img\/icons.svg#icon-pause\"><\/use>\n                            <\/svg>\n                        <\/div>\n    \n                    <\/div>\n\n                    <div class=\"bottom-controls\">\n\n                        <span class=\"video-length\"><\/span>\n                        \n                        <div class=\"progress-bar\"> \n                            <div class=\"time-bar\"><\/div>\n                            <input class=\"vimeovideo-progress-seek\" type=\"range\" min=\"0\" max=\"100\" step=\"0.1\" value=\"0\" data-vimeovideo=\"seek\">\n                            <progress class=\"vimeovideo-progress-played\" max=\"100\" value=\"0\" role=\"presentation\"><\/progress>\n                        <\/div>\n\n                        <div class=\"left-side\">\n                            <div class=\"small-play-button\">\n\n                                <svg class=\"icon-play\">\n                                    <use xlink:href=\"https:\/\/staging.bordier.com\/wp-content\/themes\/bordier-wp\/assets\/img\/icons.svg#icon-play\"><\/use>\n                                <\/svg>\n\n                                <svg class=\"icon-pause\">\n                                    <use xlink:href=\"https:\/\/staging.bordier.com\/wp-content\/themes\/bordier-wp\/assets\/img\/icons.svg#icon-pause\"><\/use>\n                                <\/svg>\n\n                            <\/div>\n                        <\/div>\n\n                        <div class=\"right-side\">\n\n                            <div class=\"volume-control\">\n            \n                                <div class=\"mute-icon\" data-status=\"muted\">\n                                    <svg class=\"icon-mute\">\n                                        <use xlink:href=\"https:\/\/staging.bordier.com\/wp-content\/themes\/bordier-wp\/assets\/img\/icons.svg#icon-mute\"><\/use>\n                                    <\/svg>\n                                <\/div>\n                                <div class=\"mute-icon\" data-status=\"unmuted\">\n                                    <svg class=\"icon-unmute\">\n                                        <use xlink:href=\"https:\/\/staging.bordier.com\/wp-content\/themes\/bordier-wp\/assets\/img\/icons.svg#icon-unmute\"><\/use>\n                                    <\/svg>\n                                <\/div>\n            \n                            <\/div>\n\n                            <div class=\"expand\">\n                                <svg class=\"icon-expand\">\n                                    <use xlink:href=\"https:\/\/staging.bordier.com\/wp-content\/themes\/bordier-wp\/assets\/img\/icons.svg#icon-expand\"><\/use>\n                                <\/svg>\n\n                                <svg class=\"icon-collapse\">\n                                    <use xlink:href=\"https:\/\/staging.bordier.com\/wp-content\/themes\/bordier-wp\/assets\/img\/icons.svg#icon-collapse\"><\/use>\n                                <\/svg>\n                            <\/div>\n\n                        <\/div>\n\n                    <\/div>\n    \n                <\/div>\n            <\/div>\n        <\/div>\n\n    \n        <div class=\"video-controls\">\n\n            <div class=\"play-button\">\n\n                <div class=\"play-icon\" data-status=\"play\">\n                    <svg class=\"icon-play\">\n                        <use xlink:href=\"https:\/\/staging.bordier.com\/wp-content\/themes\/bordier-wp\/assets\/img\/icons.svg#icon-play\"><\/use>\n                    <\/svg>\n                <\/div>\n\n                <div class=\"play-icon\" data-status=\"pause\">\n                    <svg class=\"icon-pause\">\n                        <use xlink:href=\"https:\/\/staging.bordier.com\/wp-content\/themes\/bordier-wp\/assets\/img\/icons.svg#icon-pause\"><\/use>\n                    <\/svg>\n                <\/div>\n\n            <\/div>\n\n        <\/div>\n\n\n                    <figure class=\"video-cover\">\n                <img decoding=\"async\" src=\"https:\/\/staging.bordier.com\/wp-content\/uploads\/2024\/11\/Screenshot-2024-11-13-at-16.26.00.png\" alt=\"Video Cover\">\n            <\/figure>\n        \n    <\/figure>\n\n    \n<\/section>\n\n<\/div><\/div>\n\n\n\n<h3 class=\"wp-block-heading\"><em>Gesch\u00e4ftspartner<\/em><\/h3>\n\n\n\n<div class=\"wp-block-group wrapper-s spacing-vertical-s\"><div class=\"wp-block-group__inner-container is-layout-constrained wp-block-group-is-layout-constrained\">\n<hr class=\"wp-block-separator has-alpha-channel-opacity spacing-vertical-s\"\/>\n\n\n\n<h4 class=\"wp-block-heading\">Unser Boutique-Ansatz bietet ein <em>hohes Ma\u00df an<\/em> Anpassungsf\u00e4higkeit f\u00fcr <em>Sie <\/em>und die Bed\u00fcrfnisse Ihrer<em> Kunden<\/em>.<\/h4>\n\n\n\n<p>Ihre Herausforderungen und Ziele werden von einer Bank, deren Partner das Unternehmen besitzen und aktiv<em> <\/em>f\u00fchren, besser verstanden.<\/p>\n<\/div><\/div>\n<\/div><\/div>\n\n<div class=\"wp-block-cover right-text\" style=\"min-height:10vw;aspect-ratio:unset;\"><span aria-hidden=\"true\" class=\"wp-block-cover__background has-black-background-color has-background-dim-20 has-background-dim\"><\/span><img alt=\"\" loading=\"lazy\" decoding=\"async\" width=\"2560\" height=\"907\" class=\"wp-block-cover__image-background wp-image-5549\" alt=\"\" src=\"https:\/\/staging.bordier.com\/wp-content\/uploads\/2024\/10\/Rectangle-scaled.jpg\" data-object-fit=\"cover\" srcset=\"https:\/\/staging.bordier.com\/wp-content\/uploads\/2024\/10\/Rectangle-scaled.jpg 2560w, https:\/\/staging.bordier.com\/wp-content\/uploads\/2024\/10\/Rectangle-300x106.jpg 300w, https:\/\/staging.bordier.com\/wp-content\/uploads\/2024\/10\/Rectangle-1024x363.jpg 1024w, https:\/\/staging.bordier.com\/wp-content\/uploads\/2024\/10\/Rectangle-768x272.jpg 768w, https:\/\/staging.bordier.com\/wp-content\/uploads\/2024\/10\/Rectangle-1536x544.jpg 1536w, https:\/\/staging.bordier.com\/wp-content\/uploads\/2024\/10\/Rectangle-2048x726.jpg 2048w\" sizes=\"auto, (max-width: 2560px) 100vw, 2560px\" \/><div class=\"wp-block-cover__inner-container is-layout-constrained wp-block-cover-is-layout-constrained\">\n<div class=\"wp-block-group\"><div class=\"wp-block-group__inner-container is-layout-constrained wp-block-group-is-layout-constrained\">\n<h4 class=\"wp-block-heading has-text-align-left has-large-font-size\">Willkommen in der <em>Familie<\/em><\/h4>\n\n\n\n<p class=\"has-small-font-size\">E-Mail an Bordier.<\/p>\n\n\n\n<div class=\"wp-block-buttons is-layout-flex wp-block-buttons-is-layout-flex\">\n<div class=\"wp-block-button is-style-fill blured\"><a class=\"wp-block-button__link wp-element-button\" href=\"https:\/\/staging.bordier.com\/de\/kontaktieren-sie-uns\/\"><strong>KONTAKT<\/strong><\/a><\/div>\n<\/div>\n<\/div><\/div>\n<\/div><\/div>\n","protected":false},"excerpt":{"rendered":"<p>Als Verm\u00f6gensverwalter wissen wir, dass Private Banking mehr ist als nur Finanzprodukte und Performance. Wir &#8230;<\/p>\n","protected":false},"author":1,"featured_media":0,"parent":0,"menu_order":70,"comment_status":"closed","ping_status":"closed","template":"","meta":{"_acf_changed":false,"_seopress_robots_primary_cat":"","_seopress_titles_title":"","_seopress_titles_desc":"","_seopress_robots_index":"","footnotes":""},"class_list":["post-11177","page","type-page","status-publish","hentry"],"acf":[],"_links":{"self":[{"href":"https:\/\/staging.bordier.com\/de\/wp-json\/wp\/v2\/pages\/11177","targetHints":{"allow":["GET"]}}],"collection":[{"href":"https:\/\/staging.bordier.com\/de\/wp-json\/wp\/v2\/pages"}],"about":[{"href":"https:\/\/staging.bordier.com\/de\/wp-json\/wp\/v2\/types\/page"}],"author":[{"embeddable":true,"href":"https:\/\/staging.bordier.com\/de\/wp-json\/wp\/v2\/users\/1"}],"replies":[{"embeddable":true,"href":"https:\/\/staging.bordier.com\/de\/wp-json\/wp\/v2\/comments?post=11177"}],"version-history":[{"count":3,"href":"https:\/\/staging.bordier.com\/de\/wp-json\/wp\/v2\/pages\/11177\/revisions"}],"predecessor-version":[{"id":12485,"href":"https:\/\/staging.bordier.com\/de\/wp-json\/wp\/v2\/pages\/11177\/revisions\/12485"}],"wp:attachment":[{"href":"https:\/\/staging.bordier.com\/de\/wp-json\/wp\/v2\/media?parent=11177"}],"curies":[{"name":"wp","href":"https:\/\/api.w.org\/{rel}","templated":true}]}}