{"id":11088,"date":"2024-06-21T11:59:49","date_gmt":"2024-06-21T11:59:49","guid":{"rendered":"https:\/\/staging.bordier.com\/soluciones\/gestion-de-activos-privados\/"},"modified":"2024-12-16T12:35:20","modified_gmt":"2024-12-16T12:35:20","slug":"gestion-de-activos-privados","status":"publish","type":"page","link":"https:\/\/staging.bordier.com\/es\/soluciones\/gestion-de-activos-privados\/","title":{"rendered":"Gesti\u00f3n de activos privados"},"content":{"rendered":"\n<section id=\"section-block_5ee2f4fc0aa5f7e62ea3b935e3657b52\" class=\"page-hero-outer type-default\">\n    <div class=\"holder\">\n        <div class=\"page-hero-content\">\n            <div class=\"acf-innerblocks-container\">\n\n<h6 class=\"wp-block-heading\">Bordier Gesti\u00f3n Privada de Activos<\/h6>\n\n\n\n<h1 class=\"wp-block-heading text-indent-m mobile-no-indent\">Alinear la disciplina<br\/><em><strong>y diversificaci\u00f3n<\/strong><\/em><\/h1>\n\n<\/div>        <\/div>\n    <\/div>\n        <figure class=\"page-hero-bg\">\n        <img decoding=\"async\" \n            src=\"https:\/\/staging.bordier.com\/wp-content\/uploads\/2024\/08\/Private-Asset-Management-Hero.jpg\" \n            srcset=\"https:\/\/staging.bordier.com\/wp-content\/uploads\/2024\/08\/Private-Asset-Management-Hero.jpg 1440w, https:\/\/staging.bordier.com\/wp-content\/uploads\/2024\/08\/Private-Asset-Management-Hero-300x160.jpg 300w, https:\/\/staging.bordier.com\/wp-content\/uploads\/2024\/08\/Private-Asset-Management-Hero-1024x546.jpg 1024w, https:\/\/staging.bordier.com\/wp-content\/uploads\/2024\/08\/Private-Asset-Management-Hero-768x410.jpg 768w\"\n            alt=\"\"\n        >\n    <\/figure>\n    <\/section>\n<div class=\"wp-block-group wrapper-m\"><div class=\"wp-block-group__inner-container is-layout-constrained wp-block-group-is-layout-constrained\">\n<h3 class=\"wp-block-heading\">Bordier aporta su experiencia <em>institucional<\/em> a <em>los activos<\/em> privados<\/h3>\n\n\n\n<section id=\"section-block_8f232cff9540374dee4119932af2f8d8\" class=\"custom-video-outer aligncenter\">\n\n    \n    <figure class=\"custom-video\">\n\n        <div class=\"video-popup-holder\">\n            <div class=\"video-holder\">\n                <video loop playsinline>\n                    <source src=\"\" type=\"video\/mp4\">\n                    Your browser does not support the video tag.                <\/video>\n                <div class=\"video-controls\">\n\n                    <div class=\"exit-button\">\n                        <svg class=\"icon-close\">\n                            <use xlink:href=\"https:\/\/staging.bordier.com\/wp-content\/themes\/bordier-wp\/assets\/img\/icons.svg#icon-close\"><\/use>\n                        <\/svg>\n                    <\/div>\n    \n                    <div class=\"play-button\">\n    \n                        <div class=\"play-icon\" data-status=\"play\">\n                            <svg class=\"icon-play\">\n                                <use xlink:href=\"https:\/\/staging.bordier.com\/wp-content\/themes\/bordier-wp\/assets\/img\/icons.svg#icon-play\"><\/use>\n                            <\/svg>\n                        <\/div>\n    \n                        <div class=\"play-icon\" data-status=\"pause\">\n                            <svg class=\"icon-pause\">\n                                <use xlink:href=\"https:\/\/staging.bordier.com\/wp-content\/themes\/bordier-wp\/assets\/img\/icons.svg#icon-pause\"><\/use>\n                            <\/svg>\n                        <\/div>\n    \n                    <\/div>\n\n                    <div class=\"bottom-controls\">\n\n                        <span class=\"video-length\"><\/span>\n                        \n                        <div class=\"progress-bar\"> \n                            <div class=\"time-bar\"><\/div>\n                            <input class=\"vimeovideo-progress-seek\" type=\"range\" min=\"0\" max=\"100\" step=\"0.1\" value=\"0\" data-vimeovideo=\"seek\">\n                            <progress class=\"vimeovideo-progress-played\" max=\"100\" value=\"0\" role=\"presentation\"><\/progress>\n                        <\/div>\n\n                        <div class=\"left-side\">\n                            <div class=\"small-play-button\">\n\n                                <svg class=\"icon-play\">\n                                    <use xlink:href=\"https:\/\/staging.bordier.com\/wp-content\/themes\/bordier-wp\/assets\/img\/icons.svg#icon-play\"><\/use>\n                                <\/svg>\n\n                                <svg class=\"icon-pause\">\n                                    <use xlink:href=\"https:\/\/staging.bordier.com\/wp-content\/themes\/bordier-wp\/assets\/img\/icons.svg#icon-pause\"><\/use>\n                                <\/svg>\n\n                            <\/div>\n                        <\/div>\n\n                        <div class=\"right-side\">\n\n                            <div class=\"volume-control\">\n            \n                                <div class=\"mute-icon\" data-status=\"muted\">\n                                    <svg class=\"icon-mute\">\n                                        <use xlink:href=\"https:\/\/staging.bordier.com\/wp-content\/themes\/bordier-wp\/assets\/img\/icons.svg#icon-mute\"><\/use>\n                                    <\/svg>\n                                <\/div>\n                                <div class=\"mute-icon\" data-status=\"unmuted\">\n                                    <svg class=\"icon-unmute\">\n                                        <use xlink:href=\"https:\/\/staging.bordier.com\/wp-content\/themes\/bordier-wp\/assets\/img\/icons.svg#icon-unmute\"><\/use>\n                                    <\/svg>\n                                <\/div>\n            \n                            <\/div>\n\n                            <div class=\"expand\">\n                                <svg class=\"icon-expand\">\n                                    <use xlink:href=\"https:\/\/staging.bordier.com\/wp-content\/themes\/bordier-wp\/assets\/img\/icons.svg#icon-expand\"><\/use>\n                                <\/svg>\n\n                                <svg class=\"icon-collapse\">\n                                    <use xlink:href=\"https:\/\/staging.bordier.com\/wp-content\/themes\/bordier-wp\/assets\/img\/icons.svg#icon-collapse\"><\/use>\n                                <\/svg>\n                            <\/div>\n\n                        <\/div>\n\n                    <\/div>\n    \n                <\/div>\n            <\/div>\n        <\/div>\n\n    \n        <div class=\"video-controls\">\n\n            <div class=\"play-button\">\n\n                <div class=\"play-icon\" data-status=\"play\">\n                    <svg class=\"icon-play\">\n                        <use xlink:href=\"https:\/\/staging.bordier.com\/wp-content\/themes\/bordier-wp\/assets\/img\/icons.svg#icon-play\"><\/use>\n                    <\/svg>\n                <\/div>\n\n                <div class=\"play-icon\" data-status=\"pause\">\n                    <svg class=\"icon-pause\">\n                        <use xlink:href=\"https:\/\/staging.bordier.com\/wp-content\/themes\/bordier-wp\/assets\/img\/icons.svg#icon-pause\"><\/use>\n                    <\/svg>\n                <\/div>\n\n            <\/div>\n\n        <\/div>\n\n\n                    <figure class=\"video-cover\">\n                <img decoding=\"async\" src=\"https:\/\/staging.bordier.com\/wp-content\/uploads\/2024\/11\/Screenshot-2024-11-13-at-16.26.00.png\" alt=\"Video Cover\">\n            <\/figure>\n        \n    <\/figure>\n\n    \n<\/section>\n\n<\/div><\/div>\n\n<div class=\"wp-block-group wrapper-m spacing-top-xs paragraph-spacing-bottom\"><div class=\"wp-block-group__inner-container is-layout-constrained wp-block-group-is-layout-constrained\">\n<h3 class=\"wp-block-heading\">Mayores <em>activos<\/em><\/h3>\n\n\n\n<hr class=\"wp-block-separator has-alpha-channel-opacity spacing-vertical-s\"\/>\n\n\n\n<p class=\"text-indent-s\">Lo que goza de la confianza de gobiernos, comunidades e instituciones est\u00e1 a tu disposici\u00f3n. Gestionamos estos activos como los grandes fondos de pensiones: con el riesgo controlado y una estricta evaluaci\u00f3n comparativa. Se trata de inversiones colectivas significativamente mayores, como fondos, Certificados Gestionados Activamente (CGA) y mandatos institucionales.<\/p>\n\n\n\n<h3 class=\"wp-block-heading\">Una <em>elecci\u00f3n<\/em> m\u00e1s amplia<\/h3>\n\n\n\n<hr class=\"wp-block-separator has-alpha-channel-opacity spacing-vertical-s\"\/>\n\n\n\n<p class=\"text-indent-s\">Dentro de un mandato estricto, nuestro cuidadoso equipo de inversi\u00f3n crea una asignaci\u00f3n de activos diversa y din\u00e1mica que incluye acciones, bonos cotizados en bolsas internacionales, fondos de inversi\u00f3n, cr\u00e9dito, incluso activos no cotizados (empresas privadas, bienes inmuebles o infraestructuras).<\/p>\n\n\n\n<h3 class=\"wp-block-heading\">Siempre <em>Benchmarked<\/em><\/h3>\n\n\n\n<hr class=\"wp-block-separator has-alpha-channel-opacity spacing-vertical-s\"\/>\n\n\n\n<p class=\"text-indent-s\">Siempre aspiramos a igualar o superar los puntos de referencia institucionales. Los informes mensuales y trimestrales mantienen nuestros ojos, y los tuyos, en el riesgo y el rendimiento. <\/p>\n<\/div><\/div>\n\n<div class=\"wp-block-group background-light wrapper-xs\"><div class=\"wp-block-group__inner-container is-layout-constrained wp-block-group-is-layout-constrained\">\n<h6 class=\"wp-block-heading has-text-align-center text-indent-s mobile-no-indent\">Bordier Gesti\u00f3n Privada de Activos<\/h6>\n\n\n\n<h2 class=\"wp-block-heading has-text-align-left text-indent-l\">Dise\u00f1ado.<br\/><em><strong>Disciplinado.<\/strong><\/em>  Diversificada.<\/h2>\n\n\n\n<p class=\"has-text-align-center\">La forma m\u00e1s sencilla y segura de obtener rendimiento de la cartera<strong>.<\/strong><\/p>\n<\/div><\/div>\n\n<div class=\"wp-block-group wrapper-m\"><div class=\"wp-block-group__inner-container is-layout-constrained wp-block-group-is-layout-constrained\">\n<h2 class=\"wp-block-heading has-text-align-center\">Mejor.<br\/><em>Gestionado<\/em>.<\/h2>\n\n\n\n<hr class=\"wp-block-separator has-alpha-channel-opacity\"\/>\n\n\n\n<div class=\"wp-block-group wrapper-xs\"><div class=\"wp-block-group__inner-container is-layout-constrained wp-block-group-is-layout-constrained\">\n<p>Cada activo tiene su propio comportamiento, su propio riesgo, su propia recompensa. Entonces, \u00bfc\u00f3mo sabes si lo est\u00e1s haciendo bien? <\/p>\n\n\n\n<p>Creamos un marco m\u00e1s s\u00f3lido, con mayor peso, profundidad y diversificaci\u00f3n. Explotamos muchas clases de activos, y estudiamos el \u00edndice de referencia de cada una de ellas. Luego hacemos un seguimiento y gestionamos tu s\u00f3lida cartera, asegur\u00e1ndonos de que superas al \u00edndice.  <\/p>\n\n\n\n<p>Elimina el sesgo, el riesgo y la incertidumbre. Y cada mes puedes ver claramente si lo est\u00e1s haciendo bien. <\/p>\n<\/div><\/div>\n<\/div><\/div>\n\n<div class=\"wp-block-cover right-text\" style=\"min-height:10vw;aspect-ratio:unset;\"><span aria-hidden=\"true\" class=\"wp-block-cover__background has-black-background-color has-background-dim-20 has-background-dim\"><\/span><img alt=\"\" loading=\"lazy\" decoding=\"async\" width=\"2560\" height=\"907\" class=\"wp-block-cover__image-background wp-image-5549\" alt=\"\" src=\"https:\/\/staging.bordier.com\/wp-content\/uploads\/2024\/10\/Rectangle-scaled.jpg\" data-object-fit=\"cover\" srcset=\"https:\/\/staging.bordier.com\/wp-content\/uploads\/2024\/10\/Rectangle-scaled.jpg 2560w, https:\/\/staging.bordier.com\/wp-content\/uploads\/2024\/10\/Rectangle-300x106.jpg 300w, https:\/\/staging.bordier.com\/wp-content\/uploads\/2024\/10\/Rectangle-1024x363.jpg 1024w, https:\/\/staging.bordier.com\/wp-content\/uploads\/2024\/10\/Rectangle-768x272.jpg 768w, https:\/\/staging.bordier.com\/wp-content\/uploads\/2024\/10\/Rectangle-1536x544.jpg 1536w, https:\/\/staging.bordier.com\/wp-content\/uploads\/2024\/10\/Rectangle-2048x726.jpg 2048w\" sizes=\"auto, (max-width: 2560px) 100vw, 2560px\" \/><div class=\"wp-block-cover__inner-container is-layout-constrained wp-block-cover-is-layout-constrained\">\n<div class=\"wp-block-group\"><div class=\"wp-block-group__inner-container is-layout-constrained wp-block-group-is-layout-constrained\">\n<h4 class=\"wp-block-heading has-text-align-left has-large-font-size\">Bienvenido a la <em>familia<\/em><\/h4>\n\n\n\n<p class=\"has-small-font-size\">Si quieres un trozo de un pastel m\u00e1s grande, charlemos<\/p>\n\n\n\n<div class=\"wp-block-buttons is-layout-flex wp-block-buttons-is-layout-flex\">\n<div class=\"wp-block-button is-style-fill blured\"><a class=\"wp-block-button__link wp-element-button\" href=\"https:\/\/staging.bordier.com\/es\/contacta-con-nosotros\/\"><strong>CONTACTO<\/strong><\/a><\/div>\n<\/div>\n<\/div><\/div>\n<\/div><\/div>\n","protected":false},"excerpt":{"rendered":"<p>Bordier aporta su experiencia institucional a los activos privados Mayores activos Lo que goza de &#8230;<\/p>\n","protected":false},"author":1,"featured_media":0,"parent":11084,"menu_order":20,"comment_status":"closed","ping_status":"closed","template":"","meta":{"_acf_changed":false,"_seopress_robots_primary_cat":"","_seopress_titles_title":"","_seopress_titles_desc":"","_seopress_robots_index":"","footnotes":""},"class_list":["post-11088","page","type-page","status-publish","hentry"],"acf":[],"_links":{"self":[{"href":"https:\/\/staging.bordier.com\/es\/wp-json\/wp\/v2\/pages\/11088","targetHints":{"allow":["GET"]}}],"collection":[{"href":"https:\/\/staging.bordier.com\/es\/wp-json\/wp\/v2\/pages"}],"about":[{"href":"https:\/\/staging.bordier.com\/es\/wp-json\/wp\/v2\/types\/page"}],"author":[{"embeddable":true,"href":"https:\/\/staging.bordier.com\/es\/wp-json\/wp\/v2\/users\/1"}],"replies":[{"embeddable":true,"href":"https:\/\/staging.bordier.com\/es\/wp-json\/wp\/v2\/comments?post=11088"}],"version-history":[{"count":3,"href":"https:\/\/staging.bordier.com\/es\/wp-json\/wp\/v2\/pages\/11088\/revisions"}],"predecessor-version":[{"id":13015,"href":"https:\/\/staging.bordier.com\/es\/wp-json\/wp\/v2\/pages\/11088\/revisions\/13015"}],"up":[{"embeddable":true,"href":"https:\/\/staging.bordier.com\/es\/wp-json\/wp\/v2\/pages\/11084"}],"wp:attachment":[{"href":"https:\/\/staging.bordier.com\/es\/wp-json\/wp\/v2\/media?parent=11088"}],"curies":[{"name":"wp","href":"https:\/\/api.w.org\/{rel}","templated":true}]}}