{"id":11105,"date":"2024-06-21T12:00:00","date_gmt":"2024-06-21T12:00:00","guid":{"rendered":"https:\/\/staging.bordier.com\/soluciones\/servicios-familiares\/"},"modified":"2025-01-20T14:35:45","modified_gmt":"2025-01-20T14:35:45","slug":"servicios-familiares","status":"publish","type":"page","link":"https:\/\/staging.bordier.com\/es\/soluciones\/servicios-familiares\/","title":{"rendered":"Servicios familiares"},"content":{"rendered":"\n<section id=\"section-block_de945bb485b2ef0bd02843b6950470b5\" class=\"page-hero-outer type-default\">\n    <div class=\"holder\">\n        <div class=\"page-hero-content\">\n            <div class=\"acf-innerblocks-container\">\n\n<h6 class=\"wp-block-heading\">Servicios Familiares Bordier<\/h6>\n\n\n\n<h1 class=\"wp-block-heading text-indent-s force-two-lines\">Todo, y<br><strong>todos, <em>alineados<\/em><\/strong><\/h1>\n\n<\/div>        <\/div>\n    <\/div>\n        <figure class=\"page-hero-bg\">\n        <img decoding=\"async\" \n            src=\"https:\/\/staging.bordier.com\/wp-content\/uploads\/2024\/07\/heero-family.jpg\" \n            srcset=\"https:\/\/staging.bordier.com\/wp-content\/uploads\/2024\/07\/heero-family.jpg 2160w, https:\/\/staging.bordier.com\/wp-content\/uploads\/2024\/07\/heero-family-300x160.jpg 300w, https:\/\/staging.bordier.com\/wp-content\/uploads\/2024\/07\/heero-family-1024x546.jpg 1024w, https:\/\/staging.bordier.com\/wp-content\/uploads\/2024\/07\/heero-family-768x410.jpg 768w, https:\/\/staging.bordier.com\/wp-content\/uploads\/2024\/07\/heero-family-1536x819.jpg 1536w, https:\/\/staging.bordier.com\/wp-content\/uploads\/2024\/07\/heero-family-2048x1092.jpg 2048w\"\n            alt=\"\"\n        >\n    <\/figure>\n    <\/section>\n\n\n<div class=\"wp-block-group spacing-bottom-0\"><div class=\"wp-block-group__inner-container is-layout-constrained wp-block-group-is-layout-constrained\">\n<div class=\"wp-block-group wrapper-s\"><div class=\"wp-block-group__inner-container is-layout-constrained wp-block-group-is-layout-constrained\">\n<h3 class=\"wp-block-heading text-indent-l\">Hacemos mucho <em>patrimonio familiar<\/em> <br><strong>menos <em>complicado<\/em><\/strong><\/h3>\n<\/div><\/div>\n\n\n\n<section id=\"section-block_b6f34bcef3415b302eaff8fd4fa27bb5\" class=\"content-list-outer type-default\">\n    <div class=\"holder\">\n                    <div class=\"content-list\">\n                                    <div class=\"content-list-item \">\n                                                <hgroup>\n                            <h4>Plan<\/h4>\n                                                    <\/hgroup>\n                                                <div class=\"content-holder\">\n                            <p>Estrategias de inversi\u00f3n y asignaci\u00f3n de activos a medida, alineadas con tus objetivos y aspiraciones. Creamos una hoja de ruta pr\u00e1ctica para las generaciones futuras.<\/p>\n                        <\/div>\n                                                                    <\/div>\n                                    <div class=\"content-list-item \">\n                                                <hgroup>\n                            <h4>Protege<\/h4>\n                                                    <\/hgroup>\n                                                <div class=\"content-holder\">\n                            <p>S\u00f3lidas estrategias de protecci\u00f3n de activos y gesti\u00f3n de riesgos dise\u00f1adas para preservar el patrimonio. Salvaguardamos el patrimonio familiar frente a la volatilidad de los mercados y la evoluci\u00f3n de las condiciones.<\/p>\n                        <\/div>\n                                                                    <\/div>\n                                    <div class=\"content-list-item \">\n                                                <hgroup>\n                            <h4>Paz<\/h4>\n                                                    <\/hgroup>\n                                                <div class=\"content-holder\">\n                            <p>Las finanzas pueden ser complejas, pero nosotros nos aseguramos de que tu experiencia no lo sea. Mantenemos a tu familia informada, capacitada y tranquila.<\/p>\n                        <\/div>\n                                                                    <\/div>\n                            <\/div>\n            <\/div>\n<\/section>\n\n\n<div class=\"wp-block-group wrapper-s\"><div class=\"wp-block-group__inner-container is-layout-constrained wp-block-group-is-layout-constrained\"><\/div><\/div>\n<\/div><\/div>\n\n\n\n<div class=\"wp-block-group wrapper-s background-light\"><div class=\"wp-block-group__inner-container is-layout-constrained wp-block-group-is-layout-constrained\">\n<h6 class=\"wp-block-heading has-text-align-center\">Planificaci\u00f3n Patrimonial de Family Office<\/h6>\n\n\n\n<h1 class=\"wp-block-heading has-text-align-center has-medium-font-size\">Un futuro<\/h1>\n\n\n\n<h1 class=\"wp-block-heading has-text-align-center has-medium-font-size\">m\u00e1s seguro<\/h1>\n\n\n\n<p class=\"has-text-align-center\">A trav\u00e9s de las fronteras, a trav\u00e9s de las empresas, a trav\u00e9s de las generaciones.<\/p>\n<\/div><\/div>\n\n\n\n<div class=\"wp-block-group wrapper-m offset-top-m\"><div class=\"wp-block-group__inner-container is-layout-constrained wp-block-group-is-layout-constrained\">\n<figure class=\"wp-block-image size-full\"><img alt=\"\" loading=\"lazy\" decoding=\"async\" width=\"1695\" height=\"968\" src=\"https:\/\/staging.bordier.com\/wp-content\/uploads\/2024\/08\/family-services-img.jpg\" alt=\"\" class=\"wp-image-3278\" srcset=\"https:\/\/staging.bordier.com\/wp-content\/uploads\/2024\/08\/family-services-img.jpg 1695w, https:\/\/staging.bordier.com\/wp-content\/uploads\/2024\/08\/family-services-img-300x171.jpg 300w, https:\/\/staging.bordier.com\/wp-content\/uploads\/2024\/08\/family-services-img-1024x585.jpg 1024w, https:\/\/staging.bordier.com\/wp-content\/uploads\/2024\/08\/family-services-img-768x439.jpg 768w, https:\/\/staging.bordier.com\/wp-content\/uploads\/2024\/08\/family-services-img-1536x877.jpg 1536w\" sizes=\"auto, (max-width: 1695px) 100vw, 1695px\" \/><\/figure>\n<\/div><\/div>\n\n\n\n<div class=\"wp-block-group wrapper-s spacing-vertical-0\"><div class=\"wp-block-group__inner-container is-layout-constrained wp-block-group-is-layout-constrained\">\n<h2 class=\"wp-block-heading text-indent-xl mobile-no-indent tablet-no-indent\">La familia est\u00e1 en<br><strong><em>nuestro adn<\/em><\/strong><\/h2>\n<\/div><\/div>\n\n\n\n<div class=\"wp-block-group spacing-vertical-0 wrapper-m\"><div class=\"wp-block-group__inner-container is-layout-constrained wp-block-group-is-layout-constrained\">\n<h3 class=\"wp-block-heading text-indent-s with-line\">Un banco privado sabe mucho de <em>dinero<\/em>, pero<br><strong>muy poco sobre <em>los entresijos de la familia<\/em>.<\/strong><\/h3>\n<\/div><\/div>\n\n\n\n<div class=\"wp-block-group wrapper-xs\"><div class=\"wp-block-group__inner-container is-layout-constrained wp-block-group-is-layout-constrained\">\n<p>Bordier, una de las mayores family offices multifamiliares del mundo, es un banco privado poco frecuente, fundado por una familia, con propiedad y gesti\u00f3n familiares ininterrumpidas desde 1844. Somos la prueba viviente del \u00e9xito de la planificaci\u00f3n del legado y la sucesi\u00f3n. <\/p>\n\n\n\n<p>Deja que nuestra familia haga lo mismo por la tuya.<\/p>\n<\/div><\/div>\n\n\n\n<div class=\"wp-block-cover right-text\" style=\"min-height:10vw;aspect-ratio:unset;\"><span aria-hidden=\"true\" class=\"wp-block-cover__background has-black-background-color has-background-dim-20 has-background-dim\"><\/span><img alt=\"\" loading=\"lazy\" decoding=\"async\" width=\"2560\" height=\"907\" class=\"wp-block-cover__image-background wp-image-5549\" alt=\"\" src=\"https:\/\/staging.bordier.com\/wp-content\/uploads\/2024\/10\/Rectangle-scaled.jpg\" data-object-fit=\"cover\" srcset=\"https:\/\/staging.bordier.com\/wp-content\/uploads\/2024\/10\/Rectangle-scaled.jpg 2560w, https:\/\/staging.bordier.com\/wp-content\/uploads\/2024\/10\/Rectangle-300x106.jpg 300w, https:\/\/staging.bordier.com\/wp-content\/uploads\/2024\/10\/Rectangle-1024x363.jpg 1024w, https:\/\/staging.bordier.com\/wp-content\/uploads\/2024\/10\/Rectangle-768x272.jpg 768w, https:\/\/staging.bordier.com\/wp-content\/uploads\/2024\/10\/Rectangle-1536x544.jpg 1536w, https:\/\/staging.bordier.com\/wp-content\/uploads\/2024\/10\/Rectangle-2048x726.jpg 2048w\" sizes=\"auto, (max-width: 2560px) 100vw, 2560px\" \/><div class=\"wp-block-cover__inner-container is-layout-constrained wp-block-cover-is-layout-constrained\">\n<div class=\"wp-block-group\"><div class=\"wp-block-group__inner-container is-layout-constrained wp-block-group-is-layout-constrained\">\n<h4 class=\"wp-block-heading has-text-align-left has-large-font-size\">Bienvenido a la <em>familia<\/em><\/h4>\n\n\n\n<p class=\"has-small-font-size\">Habla con nosotros para que nuestra familia ayude a la tuya.<\/p>\n\n\n\n<div class=\"wp-block-buttons is-layout-flex wp-block-buttons-is-layout-flex\">\n<div class=\"wp-block-button is-style-fill blured\"><a class=\"wp-block-button__link wp-element-button\" href=\"https:\/\/staging.bordier.com\/es\/contacta-con-nosotros\/\"><strong>CONTACTO<\/strong><\/a><\/div>\n<\/div>\n<\/div><\/div>\n<\/div><\/div>\n","protected":false},"excerpt":{"rendered":"<p>Hacemos mucho patrimonio familiar menos complicado Planificaci\u00f3n Patrimonial de Family Office Un futuro m\u00e1s seguro &#8230;<\/p>\n","protected":false},"author":1,"featured_media":0,"parent":11084,"menu_order":30,"comment_status":"closed","ping_status":"closed","template":"","meta":{"_acf_changed":false,"_seopress_robots_primary_cat":"","_seopress_titles_title":"","_seopress_titles_desc":"","_seopress_robots_index":"","footnotes":""},"class_list":["post-11105","page","type-page","status-publish","hentry"],"acf":[],"_links":{"self":[{"href":"https:\/\/staging.bordier.com\/es\/wp-json\/wp\/v2\/pages\/11105","targetHints":{"allow":["GET"]}}],"collection":[{"href":"https:\/\/staging.bordier.com\/es\/wp-json\/wp\/v2\/pages"}],"about":[{"href":"https:\/\/staging.bordier.com\/es\/wp-json\/wp\/v2\/types\/page"}],"author":[{"embeddable":true,"href":"https:\/\/staging.bordier.com\/es\/wp-json\/wp\/v2\/users\/1"}],"replies":[{"embeddable":true,"href":"https:\/\/staging.bordier.com\/es\/wp-json\/wp\/v2\/comments?post=11105"}],"version-history":[{"count":3,"href":"https:\/\/staging.bordier.com\/es\/wp-json\/wp\/v2\/pages\/11105\/revisions"}],"predecessor-version":[{"id":13499,"href":"https:\/\/staging.bordier.com\/es\/wp-json\/wp\/v2\/pages\/11105\/revisions\/13499"}],"up":[{"embeddable":true,"href":"https:\/\/staging.bordier.com\/es\/wp-json\/wp\/v2\/pages\/11084"}],"wp:attachment":[{"href":"https:\/\/staging.bordier.com\/es\/wp-json\/wp\/v2\/media?parent=11105"}],"curies":[{"name":"wp","href":"https:\/\/api.w.org\/{rel}","templated":true}]}}