{"id":11148,"date":"2024-06-21T12:02:10","date_gmt":"2024-06-21T12:02:10","guid":{"rendered":"https:\/\/staging.bordier.com\/legal-y-cumplimiento\/"},"modified":"2024-12-24T14:04:08","modified_gmt":"2024-12-24T14:04:08","slug":"legal-y-cumplimiento","status":"publish","type":"page","link":"https:\/\/staging.bordier.com\/es\/legal-y-cumplimiento\/","title":{"rendered":"Legal y Cumplimiento"},"content":{"rendered":"\n<section id=\"section-block_299763ce878f902d519edddf197229c0\" class=\"page-hero-outer headline-left-m type-simple\">\n    <div class=\"holder\">\n        <div class=\"page-hero-content\">\n            <div class=\"acf-innerblocks-container\">\n\n<h6 class=\"wp-block-heading\">Legal<\/h6>\n\n\n\n<h1 class=\"wp-block-heading has-text-align-left text-indent-s has-small-font-size\">Legal y Cumplimiento<\/h1>\n\n<\/div>        <\/div>\n    <\/div>\n    <\/section>\n\n\n<div class=\"wp-block-group background-light wrapper-m\"><div class=\"wp-block-group__inner-container is-layout-constrained wp-block-group-is-layout-constrained\">\n<section id=\"section-block_2f532a183ca7b54ed426b12652f869c5\" class=\"toggler-outer\">\n    <div class=\"holder\">\n                    <div class=\"toggler-list\">\n                                    <div class=\"toggler-list-item  type-default\">\n                        \n                        <div class=\"toggler-item-top\">\n                            <h4>General                                                        <\/h4>\n                            <span class=\"toggler-icon\"><\/span>\n                        <\/div>\n                        <div class=\"toggler-item-content\">\n                                                            <div class=\"toggler-item-content-inner\">\n                                    <p>El contenido de este sitio de Internet es puramente informativo y no tiene por objeto promocionar los servicios de Bordier &amp; Cie. Su objetivo es dar a conocer la reputaci\u00f3n del banco. Ninguna informaci\u00f3n que aparezca en este sitio se considerar\u00e1 como una oferta de servicios o productos, en particular productos bancarios, de Bordier &amp; Cie, ni como una oferta o solicitud de compra o venta de valores o de cualquier otro producto de inversi\u00f3n. El banco no ofrece ning\u00fan servicio o prestaci\u00f3n en l\u00ednea en este sitio. Nada de lo que aparezca en este sitio se considerar\u00e1 una convocatoria p\u00fablica ni una venta, cualquiera que sea su forma, calificaci\u00f3n o denominaci\u00f3n, ni se interpretar\u00e1 como un comportamiento proactivo de Bordier &amp; Cie hacia terceros.<\/p>\n                                <\/div>\n                                                    <\/div>\n                    <\/div>\n                                    <div class=\"toggler-list-item  type-default\">\n                        \n                        <div class=\"toggler-item-top\">\n                            <h4>Suiza                                                        <\/h4>\n                            <span class=\"toggler-icon\"><\/span>\n                        <\/div>\n                        <div class=\"toggler-item-content\">\n                                                            <div class=\"toggler-item-content-inner\">\n                                    <ul class=\"line-list full-link\">\n<li><a href=\"https:\/\/staging.bordier.com\/de\/legal-and-compliance\/schweiz-recht-und-compliance\/schweiz-recht-und-compliance-allgemeine-informationen\/\">Informaci\u00f3n general<\/a><\/li>\n<li><a href=\"https:\/\/staging.bordier.com\/de\/legal-and-compliance\/schweiz-recht-und-compliance\/schweiz-recht-und-compliance-finsa\/\">FINSA<\/a><\/li>\n<li><a href=\"https:\/\/staging.bordier.com\/de\/legal-and-compliance\/schweiz-recht-und-compliance\/schweiz-recht-und-compliance-dokumente-der-schweizerischen-bankiervereinigung\/\">Documentos de la Asociaci\u00f3n Suiza de Banqueros<\/a><\/li>\n<li><a href=\"https:\/\/staging.bordier.com\/de\/legal-and-compliance\/schweiz-recht-und-compliance\/schweiz-recht-und-compliance-compliance\/\">Conformidad<\/a><\/li>\n<li><a href=\"https:\/\/staging.bordier.com\/de\/legal-and-compliance\/schweiz-recht-und-compliance\/schweiz-recht-und-compliance-fatca-aeoi\/\">FATCA \/ AEOI<\/a><\/li>\n<li><a href=\"https:\/\/staging.bordier.com\/de\/legal-and-compliance\/schweiz-recht-und-compliance\/schweiz-recht-und-compliance-datenschutz\/\">Protecci\u00f3n de datos<\/a><\/li>\n<li><a href=\"https:\/\/staging.bordier.com\/de\/legal-and-compliance\/schweiz-recht-und-compliance\/schweiz-rechtliches-und-compliance-haftungsausschluss\/\">Descargo de responsabilidad<\/a><\/li>\n<\/ul>\n                                <\/div>\n                                                    <\/div>\n                    <\/div>\n                                    <div class=\"toggler-list-item  type-default\">\n                        \n                        <div class=\"toggler-item-top\">\n                            <h4>Singapur                                                        <\/h4>\n                            <span class=\"toggler-icon\"><\/span>\n                        <\/div>\n                        <div class=\"toggler-item-content\">\n                                                            <div class=\"toggler-item-content-inner\">\n                                    <ul class=\"line-list full-link\">\n<li><a href=\"https:\/\/staging.bordier.com\/es\/legal-and-compliance\/singapore\/general-information\/\">Informaci\u00f3n general<\/a><\/li>\n<li><a href=\"https:\/\/staging.bordier.com\/es\/legal-and-compliance\/singapore\/data-protection\/\">Protecci\u00f3n de datos<\/a><\/li>\n<li><a href=\"https:\/\/staging.bordier.com\/es\/legal-and-compliance\/singapore\/compliance\/\">Conformidad<\/a><\/li>\n<li><a href=\"https:\/\/staging.bordier.com\/es\/legal-and-compliance\/singapore\/disclaimer\/\">Descargo de responsabilidad<\/a><\/li>\n<li><a href=\"https:\/\/staging.bordier.com\/es\/legal-and-compliance\/singapore\/terms-of-use-for-bordier-eservices\/\">Condiciones de uso de Bordier Eservices<\/a><\/li>\n<li><a href=\"https:\/\/staging.bordier.com\/es\/legal-and-compliance\/singapore\/security-guideline\/\">Normas de seguridad<\/a><\/li>\n<li><a href=\"https:\/\/staging.bordier.com\/es\/legal-and-compliance\/singapore\/fatca\/\">FATCA<\/a><\/li>\n<\/ul>\n                                <\/div>\n                                                    <\/div>\n                    <\/div>\n                                    <div class=\"toggler-list-item  type-default\">\n                        \n                        <div class=\"toggler-item-top\">\n                            <h4>Francia                                                        <\/h4>\n                            <span class=\"toggler-icon\"><\/span>\n                        <\/div>\n                        <div class=\"toggler-item-content\">\n                                                            <div class=\"toggler-item-content-inner\">\n                                    <ul class=\"line-list full-link\">\n<li><a href=\"https:\/\/staging.bordier.com\/es\/legal-and-compliance\/france-legal-and-compliance\/france-legal-compliance-legal-information\/\">Informaci\u00f3n legal<\/a><\/li>\n<li><a href=\"https:\/\/staging.bordier.com\/es\/legal-and-compliance\/france-legal-and-compliance\/france-legal-compliance-regulatory-information\/\">Informaci\u00f3n reglamentaria<\/a><\/li>\n<li><a href=\"https:\/\/staging.bordier.com\/es\/legal-and-compliance\/france-legal-and-compliance\/france-legal-compliance-general-data-protection-policy\/\">Pol\u00edtica general de protecci\u00f3n de datos<\/a><\/li>\n<li><a href=\"https:\/\/staging.bordier.com\/es\/legal-and-compliance\/france-legal-and-compliance\/france-legal-compliance-shareholder-rights-policy\/\">Pol\u00edtica de Derechos de los Accionistas<\/a><\/li>\n<li><a href=\"https:\/\/staging.bordier.com\/es\/legal-and-compliance\/france-legal-and-compliance\/france-legal-compliance-best-selection-policy\/\">Pol\u00edtica de mejor selecci\u00f3n<\/a><\/li>\n<li><a href=\"https:\/\/staging.bordier.com\/es\/legal-and-compliance\/france-legal-and-compliance\/france-legal-compliance-sustainable-finance-esg-policy\/\">Finanzas duraderas &#8211; Pol\u00edtica ESG<\/a><\/li>\n<\/ul>\n                                <\/div>\n                                                    <\/div>\n                    <\/div>\n                                    <div class=\"toggler-list-item  type-default\">\n                        \n                        <div class=\"toggler-item-top\">\n                            <h4>Turcas y Caicos                                                        <\/h4>\n                            <span class=\"toggler-icon\"><\/span>\n                        <\/div>\n                        <div class=\"toggler-item-content\">\n                                                            <div class=\"toggler-item-content-inner\">\n                                    <ul class=\"line-list full-link\">\n<li><a href=\"https:\/\/staging.bordier.com\/es\/legal-and-compliance\/turks-and-caicos\/data-protection\/\">Protecci\u00f3n de datos<\/a><\/li>\n<li><a href=\"https:\/\/staging.bordier.com\/es\/legal-and-compliance\/turks-and-caicos\/disclaimer\/\">Descargo de responsabilidad <\/a><\/li>\n<\/ul>\n                                <\/div>\n                                                    <\/div>\n                    <\/div>\n                                    <div class=\"toggler-list-item  type-default\">\n                        \n                        <div class=\"toggler-item-top\">\n                            <h4>Uruguay                                                        <\/h4>\n                            <span class=\"toggler-icon\"><\/span>\n                        <\/div>\n                        <div class=\"toggler-item-content\">\n                                                            <div class=\"toggler-item-content-inner\">\n                                    <ul class=\"line-list full-link\">\n<li><a href=\"https:\/\/staging.bordier.com\/es\/legal-and-compliance\/uruguay\/data-protection\/\">Protecci\u00f3n de datos<\/a><\/li>\n<li><a href=\"https:\/\/staging.bordier.com\/es\/legal-and-compliance\/uruguay\/disclaimer\/\">Descargo de responsabilidad <\/a><\/li>\n<\/ul>\n                                <\/div>\n                                                    <\/div>\n                    <\/div>\n                            <\/div>\n            <\/div>\n<\/section><\/div><\/div>\n\n\n\n<div class=\"wp-block-cover right-text\" style=\"min-height:10vw;aspect-ratio:unset;\"><span aria-hidden=\"true\" class=\"wp-block-cover__background has-black-background-color has-background-dim-20 has-background-dim\"><\/span><img alt=\"\" loading=\"lazy\" decoding=\"async\" width=\"1440\" height=\"510\" class=\"wp-block-cover__image-background wp-image-3246\" alt=\"\" src=\"https:\/\/staging.bordier.com\/wp-content\/uploads\/2024\/07\/Rectangle-165-1.jpg\" data-object-fit=\"cover\" srcset=\"https:\/\/staging.bordier.com\/wp-content\/uploads\/2024\/07\/Rectangle-165-1.jpg 1440w, https:\/\/staging.bordier.com\/wp-content\/uploads\/2024\/07\/Rectangle-165-1-300x106.jpg 300w, https:\/\/staging.bordier.com\/wp-content\/uploads\/2024\/07\/Rectangle-165-1-1024x363.jpg 1024w, https:\/\/staging.bordier.com\/wp-content\/uploads\/2024\/07\/Rectangle-165-1-768x272.jpg 768w\" sizes=\"auto, (max-width: 1440px) 100vw, 1440px\" \/><div class=\"wp-block-cover__inner-container is-layout-constrained wp-block-cover-is-layout-constrained\">\n<div class=\"wp-block-group\"><div class=\"wp-block-group__inner-container is-layout-constrained wp-block-group-is-layout-constrained\">\n<h4 class=\"wp-block-heading has-text-align-left has-large-font-size\">Ponte en contacto con <em>nuestro equipo<\/em><\/h4>\n\n\n\n<p class=\"has-small-font-size\">Nuestro punto de partida siempre eres t\u00fa, ya que tus intereses tambi\u00e9n son los nuestros a proteger. Ponte en contacto con nosotros por correo electr\u00f3nico o WhatsApp hoy mismo. <\/p>\n\n\n\n<div class=\"wp-block-buttons is-layout-flex wp-block-buttons-is-layout-flex\">\n<div class=\"wp-block-button is-style-fill blured\"><a class=\"wp-block-button__link wp-element-button\" href=\"https:\/\/staging.bordier.com\/es\/contacta-con-nosotros\/\"><strong>CONTACTO<\/strong><\/a><\/div>\n<\/div>\n<\/div><\/div>\n<\/div><\/div>\n","protected":false},"excerpt":{"rendered":"","protected":false},"author":1,"featured_media":0,"parent":0,"menu_order":100,"comment_status":"closed","ping_status":"closed","template":"","meta":{"_acf_changed":false,"_seopress_robots_primary_cat":"","_seopress_titles_title":"","_seopress_titles_desc":"","_seopress_robots_index":"","footnotes":""},"class_list":["post-11148","page","type-page","status-publish","hentry"],"acf":[],"_links":{"self":[{"href":"https:\/\/staging.bordier.com\/es\/wp-json\/wp\/v2\/pages\/11148","targetHints":{"allow":["GET"]}}],"collection":[{"href":"https:\/\/staging.bordier.com\/es\/wp-json\/wp\/v2\/pages"}],"about":[{"href":"https:\/\/staging.bordier.com\/es\/wp-json\/wp\/v2\/types\/page"}],"author":[{"embeddable":true,"href":"https:\/\/staging.bordier.com\/es\/wp-json\/wp\/v2\/users\/1"}],"replies":[{"embeddable":true,"href":"https:\/\/staging.bordier.com\/es\/wp-json\/wp\/v2\/comments?post=11148"}],"version-history":[{"count":3,"href":"https:\/\/staging.bordier.com\/es\/wp-json\/wp\/v2\/pages\/11148\/revisions"}],"predecessor-version":[{"id":13079,"href":"https:\/\/staging.bordier.com\/es\/wp-json\/wp\/v2\/pages\/11148\/revisions\/13079"}],"wp:attachment":[{"href":"https:\/\/staging.bordier.com\/es\/wp-json\/wp\/v2\/media?parent=11148"}],"curies":[{"name":"wp","href":"https:\/\/api.w.org\/{rel}","templated":true}]}}