{"id":11170,"date":"2024-07-08T08:43:17","date_gmt":"2024-07-08T08:43:17","guid":{"rendered":"https:\/\/staging.bordier.com\/colaboraciones\/"},"modified":"2024-11-21T13:43:08","modified_gmt":"2024-11-21T13:43:08","slug":"colaboraciones","status":"publish","type":"page","link":"https:\/\/staging.bordier.com\/es\/colaboraciones\/","title":{"rendered":"Colaboraciones"},"content":{"rendered":"\n<section id=\"section-block_d4a677f56f8fc79d9e5b7c84bd4a65cc\" class=\"page-hero-outer type-default\">\n    <div class=\"holder\">\n        <div class=\"page-hero-content\">\n            <div class=\"acf-innerblocks-container\">\n\n<h6 class=\"wp-block-heading\">Colaboraci\u00f3n<\/h6>\n\n\n\n<h1 class=\"wp-block-heading text-indent-m mobile-no-indent\"><em>Creemos<\/em> en <br\/><strong> <em>conocimiento<\/em> compartido<\/strong><\/h1>\n\n<\/div>        <\/div>\n    <\/div>\n        <figure class=\"page-hero-bg\">\n        <img decoding=\"async\" \n            src=\"https:\/\/staging.bordier.com\/wp-content\/uploads\/2024\/08\/bordier-collaboration-hero.jpg\" \n            srcset=\"https:\/\/staging.bordier.com\/wp-content\/uploads\/2024\/08\/bordier-collaboration-hero.jpg 1440w, https:\/\/staging.bordier.com\/wp-content\/uploads\/2024\/08\/bordier-collaboration-hero-300x160.jpg 300w, https:\/\/staging.bordier.com\/wp-content\/uploads\/2024\/08\/bordier-collaboration-hero-1024x546.jpg 1024w, https:\/\/staging.bordier.com\/wp-content\/uploads\/2024\/08\/bordier-collaboration-hero-768x410.jpg 768w\"\n            alt=\"\"\n        >\n    <\/figure>\n    <\/section>\n<div class=\"wp-block-group wrapper-s\"><div class=\"wp-block-group__inner-container is-layout-constrained wp-block-group-is-layout-constrained\">\n<p>Como custodios de la riqueza, entendemos que la banca privada es algo m\u00e1s que productos financieros y rendimiento. Trabajamos en colaboraci\u00f3n con Gestores de Activos Externos y sus clientes, instituciones financieras, as\u00ed como con Socios Comerciales que comparten su experiencia especializada en una serie de sectores como el derecho, la contabilidad, la fiscalidad, las fintech, el arte, etc. <\/p>\n<\/div><\/div>\n\n<div id=\"external-asset-managers\" class=\"wp-block-group wrapper-m background-light spacing-vertical-s\"><div class=\"wp-block-group__inner-container is-layout-constrained wp-block-group-is-layout-constrained\">\n<h3 class=\"wp-block-heading\"><em>Gestores de<\/em> activos externos<\/h3>\n\n\n\n<div class=\"wp-block-group wrapper-s spacing-bottom-m\"><div class=\"wp-block-group__inner-container is-layout-constrained wp-block-group-is-layout-constrained\">\n<hr class=\"wp-block-separator has-alpha-channel-opacity spacing-vertical-s\"\/>\n\n\n\n<h4 class=\"wp-block-heading\">Construir una valiosa <em>asociaci\u00f3n<\/em> a largo plazo basada en el <em>respeto y la confianza<\/em> mutuos.<\/h4>\n\n\n\n<p>Nuestra naturaleza \u00e1gil, colaboradora y emprendedora nos permite adaptar nuestros servicios para apoyar tu negocio. Te proporcionamos todas las herramientas y el apoyo que necesitas para establecer relaciones a largo plazo, beneficiosas para ti y para tus clientes. <\/p>\n\n\n\n<p>Seleccionamos cuidadosamente a nuestros socios y tenemos un historial de creaci\u00f3n de valiosas asociaciones a largo plazo basadas en el respeto y la confianza mutuos, que se extienden de generaci\u00f3n en generaci\u00f3n.<\/p>\n<\/div><\/div>\n\n\n\n<h3 class=\"wp-block-heading\"><em>Colaboraci\u00f3n<\/em> estrat\u00e9gica<\/h3>\n\n\n\n<div class=\"wp-block-group wrapper-s spacing-vertical-s\"><div class=\"wp-block-group__inner-container is-layout-constrained wp-block-group-is-layout-constrained\">\n<hr class=\"wp-block-separator has-alpha-channel-opacity spacing-vertical-s\"\/>\n\n\n\n<h4 class=\"wp-block-heading\">Colaboramos estrechamente con instituciones <em>financieras<\/em> para transformar sus servicios onshore para clientes <em>privados<\/em>.<\/h4>\n\n\n\n<p>Juntos, co-crearemos una hoja de ruta estrat\u00e9gica que funcione para ti y tu equipo.<\/p>\n\n\n\n<p>Prestamos nuestra experiencia a las instituciones ofreci\u00e9ndoles servicios de consultor\u00eda para mejorar sus necesidades de banca privada. Desde proporcionar las soluciones de modelo de servicio adecuadas hasta crear una unidad de patrimonio privado desde cero, estamos aqu\u00ed para asociarnos a largo plazo. <\/p>\n\n\n\n<section id=\"section-block_21fa334436530a786b461a9a0f1ccce6\" class=\"custom-video-outer aligncenter\">\n\n    \n    <figure class=\"custom-video\">\n\n        <div class=\"video-popup-holder\">\n            <div class=\"video-holder\">\n                <video loop playsinline>\n                    <source src=\"http:\/\/commondatastorage.googleapis.com\/gtv-videos-bucket\/sample\/ForBiggerBlazes.mp4\" type=\"video\/mp4\">\n                    Your browser does not support the video tag.                <\/video>\n                <div class=\"video-controls\">\n\n                    <div class=\"exit-button\">\n                        <svg class=\"icon-close\">\n                            <use xlink:href=\"https:\/\/staging.bordier.com\/wp-content\/themes\/bordier-wp\/assets\/img\/icons.svg#icon-close\"><\/use>\n                        <\/svg>\n                    <\/div>\n    \n                    <div class=\"play-button\">\n    \n                        <div class=\"play-icon\" data-status=\"play\">\n                            <svg class=\"icon-play\">\n                                <use xlink:href=\"https:\/\/staging.bordier.com\/wp-content\/themes\/bordier-wp\/assets\/img\/icons.svg#icon-play\"><\/use>\n                            <\/svg>\n                        <\/div>\n    \n                        <div class=\"play-icon\" data-status=\"pause\">\n                            <svg class=\"icon-pause\">\n                                <use xlink:href=\"https:\/\/staging.bordier.com\/wp-content\/themes\/bordier-wp\/assets\/img\/icons.svg#icon-pause\"><\/use>\n                            <\/svg>\n                        <\/div>\n    \n                    <\/div>\n\n                    <div class=\"bottom-controls\">\n\n                        <span class=\"video-length\"><\/span>\n                        \n                        <div class=\"progress-bar\"> \n                            <div class=\"time-bar\"><\/div>\n                            <input class=\"vimeovideo-progress-seek\" type=\"range\" min=\"0\" max=\"100\" step=\"0.1\" value=\"0\" data-vimeovideo=\"seek\">\n                            <progress class=\"vimeovideo-progress-played\" max=\"100\" value=\"0\" role=\"presentation\"><\/progress>\n                        <\/div>\n\n                        <div class=\"left-side\">\n                            <div class=\"small-play-button\">\n\n                                <svg class=\"icon-play\">\n                                    <use xlink:href=\"https:\/\/staging.bordier.com\/wp-content\/themes\/bordier-wp\/assets\/img\/icons.svg#icon-play\"><\/use>\n                                <\/svg>\n\n                                <svg class=\"icon-pause\">\n                                    <use xlink:href=\"https:\/\/staging.bordier.com\/wp-content\/themes\/bordier-wp\/assets\/img\/icons.svg#icon-pause\"><\/use>\n                                <\/svg>\n\n                            <\/div>\n                        <\/div>\n\n                        <div class=\"right-side\">\n\n                            <div class=\"volume-control\">\n            \n                                <div class=\"mute-icon\" data-status=\"muted\">\n                                    <svg class=\"icon-mute\">\n                                        <use xlink:href=\"https:\/\/staging.bordier.com\/wp-content\/themes\/bordier-wp\/assets\/img\/icons.svg#icon-mute\"><\/use>\n                                    <\/svg>\n                                <\/div>\n                                <div class=\"mute-icon\" data-status=\"unmuted\">\n                                    <svg class=\"icon-unmute\">\n                                        <use xlink:href=\"https:\/\/staging.bordier.com\/wp-content\/themes\/bordier-wp\/assets\/img\/icons.svg#icon-unmute\"><\/use>\n                                    <\/svg>\n                                <\/div>\n            \n                            <\/div>\n\n                            <div class=\"expand\">\n                                <svg class=\"icon-expand\">\n                                    <use xlink:href=\"https:\/\/staging.bordier.com\/wp-content\/themes\/bordier-wp\/assets\/img\/icons.svg#icon-expand\"><\/use>\n                                <\/svg>\n\n                                <svg class=\"icon-collapse\">\n                                    <use xlink:href=\"https:\/\/staging.bordier.com\/wp-content\/themes\/bordier-wp\/assets\/img\/icons.svg#icon-collapse\"><\/use>\n                                <\/svg>\n                            <\/div>\n\n                        <\/div>\n\n                    <\/div>\n    \n                <\/div>\n            <\/div>\n        <\/div>\n\n    \n        <div class=\"video-controls\">\n\n            <div class=\"play-button\">\n\n                <div class=\"play-icon\" data-status=\"play\">\n                    <svg class=\"icon-play\">\n                        <use xlink:href=\"https:\/\/staging.bordier.com\/wp-content\/themes\/bordier-wp\/assets\/img\/icons.svg#icon-play\"><\/use>\n                    <\/svg>\n                <\/div>\n\n                <div class=\"play-icon\" data-status=\"pause\">\n                    <svg class=\"icon-pause\">\n                        <use xlink:href=\"https:\/\/staging.bordier.com\/wp-content\/themes\/bordier-wp\/assets\/img\/icons.svg#icon-pause\"><\/use>\n                    <\/svg>\n                <\/div>\n\n            <\/div>\n\n        <\/div>\n\n\n                    <figure class=\"video-cover\">\n                <img decoding=\"async\" src=\"https:\/\/staging.bordier.com\/wp-content\/uploads\/2024\/11\/Screenshot-2024-11-13-at-16.26.00.png\" alt=\"Video Cover\">\n            <\/figure>\n        \n    <\/figure>\n\n    \n<\/section>\n\n<\/div><\/div>\n\n\n\n<h3 class=\"wp-block-heading\"><em>Socios<\/em> comerciales<\/h3>\n\n\n\n<div class=\"wp-block-group wrapper-s spacing-vertical-s\"><div class=\"wp-block-group__inner-container is-layout-constrained wp-block-group-is-layout-constrained\">\n<hr class=\"wp-block-separator has-alpha-channel-opacity spacing-vertical-s\"\/>\n\n\n\n<h4 class=\"wp-block-heading\">Nuestro enfoque boutique proporciona <em>altos niveles<\/em> de adaptabilidad a <em>tus <\/em>necesidades y a las<em> de<\/em> tus clientes.<\/h4>\n\n\n\n<p>Tus retos y objetivos son m\u00e1s f\u00e1cilmente comprensibles para un Banco cuyos socios son propietarios de la empresa y la gestionan activamente<em> <\/em>.<\/p>\n<\/div><\/div>\n<\/div><\/div>\n\n<div class=\"wp-block-cover right-text\" style=\"min-height:10vw;aspect-ratio:unset;\"><span aria-hidden=\"true\" class=\"wp-block-cover__background has-black-background-color has-background-dim-20 has-background-dim\"><\/span><img alt=\"\" loading=\"lazy\" decoding=\"async\" width=\"2560\" height=\"907\" class=\"wp-block-cover__image-background wp-image-5549\" alt=\"\" src=\"https:\/\/staging.bordier.com\/wp-content\/uploads\/2024\/10\/Rectangle-scaled.jpg\" data-object-fit=\"cover\" srcset=\"https:\/\/staging.bordier.com\/wp-content\/uploads\/2024\/10\/Rectangle-scaled.jpg 2560w, https:\/\/staging.bordier.com\/wp-content\/uploads\/2024\/10\/Rectangle-300x106.jpg 300w, https:\/\/staging.bordier.com\/wp-content\/uploads\/2024\/10\/Rectangle-1024x363.jpg 1024w, https:\/\/staging.bordier.com\/wp-content\/uploads\/2024\/10\/Rectangle-768x272.jpg 768w, https:\/\/staging.bordier.com\/wp-content\/uploads\/2024\/10\/Rectangle-1536x544.jpg 1536w, https:\/\/staging.bordier.com\/wp-content\/uploads\/2024\/10\/Rectangle-2048x726.jpg 2048w\" sizes=\"auto, (max-width: 2560px) 100vw, 2560px\" \/><div class=\"wp-block-cover__inner-container is-layout-constrained wp-block-cover-is-layout-constrained\">\n<div class=\"wp-block-group\"><div class=\"wp-block-group__inner-container is-layout-constrained wp-block-group-is-layout-constrained\">\n<h4 class=\"wp-block-heading has-text-align-left has-large-font-size\">Bienvenido a la <em>familia<\/em><\/h4>\n\n\n\n<p class=\"has-small-font-size\">Env\u00eda un correo electr\u00f3nico a Bordier.<\/p>\n\n\n\n<div class=\"wp-block-buttons is-layout-flex wp-block-buttons-is-layout-flex\">\n<div class=\"wp-block-button is-style-fill blured\"><a class=\"wp-block-button__link wp-element-button\" href=\"https:\/\/staging.bordier.com\/es\/contacta-con-nosotros\/\"><strong>CONTACTO<\/strong><\/a><\/div>\n<\/div>\n<\/div><\/div>\n<\/div><\/div>\n","protected":false},"excerpt":{"rendered":"<p>Como custodios de la riqueza, entendemos que la banca privada es algo m\u00e1s que productos &#8230;<\/p>\n","protected":false},"author":1,"featured_media":0,"parent":0,"menu_order":70,"comment_status":"closed","ping_status":"closed","template":"","meta":{"_acf_changed":false,"_seopress_robots_primary_cat":"","_seopress_titles_title":"","_seopress_titles_desc":"","_seopress_robots_index":"","footnotes":""},"class_list":["post-11170","page","type-page","status-publish","hentry"],"acf":[],"_links":{"self":[{"href":"https:\/\/staging.bordier.com\/es\/wp-json\/wp\/v2\/pages\/11170","targetHints":{"allow":["GET"]}}],"collection":[{"href":"https:\/\/staging.bordier.com\/es\/wp-json\/wp\/v2\/pages"}],"about":[{"href":"https:\/\/staging.bordier.com\/es\/wp-json\/wp\/v2\/types\/page"}],"author":[{"embeddable":true,"href":"https:\/\/staging.bordier.com\/es\/wp-json\/wp\/v2\/users\/1"}],"replies":[{"embeddable":true,"href":"https:\/\/staging.bordier.com\/es\/wp-json\/wp\/v2\/comments?post=11170"}],"version-history":[{"count":3,"href":"https:\/\/staging.bordier.com\/es\/wp-json\/wp\/v2\/pages\/11170\/revisions"}],"predecessor-version":[{"id":12484,"href":"https:\/\/staging.bordier.com\/es\/wp-json\/wp\/v2\/pages\/11170\/revisions\/12484"}],"wp:attachment":[{"href":"https:\/\/staging.bordier.com\/es\/wp-json\/wp\/v2\/media?parent=11170"}],"curies":[{"name":"wp","href":"https:\/\/api.w.org\/{rel}","templated":true}]}}