{"id":11081,"date":"2024-06-21T11:59:12","date_gmt":"2024-06-21T11:59:12","guid":{"rendered":"https:\/\/staging.bordier.com\/a-propos-de-nous\/"},"modified":"2025-03-17T13:48:33","modified_gmt":"2025-03-17T13:48:33","slug":"qui-nous-sommes","status":"publish","type":"page","link":"https:\/\/staging.bordier.com\/fr\/qui-nous-sommes\/","title":{"rendered":"Qui nous sommes"},"content":{"rendered":"\n<section id=\"section-block_36814658252559c99c7370663a7ba6a6\" class=\"page-hero-outer type-default\">\n    <div class=\"holder\">\n        <div class=\"page-hero-content\">\n            <div class=\"acf-innerblocks-container\">\n\n<h6 class=\"wp-block-heading\">Bordier<\/h6>\n\n\n\n<h1 class=\"wp-block-heading text-indent-m mobile-no-indent\">Une famille et <strong><em>une entreprise<\/em> <\/strong><br>aux valeurs align\u00e9es<\/h1>\n\n<\/div>        <\/div>\n    <\/div>\n        <figure class=\"page-hero-bg\">\n        <img decoding=\"async\" \n            src=\"https:\/\/staging.bordier.com\/wp-content\/uploads\/2024\/08\/Hero-image-about.jpg\" \n            srcset=\"https:\/\/staging.bordier.com\/wp-content\/uploads\/2024\/08\/Hero-image-about.jpg 1440w, https:\/\/staging.bordier.com\/wp-content\/uploads\/2024\/08\/Hero-image-about-300x160.jpg 300w, https:\/\/staging.bordier.com\/wp-content\/uploads\/2024\/08\/Hero-image-about-1024x546.jpg 1024w, https:\/\/staging.bordier.com\/wp-content\/uploads\/2024\/08\/Hero-image-about-768x410.jpg 768w\"\n            alt=\"\"\n        >\n    <\/figure>\n    <\/section>\n\n\n<div class=\"wp-block-group wrapper-s background-light\"><div class=\"wp-block-group__inner-container is-layout-constrained wp-block-group-is-layout-constrained\">\n<h3 class=\"wp-block-heading\">Nous sommes une banque priv\u00e9e familiale <em>d\u00e9di\u00e9e<\/em> aux clients priv\u00e9s et \u00e0 leurs familles \u00e0 travers <em>le monde<\/em>.<\/h3>\n<\/div><\/div>\n\n\n\n<div class=\"wp-block-group\"><div class=\"wp-block-group__inner-container is-layout-constrained wp-block-group-is-layout-constrained\">\n<h2 class=\"wp-block-heading text-indent-s\"><strong>Notre <em>histoire<\/em><\/strong><\/h2>\n\n\n\n<div class=\"wp-block-group wrapper-s spacing-vertical-s\"><div class=\"wp-block-group__inner-container is-layout-constrained wp-block-group-is-layout-constrained\">\n<h4 class=\"wp-block-heading\">G\u00e9rer son argent peut \u00eatre source de stress. Particuli\u00e8rement lorsque beaucoup <em>de facteurs nous \u00e9chappent.<\/em><\/h4>\n\n\n\n<p class=\"text-indent-s\">Depuis notre fondation en 1844, les crises et les guerres ont pouss\u00e9 de nombreux \u00e9tablissements et m\u00eame des pays \u00e0 la faillite. Hausses et baisses se succ\u00e8dent inlassablement. La cl\u00e9 de notre p\u00e9rennit\u00e9 est notre capacit\u00e9 \u00e0 anticiper.<\/p>\n\n\n\n<p class=\"text-indent-s\">Plut\u00f4t que subir ces fluctuations, nous optons pour la patience, garante d&rsquo;une performance plus durable.<\/p>\n\n\n\n<p class=\"text-indent-s\">Le succ\u00e8s se construit dans le temps, en diversifiant les actifs et les devises et en investissant sur le long terme.<\/p>\n\n\n\n<p class=\"text-indent-s\">\u00c9tonnamment, c&rsquo;est lorsque les march\u00e9s baissent que nos clients nous appr\u00e9cient le plus. En lissant les mouvements de march\u00e9, nous faisons baisser votre niveau de stress.<\/p>\n<\/div><\/div>\n<\/div><\/div>\n\n\n\n<div class=\"wp-block-group\"><div class=\"wp-block-group__inner-container is-layout-constrained wp-block-group-is-layout-constrained\">\n<h3 class=\"wp-block-heading text-indent-m\"><strong>Nos <em>valeurs<\/em><\/strong><\/h3>\n\n\n\n<hr class=\"wp-block-separator has-alpha-channel-opacity\"\/>\n\n\n\n<section id=\"section-block_f37e1b547bdb5b2fecac3f89f6bbe89a\" class=\"listing-video-outer\">\n    <div class=\"holder\">\n        <div class=\"columns-holder\">\n            <div class=\"enum\">\n                                    <div class=\"enum-item\">\n                                                    <h6>Responsabilit\u00e9<\/h6>\n                        \n                        <article>\n                                                            <h3>Responsabilit\u00e9 illimit\u00e9e<\/h3>\n                                                                                        <p>En tant que banquiers priv\u00e9s, nous investissons notre propre capital et assumons une responsabilit\u00e9 illimit\u00e9e. Nous ne prenons aucun risque avec notre argent. Encore moins avec le v\u00f4tre.<\/p>\n                                                    <\/article>\n                    <\/div>\n                                    <div class=\"enum-item\">\n                                                    <h6>Ind\u00e9pendance<\/h6>\n                        \n                        <article>\n                                                            <h3>Int\u00e9grit\u00e9<\/h3>\n                                                                                        <p>Ind\u00e9pendants, nous n\u2019avons aucun compte \u00e0 rendre \u00e0 des actionnaires, seulement \u00e0 la prochaine g\u00e9n\u00e9ration.<\/p>\n                                                    <\/article>\n                    <\/div>\n                                    <div class=\"enum-item\">\n                                                    <h6>Solidit\u00e9<\/h6>\n                        \n                        <article>\n                                                            <h3>P\u00e9rennit\u00e9<\/h3>\n                                                                                        <p>Leader des banquiers priv\u00e9s suisses, Bordier affiche des r\u00e9sultats positifs depuis 1844.<\/p>\n                                                    <\/article>\n                    <\/div>\n                            <\/div>\n            <figure class=\"media-holder\">\n                <div class=\"acf-innerblocks-container\"><\/div>            <\/figure>\n        <\/div>\n    <\/div>\n<\/section>\n<\/div><\/div>\n\n\n\n<section id=\"section-block_6e6ac2ea8874e3aeacf9f870179709db\" class=\"marquee-list-outer\">\n    <div class=\"holder\">\n\n        <div class=\"marquee-text\">\n            <h4>Bordier<\/h4>\n            <h4><em>Bordier<\/em><\/h4>\n            <h4>Bordier<\/h4>\n            <h4><em>Bordier<\/em><\/h4>\n            <h4>Bordier<\/h4>\n            <h4><em>Bordier<\/em><\/h4>\n            <h4>Bordier<\/h4>\n            <h4><em>Bordier<\/em><\/h4>\n            <h4>Bordier<\/h4>\n            <h4><em>Bordier<\/em><\/h4>\n            <h4>Bordier<\/h4>\n            <h4><em>Bordier<\/em><\/h4>\n            <h4>Bordier<\/h4>\n            <h4><em>Bordier<\/em><\/h4>\n            <h4>Bordier<\/h4>\n            <h4><em>Bordier<\/em><\/h4>\n        <\/div>\n\n                    <div class=\"image-holder\">\n                <figure>\n                    <div class=\"main-image\">\n                    <img decoding=\"async\" \n                        src=\"https:\/\/staging.bordier.com\/wp-content\/uploads\/2024\/08\/image-864-1.jpg\" \n                        srcset=\"https:\/\/staging.bordier.com\/wp-content\/uploads\/2024\/08\/image-864-1.jpg 668w, https:\/\/staging.bordier.com\/wp-content\/uploads\/2024\/08\/image-864-1-300x156.jpg 300w\"\n                        alt=\"\"\n                    >\n                                        <figcaption>\n                        <p>Ami Bordier, fondateur de Bordier &#038; Cie, Associ\u00e9 de la premi\u00e8re g\u00e9n\u00e9ration.<\/p>\n                    <\/figcaption>\n                                        <\/div>\n                                            <div class=\"inner-image\">\n                            <img decoding=\"async\" \n                                src=\"https:\/\/staging.bordier.com\/wp-content\/uploads\/2024\/08\/family.jpg\" \n                                srcset=\"\"\n                                alt=\"\"\n                            >\n                                                        <figcaption>\n                                <p>Ami Bordier, entour\u00e9 de ses seize petits enfants.<\/p>\n                            <\/figcaption>\n                                                    <\/div>\n                                    <\/figure>\n            <\/div>\n        \n        \n    <\/div>\n<\/section>\n\n\n\n<div id=\"rare-responsibility\" class=\"wp-block-group wrapper-m\"><div class=\"wp-block-group__inner-container is-layout-constrained wp-block-group-is-layout-constrained\">\n<h2 class=\"wp-block-heading has-text-align-left text-indent-s text-right-indent-s tablet-no-indent\">Une responsabilit\u00e9 <em><strong>rare<\/strong><\/em><\/h2>\n\n\n\n<div class=\"wp-block-columns gap-large is-layout-flex wp-container-core-columns-is-layout-9d6595d7 wp-block-columns-is-layout-flex\">\n<div class=\"wp-block-column is-layout-flow wp-block-column-is-layout-flow\" style=\"flex-basis:33.33%\">\n<figure class=\"wp-block-image size-full\"><img alt=\"\" loading=\"lazy\" decoding=\"async\" width=\"645\" height=\"935\" src=\"https:\/\/staging.bordier.com\/wp-content\/uploads\/2025\/03\/Banque_Bordier_Geneve_Regis_Colombo_10538-1.jpg\" alt=\"\" class=\"wp-image-17611\" srcset=\"https:\/\/staging.bordier.com\/wp-content\/uploads\/2025\/03\/Banque_Bordier_Geneve_Regis_Colombo_10538-1.jpg 645w, https:\/\/staging.bordier.com\/wp-content\/uploads\/2025\/03\/Banque_Bordier_Geneve_Regis_Colombo_10538-1-207x300.jpg 207w\" sizes=\"auto, (max-width: 645px) 100vw, 645px\" \/><\/figure>\n<\/div>\n\n\n\n<div class=\"wp-block-column is-layout-flow wp-block-column-is-layout-flow\" style=\"flex-basis:66.66%\">\n<p>De nombreux \u00e9tablissements sont actifs dans la gestion priv\u00e9e, mais seules cinq banques peuvent se pr\u00e9valoir de la marque \u00abBanquiers Priv\u00e9s <sup>TM<\/sup>\u00bb.<\/p>\n\n\n\n<p>D\u00e9cern\u00e9e par l\u2019<a href=\"https:\/\/www.swissprivatebankers.ch\/fr\/\" data-type=\"link\" data-id=\"https:\/\/www.swissprivatebankers.ch\/fr\/\" target=\"_blank\" rel=\"noreferrer noopener\">Association des banquiers priv\u00e9s suisses<\/a>, cette appellation ne peut \u00eatre utilis\u00e9e que par une banque dont les associ\u00e9s assument une responsabilit\u00e9 illimit\u00e9e pour tous les engagements contract\u00e9s par la banque.<\/p>\n\n\n\n<p>Ainsi, nos associ\u00e9s sont personnellement responsables de vos investissements.<\/p>\n\n\n\n<p>Bordier est actuellement le plus important banquier priv\u00e9 suisse.<\/p>\n\n\n\n<p>Forte de pr\u00e8s de deux si\u00e8cles de savoir-faire, Bordier a d\u00e9velopp\u00e9 une expertise unique en gestion de fortune et en investissement durable.<\/p>\n<\/div>\n<\/div>\n<\/div><\/div>\n\n\n\n<figure class=\"wp-block-image size-full full-size-img\"><img alt=\"\" loading=\"lazy\" decoding=\"async\" width=\"2160\" height=\"1191\" src=\"https:\/\/staging.bordier.com\/wp-content\/uploads\/2024\/07\/about-image-2.jpg\" alt=\"\" class=\"wp-image-186\" srcset=\"https:\/\/staging.bordier.com\/wp-content\/uploads\/2024\/07\/about-image-2.jpg 2160w, https:\/\/staging.bordier.com\/wp-content\/uploads\/2024\/07\/about-image-2-300x165.jpg 300w, https:\/\/staging.bordier.com\/wp-content\/uploads\/2024\/07\/about-image-2-1024x565.jpg 1024w, https:\/\/staging.bordier.com\/wp-content\/uploads\/2024\/07\/about-image-2-768x423.jpg 768w, https:\/\/staging.bordier.com\/wp-content\/uploads\/2024\/07\/about-image-2-1536x847.jpg 1536w, https:\/\/staging.bordier.com\/wp-content\/uploads\/2024\/07\/about-image-2-2048x1129.jpg 2048w\" sizes=\"auto, (max-width: 2160px) 100vw, 2160px\" \/><\/figure>\n\n\n\n<div class=\"wp-block-group boxed narrow offset-top-m\"><div class=\"wp-block-group__inner-container is-layout-constrained wp-block-group-is-layout-constrained\">\n<div class=\"wp-block-group wrapper-m\"><div class=\"wp-block-group__inner-container is-layout-constrained wp-block-group-is-layout-constrained\">\n<h6 class=\"wp-block-heading text-indent-s\"><strong>Associ\u00e9s<\/strong><\/h6>\n\n\n\n<h2 class=\"wp-block-heading text-indent-s mobile-no-indent\">Des int\u00e9r\u00eats <em><strong>parfaitement align\u00e9s<\/strong><\/em><\/h2>\n\n\n\n<div class=\"wp-block-group wrapper-xs\"><div class=\"wp-block-group__inner-container is-layout-constrained wp-block-group-is-layout-constrained\">\n<p>Nous investissons notre propre capital dans les actifs que nous vous recommandons.<\/p>\n\n\n\n<p>En tant que banque familiale g\u00e9r\u00e9e et d\u00e9tenue par ses associ\u00e9s, nous sommes id\u00e9alement plac\u00e9s pour comprendre vos objectifs. Le respect mutuel, le contact humain et l\u2019int\u00e9grit\u00e9 constituent l&rsquo;essence de nos valeurs. Nous construisons des relations \u00e0 l\u2019\u00e9preuve du temps.<\/p>\n<\/div><\/div>\n<\/div><\/div>\n<\/div><\/div>\n\n\n\n<section id=\"section-block_6b82191247b7949ff95ea92b4591c05b\" class=\"people-list-outer  background-light type-default\">\n    <div class=\"holder\">\n                    <div class=\"people-list\">\n                                    <div class=\"people-list-item\">\n                        <div class=\"media-holder custom-video-outer\">\n                                                        <img decoding=\"async\" src=\"https:\/\/staging.bordier.com\/wp-content\/uploads\/2024\/11\/photo3-Gregoire--scaled.jpg\" alt=\"\" \/>\n                                                <\/div>\n                        <hgroup>\n                            <h3>Gr\u00e9goire <em>Bordier<\/em><\/h3>\n                                                            <p>Associ\u00e9 ind\u00e9finiment responsable<\/p>\n                                                                                <\/hgroup>\n                    <\/div>\n                                    <div class=\"people-list-item\">\n                        <div class=\"media-holder custom-video-outer\">\n                                                        <img decoding=\"async\" src=\"https:\/\/staging.bordier.com\/wp-content\/uploads\/2024\/11\/photo1-Evrard--scaled.jpg\" alt=\"\" \/>\n                                                <\/div>\n                        <hgroup>\n                            <h3>Evrard <em>Bordier<\/em><\/h3>\n                                                            <p>Associ\u00e9 ind\u00e9finiment responsable<\/p>\n                                                                                <\/hgroup>\n                    <\/div>\n                                    <div class=\"people-list-item\">\n                        <div class=\"media-holder custom-video-outer\">\n                                                        <img decoding=\"async\" src=\"https:\/\/staging.bordier.com\/wp-content\/uploads\/2024\/11\/photo2-SKANNILD--scaled.jpg\" alt=\"\" \/>\n                                                <\/div>\n                        <hgroup>\n                            <h3>Christian <em>Skaanild<\/em><\/h3>\n                                                            <p>Associ\u00e9 ind\u00e9finiment responsable<\/p>\n                                                                                <\/hgroup>\n                    <\/div>\n                            <\/div>\n            <\/div>\n<\/section>\n\n\n<section id=\"section-block_c00b4579460dd7586b84399f235a31d0\" class=\"people-list-outer alternative reversed-order type-default\">\n    <div class=\"holder\">\n                    <div class=\"people-list\">\n                                    <div class=\"people-list-item\">\n                        <div class=\"media-holder custom-video-outer\">\n                                                        <img decoding=\"async\" src=\"https:\/\/staging.bordier.com\/wp-content\/uploads\/2024\/11\/photo5-patrice-scaled.jpg\" alt=\"\" \/>\n                                                <\/div>\n                        <hgroup>\n                            <h3>Patrice <em>Lagnaux<\/em><\/h3>\n                                                            <p>Associ\u00e9 commanditaire<\/p>\n                                                                                <\/hgroup>\n                    <\/div>\n                                    <div class=\"people-list-item\">\n                        <div class=\"media-holder custom-video-outer\">\n                                                        <img decoding=\"async\" src=\"https:\/\/staging.bordier.com\/wp-content\/uploads\/2024\/11\/photo4-Alessandro-scaled.jpg\" alt=\"\" \/>\n                                                <\/div>\n                        <hgroup>\n                            <h3>Alessandro <em>Caldana<\/em><\/h3>\n                                                            <p>Associ\u00e9 commanditaire<\/p>\n                                                                                <\/hgroup>\n                    <\/div>\n                            <\/div>\n            <\/div>\n<\/section>\n\n\n<div class=\"wp-block-group background-light\"><div class=\"wp-block-group__inner-container is-layout-constrained wp-block-group-is-layout-constrained\">\n<h2 class=\"wp-block-heading has-text-align-center\">Le v\u00e9ritable succ\u00e8s se construit dans<em> la dur\u00e9e<\/em><\/h2>\n\n\n\n<div class=\"wp-block-group wrapper-m\"><div class=\"wp-block-group__inner-container is-layout-constrained wp-block-group-is-layout-constrained\">\n<h4 class=\"wp-block-heading\">Simplicit\u00e9, stabilit\u00e9 et durabilit\u00e9 sont les cl\u00e9s de notre succ\u00e8s, depuis pr\u00e8s de deux si\u00e8cles.<\/h4>\n\n\n\n<ul class=\"wp-block-list line-list text-indent-m wrapper-m\">\n<li>Le plus important banquier priv\u00e9 suisse<\/li>\n\n\n\n<li>D\u00e9tenu et dirig\u00e9 par la cinqui\u00e8me g\u00e9n\u00e9ration de nos fondateurs<\/li>\n\n\n\n<li>Plus ind\u00e9pendants que jamais<\/li>\n<\/ul>\n\n\n\n<h4 class=\"wp-block-heading\">Le Groupe Bordier vise une croissance durable <br>et une stabilit\u00e9 \u00e0 long terme.<\/h4>\n\n\n\n<ul class=\"wp-block-list line-list text-indent-m wrapper-m\">\n<li>Ratio de fonds propres durs (CET1) B\u00e2le III de 35%, trois fois sup\u00e9rieur au minimum r\u00e9glementaire.<\/li>\n\n\n\n<li>Ratio de liquidit\u00e9 entre 4 et 15 fois&nbsp;sup\u00e9rieur au minimum exig\u00e9.<\/li>\n\n\n\n<li>Croissance et r\u00e9sultats positifs depuis pr\u00e8s de deux si\u00e8cles.<\/li>\n<\/ul>\n<\/div><\/div>\n<\/div><\/div>\n\n\n\n<section id=\"section-block_e8329090376e72663dd9edd93175c778\" class=\"locations-outer\">\n    <div class=\"holder\">\n\n        <hgroup>\n            <div class=\"acf-innerblocks-container\">\n\n<h2 class=\"wp-block-heading\">Un savoir-faire qui ne conna\u00eet pas <em>de fronti\u00e8res<\/em><\/h2>\n\n<\/div>        <\/hgroup>\n\n                    <span class=\"bgr-text\">\n                Our<br> <em>Offices<\/em>            <\/span>\n        \n        <div class=\"image-text-holder\">\n\n            \n            <div class=\"custom-video-outer location-video\">\n                <figure class=\"custom-video\">\n                    <video autoplay loop muted playsinline>\n                        <source src=\"https:\/\/player.vimeo.com\/progressive_redirect\/playback\/1030636801\/rendition\/540p\/file.mp4?loc=external&#038;signature=af17f36620b68c8584583c516ca19f122fb82de85116797008e7175ef4b0369d\" type=\"video\/mp4\">\n                        Your browser does not support the video tag.                    <\/video>\n                    \n                <\/figure>\n\n            <\/div>\n\n            \n            <div class=\"locations\">\n                                <a href=\"\/locations\/france\/\" class=\"single-location\">\n                    <h4 data-text=\"France\" class=\"active\"><span>France<\/span><\/h4>\n                <\/a>\n                                <a href=\"\/locations\/singapore\/\" class=\"single-location\">\n                    <h4 data-text=\"Singapore\" class=\"\"><span>Singapore<\/span><\/h4>\n                <\/a>\n                                <a href=\"\/locations\/switzerland\/\" class=\"single-location\">\n                    <h4 data-text=\"Suisse\" class=\"\"><span>Suisse<\/span><\/h4>\n                <\/a>\n                                <a href=\"\/locations\/uruguay\/\" class=\"single-location\">\n                    <h4 data-text=\"Uruguay\" class=\"\"><span>Uruguay<\/span><\/h4>\n                <\/a>\n                                <a href=\"https:\/\/www.bordieruk.com\/\" class=\"single-location\">\n                    <h4 data-text=\"Royaume-Uni\" class=\"\"><span>Royaume-Uni<\/span><\/h4>\n                <\/a>\n                                <a href=\"\/locations\/turks-caicos\/\" class=\"single-location\">\n                    <h4 data-text=\"Turks &amp; Caicos\" class=\"\"><span>Turks &amp; Caicos<\/span><\/h4>\n                <\/a>\n                            <\/div>\n\n        <\/div>\n    <\/div>\n<\/section>\n\n\n\n\n<div class=\"wp-block-cover right-text\" style=\"min-height:10vw;aspect-ratio:unset;\"><span aria-hidden=\"true\" class=\"wp-block-cover__background has-black-background-color has-background-dim-20 has-background-dim\"><\/span><img alt=\"\" loading=\"lazy\" decoding=\"async\" width=\"2560\" height=\"907\" class=\"wp-block-cover__image-background wp-image-5549\" alt=\"\" src=\"https:\/\/staging.bordier.com\/wp-content\/uploads\/2024\/10\/Rectangle-scaled.jpg\" data-object-fit=\"cover\" srcset=\"https:\/\/staging.bordier.com\/wp-content\/uploads\/2024\/10\/Rectangle-scaled.jpg 2560w, https:\/\/staging.bordier.com\/wp-content\/uploads\/2024\/10\/Rectangle-300x106.jpg 300w, https:\/\/staging.bordier.com\/wp-content\/uploads\/2024\/10\/Rectangle-1024x363.jpg 1024w, https:\/\/staging.bordier.com\/wp-content\/uploads\/2024\/10\/Rectangle-768x272.jpg 768w, https:\/\/staging.bordier.com\/wp-content\/uploads\/2024\/10\/Rectangle-1536x544.jpg 1536w, https:\/\/staging.bordier.com\/wp-content\/uploads\/2024\/10\/Rectangle-2048x726.jpg 2048w\" sizes=\"auto, (max-width: 2560px) 100vw, 2560px\" \/><div class=\"wp-block-cover__inner-container is-layout-constrained wp-block-cover-is-layout-constrained\">\n<div class=\"wp-block-group\"><div class=\"wp-block-group__inner-container is-layout-constrained wp-block-group-is-layout-constrained\">\n<h4 class=\"wp-block-heading has-text-align-left has-large-font-size\">Bienvenue dans la <em>famille<\/em><\/h4>\n\n\n\n<p class=\"has-small-font-size\">Contactez-nous pour imaginer votre avenir.<\/p>\n\n\n\n<div class=\"wp-block-buttons is-layout-flex wp-block-buttons-is-layout-flex\">\n<div class=\"wp-block-button is-style-fill blured\"><a class=\"wp-block-button__link wp-element-button\" href=\"https:\/\/staging.bordier.com\/fr\/contactez-nous\/\"><strong>CONTACT<\/strong><\/a><\/div>\n<\/div>\n<\/div><\/div>\n<\/div><\/div>\n","protected":false},"excerpt":{"rendered":"<p>Nous sommes une banque priv\u00e9e familiale d\u00e9di\u00e9e aux clients priv\u00e9s et \u00e0 leurs familles \u00e0 &#8230;<\/p>\n","protected":false},"author":1,"featured_media":0,"parent":0,"menu_order":10,"comment_status":"closed","ping_status":"closed","template":"","meta":{"_acf_changed":false,"_seopress_robots_primary_cat":"","_seopress_titles_title":"A propos de nous","_seopress_titles_desc":"Nous sommes une banque priv\u00e9e familiale d\u00e9di\u00e9e aux clients priv\u00e9s et \u00e0 leurs familles dans le monde entier.","_seopress_robots_index":"","footnotes":""},"class_list":["post-11081","page","type-page","status-publish","hentry"],"acf":[],"_links":{"self":[{"href":"https:\/\/staging.bordier.com\/fr\/wp-json\/wp\/v2\/pages\/11081","targetHints":{"allow":["GET"]}}],"collection":[{"href":"https:\/\/staging.bordier.com\/fr\/wp-json\/wp\/v2\/pages"}],"about":[{"href":"https:\/\/staging.bordier.com\/fr\/wp-json\/wp\/v2\/types\/page"}],"author":[{"embeddable":true,"href":"https:\/\/staging.bordier.com\/fr\/wp-json\/wp\/v2\/users\/1"}],"replies":[{"embeddable":true,"href":"https:\/\/staging.bordier.com\/fr\/wp-json\/wp\/v2\/comments?post=11081"}],"version-history":[{"count":3,"href":"https:\/\/staging.bordier.com\/fr\/wp-json\/wp\/v2\/pages\/11081\/revisions"}],"predecessor-version":[{"id":17621,"href":"https:\/\/staging.bordier.com\/fr\/wp-json\/wp\/v2\/pages\/11081\/revisions\/17621"}],"wp:attachment":[{"href":"https:\/\/staging.bordier.com\/fr\/wp-json\/wp\/v2\/media?parent=11081"}],"curies":[{"name":"wp","href":"https:\/\/api.w.org\/{rel}","templated":true}]}}