{"id":11090,"date":"2024-06-21T11:59:23","date_gmt":"2024-06-21T11:59:23","guid":{"rendered":"https:\/\/staging.bordier.com\/solutions\/"},"modified":"2025-02-11T14:13:17","modified_gmt":"2025-02-11T14:13:17","slug":"solutions","status":"publish","type":"page","link":"https:\/\/staging.bordier.com\/fr\/solutions\/","title":{"rendered":"Solutions"},"content":{"rendered":"\n<section id=\"section-block_b3dc29a85139ca1595f750c3c89812f3\" class=\"page-hero-outer type-default\">\n    <div class=\"holder\">\n        <div class=\"page-hero-content\">\n            <div class=\"acf-innerblocks-container\">\n\n<h6 class=\"wp-block-heading\">Bordier<\/h6>\n\n\n\n<h1 class=\"wp-block-heading text-indent-l mobile-no-indent\">Des solutions align\u00e9es <strong><em>sur vos besoins<\/em><\/strong><\/h1>\n\n<\/div>        <\/div>\n    <\/div>\n        <figure class=\"page-hero-bg\">\n        <img decoding=\"async\" \n            src=\"https:\/\/staging.bordier.com\/wp-content\/uploads\/2024\/07\/heero-family.jpg\" \n            srcset=\"https:\/\/staging.bordier.com\/wp-content\/uploads\/2024\/07\/heero-family.jpg 2160w, https:\/\/staging.bordier.com\/wp-content\/uploads\/2024\/07\/heero-family-300x160.jpg 300w, https:\/\/staging.bordier.com\/wp-content\/uploads\/2024\/07\/heero-family-1024x546.jpg 1024w, https:\/\/staging.bordier.com\/wp-content\/uploads\/2024\/07\/heero-family-768x410.jpg 768w, https:\/\/staging.bordier.com\/wp-content\/uploads\/2024\/07\/heero-family-1536x819.jpg 1536w, https:\/\/staging.bordier.com\/wp-content\/uploads\/2024\/07\/heero-family-2048x1092.jpg 2048w\"\n            alt=\"\"\n        >\n    <\/figure>\n    <\/section>\n\n\n<div class=\"wp-block-group wrapper-s background-light\"><div class=\"wp-block-group__inner-container is-layout-constrained wp-block-group-is-layout-constrained\">\n<h3 class=\"wp-block-heading\">Nous <em>pr\u00e9servons<\/em> et<em> d\u00e9veloppons<\/em> le patrimoine de nos clients \u00e0 travers le monde.<\/h3>\n<\/div><\/div>\n\n\n\n<div class=\"wp-block-group spacing-vertical-s\"><div class=\"wp-block-group__inner-container is-layout-constrained wp-block-group-is-layout-constrained\">\n<div class=\"wp-block-columns are-vertically-aligned-center tablet-stack-columns is-layout-flex wp-container-core-columns-is-layout-9d6595d7 wp-block-columns-is-layout-flex\">\n<div class=\"wp-block-column is-vertically-aligned-center is-layout-flow wp-block-column-is-layout-flow\" style=\"flex-basis:40%\">\n<p>Gr\u00e9goire Bordier, Associ\u00e9 chez Bordier &amp; Cie, pr\u00e9sente notre offre de services.<\/p>\n<\/div>\n\n\n\n<div class=\"wp-block-column is-vertically-aligned-center is-layout-flow wp-block-column-is-layout-flow\">\n<section id=\"section-block_3227c2aa976367027b498516c4f4164e\" class=\"custom-video-outer\">\n\n    \n    <figure class=\"custom-video\">\n\n        <div class=\"video-popup-holder\">\n            <div class=\"video-holder\">\n                <video loop playsinline>\n                    <source src=\"https:\/\/player.vimeo.com\/progressive_redirect\/playback\/1051264576\/rendition\/1080p\/file.mp4?loc=external&#038;signature=88435d6cfbe483ab26a66f044caee53a845b5fdc7fac5030c1b0e719dd98ce26\" type=\"video\/mp4\">\n                    Your browser does not support the video tag.                <\/video>\n                <div class=\"video-controls\">\n\n                    <div class=\"exit-button\">\n                        <svg class=\"icon-close\">\n                            <use xlink:href=\"https:\/\/staging.bordier.com\/wp-content\/themes\/bordier-wp\/assets\/img\/icons.svg#icon-close\"><\/use>\n                        <\/svg>\n                    <\/div>\n    \n                    <div class=\"play-button\">\n    \n                        <div class=\"play-icon\" data-status=\"play\">\n                            <svg class=\"icon-play\">\n                                <use xlink:href=\"https:\/\/staging.bordier.com\/wp-content\/themes\/bordier-wp\/assets\/img\/icons.svg#icon-play\"><\/use>\n                            <\/svg>\n                        <\/div>\n    \n                        <div class=\"play-icon\" data-status=\"pause\">\n                            <svg class=\"icon-pause\">\n                                <use xlink:href=\"https:\/\/staging.bordier.com\/wp-content\/themes\/bordier-wp\/assets\/img\/icons.svg#icon-pause\"><\/use>\n                            <\/svg>\n                        <\/div>\n    \n                    <\/div>\n\n                    <div class=\"bottom-controls\">\n\n                        <span class=\"video-length\"><\/span>\n                        \n                        <div class=\"progress-bar\"> \n                            <div class=\"time-bar\"><\/div>\n                            <input class=\"vimeovideo-progress-seek\" type=\"range\" min=\"0\" max=\"100\" step=\"0.1\" value=\"0\" data-vimeovideo=\"seek\">\n                            <progress class=\"vimeovideo-progress-played\" max=\"100\" value=\"0\" role=\"presentation\"><\/progress>\n                        <\/div>\n\n                        <div class=\"left-side\">\n                            <div class=\"small-play-button\">\n\n                                <svg class=\"icon-play\">\n                                    <use xlink:href=\"https:\/\/staging.bordier.com\/wp-content\/themes\/bordier-wp\/assets\/img\/icons.svg#icon-play\"><\/use>\n                                <\/svg>\n\n                                <svg class=\"icon-pause\">\n                                    <use xlink:href=\"https:\/\/staging.bordier.com\/wp-content\/themes\/bordier-wp\/assets\/img\/icons.svg#icon-pause\"><\/use>\n                                <\/svg>\n\n                            <\/div>\n                        <\/div>\n\n                        <div class=\"right-side\">\n\n                            <div class=\"volume-control\">\n            \n                                <div class=\"mute-icon\" data-status=\"muted\">\n                                    <svg class=\"icon-mute\">\n                                        <use xlink:href=\"https:\/\/staging.bordier.com\/wp-content\/themes\/bordier-wp\/assets\/img\/icons.svg#icon-mute\"><\/use>\n                                    <\/svg>\n                                <\/div>\n                                <div class=\"mute-icon\" data-status=\"unmuted\">\n                                    <svg class=\"icon-unmute\">\n                                        <use xlink:href=\"https:\/\/staging.bordier.com\/wp-content\/themes\/bordier-wp\/assets\/img\/icons.svg#icon-unmute\"><\/use>\n                                    <\/svg>\n                                <\/div>\n            \n                            <\/div>\n\n                            <div class=\"expand\">\n                                <svg class=\"icon-expand\">\n                                    <use xlink:href=\"https:\/\/staging.bordier.com\/wp-content\/themes\/bordier-wp\/assets\/img\/icons.svg#icon-expand\"><\/use>\n                                <\/svg>\n\n                                <svg class=\"icon-collapse\">\n                                    <use xlink:href=\"https:\/\/staging.bordier.com\/wp-content\/themes\/bordier-wp\/assets\/img\/icons.svg#icon-collapse\"><\/use>\n                                <\/svg>\n                            <\/div>\n\n                        <\/div>\n\n                    <\/div>\n    \n                <\/div>\n            <\/div>\n        <\/div>\n\n    \n        <div class=\"video-controls\">\n\n            <div class=\"play-button\">\n\n                <div class=\"play-icon\" data-status=\"play\">\n                    <svg class=\"icon-play\">\n                        <use xlink:href=\"https:\/\/staging.bordier.com\/wp-content\/themes\/bordier-wp\/assets\/img\/icons.svg#icon-play\"><\/use>\n                    <\/svg>\n                <\/div>\n\n                <div class=\"play-icon\" data-status=\"pause\">\n                    <svg class=\"icon-pause\">\n                        <use xlink:href=\"https:\/\/staging.bordier.com\/wp-content\/themes\/bordier-wp\/assets\/img\/icons.svg#icon-pause\"><\/use>\n                    <\/svg>\n                <\/div>\n\n            <\/div>\n\n        <\/div>\n\n\n                    <figure class=\"video-cover\">\n                <img decoding=\"async\" src=\"https:\/\/staging.bordier.com\/wp-content\/uploads\/2025\/02\/Gregoire-Bordier-fr-1.jpg\" alt=\"Video Cover\">\n            <\/figure>\n        \n    <\/figure>\n\n    \n<\/section>\n\n<\/div>\n<\/div>\n<\/div><\/div>\n\n\n\n<div class=\"wp-block-group\"><div class=\"wp-block-group__inner-container is-layout-constrained wp-block-group-is-layout-constrained\">\n<h3 class=\"wp-block-heading\">D\u00e9couvrez&nbsp;<em>nos solutions<\/em> :<\/h3>\n\n\n\n<div class=\"wp-block-columns tablet-stack-columns is-layout-flex wp-container-core-columns-is-layout-9d6595d7 wp-block-columns-is-layout-flex\">\n<div class=\"wp-block-column is-layout-flow wp-block-column-is-layout-flow\">\n<figure class=\"wp-block-image size-full\"><img alt=\"red-building\" loading=\"lazy\" decoding=\"async\" width=\"437\" height=\"435\" src=\"https:\/\/staging.bordier.com\/wp-content\/uploads\/2024\/08\/Rectangle-223.jpg\" alt=\"\" class=\"wp-image-3241\" srcset=\"https:\/\/staging.bordier.com\/wp-content\/uploads\/2024\/08\/Rectangle-223.jpg 437w, https:\/\/staging.bordier.com\/wp-content\/uploads\/2024\/08\/Rectangle-223-300x300.jpg 300w, https:\/\/staging.bordier.com\/wp-content\/uploads\/2024\/08\/Rectangle-223-150x150.jpg 150w\" sizes=\"auto, (max-width: 437px) 100vw, 437px\" \/><\/figure>\n\n\n\n<h4 class=\"wp-block-heading\">Nous investissons<br>avec vous<\/h4>\n\n\n\n<p class=\"arrow-link\"><a href=\"https:\/\/staging.bordier.com\/fr\/solutions\/gestion-privee\/\" data-type=\"link\" data-id=\"https:\/\/staging.bordier.com\/solutions\/wealth-management\/\">GESTION PRIV\u00c9E<\/a><\/p>\n<\/div>\n\n\n\n<div class=\"wp-block-column is-layout-flow wp-block-column-is-layout-flow\">\n<figure class=\"wp-block-image size-full\"><img alt=\"\" loading=\"lazy\" decoding=\"async\" width=\"438\" height=\"435\" src=\"https:\/\/staging.bordier.com\/wp-content\/uploads\/2024\/08\/Rectangle-224.jpg\" alt=\"\" class=\"wp-image-3242\" srcset=\"https:\/\/staging.bordier.com\/wp-content\/uploads\/2024\/08\/Rectangle-224.jpg 438w, https:\/\/staging.bordier.com\/wp-content\/uploads\/2024\/08\/Rectangle-224-300x298.jpg 300w, https:\/\/staging.bordier.com\/wp-content\/uploads\/2024\/08\/Rectangle-224-150x150.jpg 150w\" sizes=\"auto, (max-width: 438px) 100vw, 438px\" \/><\/figure>\n\n\n\n<h4 class=\"wp-block-heading\">Nous investissons<br>pour vous<\/h4>\n\n\n\n<p class=\"arrow-link\"><a href=\"https:\/\/staging.bordier.com\/fr\/solutions\/gestion-institutionnelle-privee\/\" data-type=\"link\" data-id=\"https:\/\/staging.bordier.com\/solutions\/private-asset-management\/\">GESTION INSTITUTIONNELLE PRIV\u00c9E<\/a><\/p>\n<\/div>\n\n\n\n<div class=\"wp-block-column is-layout-flow wp-block-column-is-layout-flow\">\n<figure class=\"wp-block-image size-full\"><img alt=\"\" loading=\"lazy\" decoding=\"async\" width=\"437\" height=\"435\" src=\"https:\/\/staging.bordier.com\/wp-content\/uploads\/2024\/08\/Rectangle-225.jpg\" alt=\"\" class=\"wp-image-3243\" srcset=\"https:\/\/staging.bordier.com\/wp-content\/uploads\/2024\/08\/Rectangle-225.jpg 437w, https:\/\/staging.bordier.com\/wp-content\/uploads\/2024\/08\/Rectangle-225-300x300.jpg 300w, https:\/\/staging.bordier.com\/wp-content\/uploads\/2024\/08\/Rectangle-225-150x150.jpg 150w\" sizes=\"auto, (max-width: 437px) 100vw, 437px\" \/><\/figure>\n\n\n\n<h4 class=\"wp-block-heading\">Nous investissons<br>plus loin<\/h4>\n\n\n\n<p class=\"arrow-link\"><a href=\"https:\/\/staging.bordier.com\/fr\/solutions\/family-services\/\" data-type=\"page\" data-id=\"17\">FAMILY SERVICES<\/a><\/p>\n<\/div>\n<\/div>\n<\/div><\/div>\n\n\n\n<div class=\"wp-block-group wrapper-s spacing-vertical-s\"><div class=\"wp-block-group__inner-container is-layout-constrained wp-block-group-is-layout-constrained\">\n<h3 class=\"wp-block-heading text-indent-m mobile-no-indent\">Ou <em><a href=\"https:\/\/staging.bordier.com\/fr\/contactez-nous\/#\" data-type=\"link\" data-id=\"https:\/\/staging.bordier.com\/fr\/contactez-nous\/#\"><mark style=\"background-color:rgba(0, 0, 0, 0)\" class=\"has-inline-color has-vivid-red-color\">contactez-nous<\/mark><\/a><\/em> pour discuter de <strong>votre situation.<\/strong><\/h3>\n<\/div><\/div>\n\n\n\n<div class=\"wp-block-cover right-text\" style=\"min-height:10vw;aspect-ratio:unset;\"><span aria-hidden=\"true\" class=\"wp-block-cover__background has-black-background-color has-background-dim-20 has-background-dim\"><\/span><img alt=\"\" loading=\"lazy\" decoding=\"async\" width=\"2560\" height=\"907\" class=\"wp-block-cover__image-background wp-image-5549\" alt=\"\" src=\"https:\/\/staging.bordier.com\/wp-content\/uploads\/2024\/10\/Rectangle-scaled.jpg\" data-object-fit=\"cover\" srcset=\"https:\/\/staging.bordier.com\/wp-content\/uploads\/2024\/10\/Rectangle-scaled.jpg 2560w, https:\/\/staging.bordier.com\/wp-content\/uploads\/2024\/10\/Rectangle-300x106.jpg 300w, https:\/\/staging.bordier.com\/wp-content\/uploads\/2024\/10\/Rectangle-1024x363.jpg 1024w, https:\/\/staging.bordier.com\/wp-content\/uploads\/2024\/10\/Rectangle-768x272.jpg 768w, https:\/\/staging.bordier.com\/wp-content\/uploads\/2024\/10\/Rectangle-1536x544.jpg 1536w, https:\/\/staging.bordier.com\/wp-content\/uploads\/2024\/10\/Rectangle-2048x726.jpg 2048w\" sizes=\"auto, (max-width: 2560px) 100vw, 2560px\" \/><div class=\"wp-block-cover__inner-container is-layout-constrained wp-block-cover-is-layout-constrained\">\n<div class=\"wp-block-group\"><div class=\"wp-block-group__inner-container is-layout-constrained wp-block-group-is-layout-constrained\">\n<h4 class=\"wp-block-heading has-text-align-left has-large-font-size\">Bienvenue dans la <em>famille<\/em><\/h4>\n\n\n\n<p class=\"has-small-font-size\">Contactez-nous pour imaginer votre avenir.<\/p>\n\n\n\n<div class=\"wp-block-buttons is-layout-flex wp-block-buttons-is-layout-flex\">\n<div class=\"wp-block-button is-style-fill blured\"><a class=\"wp-block-button__link wp-element-button\" href=\"https:\/\/staging.bordier.com\/fr\/contactez-nous\/\"><strong>CONTACT<\/strong><\/a><\/div>\n<\/div>\n<\/div><\/div>\n<\/div><\/div>\n","protected":false},"excerpt":{"rendered":"<p>Nous pr\u00e9servons et d\u00e9veloppons le patrimoine de nos clients \u00e0 travers le monde. Gr\u00e9goire Bordier, &#8230;<\/p>\n","protected":false},"author":1,"featured_media":0,"parent":0,"menu_order":20,"comment_status":"closed","ping_status":"closed","template":"","meta":{"_acf_changed":false,"_seopress_robots_primary_cat":"","_seopress_titles_title":"","_seopress_titles_desc":"","_seopress_robots_index":"","footnotes":""},"class_list":["post-11090","page","type-page","status-publish","hentry"],"acf":[],"_links":{"self":[{"href":"https:\/\/staging.bordier.com\/fr\/wp-json\/wp\/v2\/pages\/11090","targetHints":{"allow":["GET"]}}],"collection":[{"href":"https:\/\/staging.bordier.com\/fr\/wp-json\/wp\/v2\/pages"}],"about":[{"href":"https:\/\/staging.bordier.com\/fr\/wp-json\/wp\/v2\/types\/page"}],"author":[{"embeddable":true,"href":"https:\/\/staging.bordier.com\/fr\/wp-json\/wp\/v2\/users\/1"}],"replies":[{"embeddable":true,"href":"https:\/\/staging.bordier.com\/fr\/wp-json\/wp\/v2\/comments?post=11090"}],"version-history":[{"count":3,"href":"https:\/\/staging.bordier.com\/fr\/wp-json\/wp\/v2\/pages\/11090\/revisions"}],"predecessor-version":[{"id":17058,"href":"https:\/\/staging.bordier.com\/fr\/wp-json\/wp\/v2\/pages\/11090\/revisions\/17058"}],"wp:attachment":[{"href":"https:\/\/staging.bordier.com\/fr\/wp-json\/wp\/v2\/media?parent=11090"}],"curies":[{"name":"wp","href":"https:\/\/api.w.org\/{rel}","templated":true}]}}