{"id":11100,"date":"2024-06-21T11:59:49","date_gmt":"2024-06-21T11:59:49","guid":{"rendered":"https:\/\/staging.bordier.com\/solutions\/gestion-dactifs-prives\/"},"modified":"2025-01-28T15:16:43","modified_gmt":"2025-01-28T15:16:43","slug":"gestion-institutionnelle-privee","status":"publish","type":"page","link":"https:\/\/staging.bordier.com\/fr\/solutions\/gestion-institutionnelle-privee\/","title":{"rendered":"Gestion Institutionnelle Priv\u00e9e"},"content":{"rendered":"\n<section id=\"section-block_2111997e063868c4b1f09be550295d6b\" class=\"page-hero-outer type-default\">\n    <div class=\"holder\">\n        <div class=\"page-hero-content\">\n            <div class=\"acf-innerblocks-container\">\n\n<h6 class=\"wp-block-heading\">Bordier gestion institutionnelle priv\u00e9e<\/h6>\n\n\n\n<h1 class=\"wp-block-heading text-indent-m mobile-no-indent\">Aligner discipline <br><strong>et <em>diversification<\/em><\/strong><\/h1>\n\n<\/div>        <\/div>\n    <\/div>\n        <figure class=\"page-hero-bg\">\n        <img decoding=\"async\" \n            src=\"https:\/\/staging.bordier.com\/wp-content\/uploads\/2024\/08\/Private-Asset-Management-Hero.jpg\" \n            srcset=\"https:\/\/staging.bordier.com\/wp-content\/uploads\/2024\/08\/Private-Asset-Management-Hero.jpg 1440w, https:\/\/staging.bordier.com\/wp-content\/uploads\/2024\/08\/Private-Asset-Management-Hero-300x160.jpg 300w, https:\/\/staging.bordier.com\/wp-content\/uploads\/2024\/08\/Private-Asset-Management-Hero-1024x546.jpg 1024w, https:\/\/staging.bordier.com\/wp-content\/uploads\/2024\/08\/Private-Asset-Management-Hero-768x410.jpg 768w\"\n            alt=\"\"\n        >\n    <\/figure>\n    <\/section>\n\n\n<div class=\"wp-block-group wrapper-m\"><div class=\"wp-block-group__inner-container is-layout-constrained wp-block-group-is-layout-constrained\">\n<h3 class=\"wp-block-heading\">Une expertise <em>institutionnelle<\/em> <br>au service de la<em> gestion priv\u00e9e<\/em><\/h3>\n<\/div><\/div>\n\n\n\n<div class=\"wp-block-group wrapper-m spacing-top-xs paragraph-spacing-bottom\"><div class=\"wp-block-group__inner-container is-layout-constrained wp-block-group-is-layout-constrained\">\n<h3 class=\"wp-block-heading\">Une approche <em>institutionnelle<\/em><\/h3>\n\n\n\n<hr class=\"wp-block-separator has-alpha-channel-opacity spacing-vertical-s\"\/>\n\n\n\n<p class=\"text-indent-s\">Nous vous donnons acc\u00e8s \u00e0 une approche habituellement r\u00e9serv\u00e9e aux investisseurs institutionnels, assortie d\u2019un contr\u00f4le des risques rigoureux et de benchmarks stricts.<\/p>\n\n\n\n<h3 class=\"wp-block-heading\">Un choix <em>\u00e9tendu<\/em><\/h3>\n\n\n\n<hr class=\"wp-block-separator has-alpha-channel-opacity spacing-vertical-s\"\/>\n\n\n\n<p class=\"text-indent-s\">Dans le cadre d\u2019un mandat pr\u00e9d\u00e9fini, nos experts en investissements cr\u00e9ent une allocation diversifi\u00e9e et dynamique constitu\u00e9e d\u2019actions, d\u2019obligations, de fonds, de cr\u00e9dits et d\u2019actifs non cot\u00e9s, tels qu\u2019entreprises priv\u00e9es, immobilier ou infrastructure.<\/p>\n\n\n\n<h3 class=\"wp-block-heading\">Toujours <em>benchmark\u00e9s<\/em><\/h3>\n\n\n\n<hr class=\"wp-block-separator has-alpha-channel-opacity spacing-vertical-s\"\/>\n\n\n\n<p class=\"text-indent-s\">Notre ambition est toujours d&rsquo;\u00e9galer ou de d\u00e9passer le benchmark choisi. Un rapport mensuel d\u00e9taill\u00e9 garantit un suivi attentif de votre performance et un contr\u00f4le rigoureux des risques. Pour vous comme pour nous.<\/p>\n<\/div><\/div>\n\n\n\n<figure class=\"wp-block-image size-full full-size-img\"><img loading=\"lazy\" decoding=\"async\" width=\"1440\" height=\"645\" src=\"https:\/\/staging.bordier.com\/wp-content\/uploads\/2025\/01\/3-2.jpg\" alt=\"Silhouette walking up red-lit stairs\" class=\"wp-image-13509\" srcset=\"https:\/\/staging.bordier.com\/wp-content\/uploads\/2025\/01\/3-2.jpg 1440w, https:\/\/staging.bordier.com\/wp-content\/uploads\/2025\/01\/3-2-300x134.jpg 300w, https:\/\/staging.bordier.com\/wp-content\/uploads\/2025\/01\/3-2-1024x459.jpg 1024w, https:\/\/staging.bordier.com\/wp-content\/uploads\/2025\/01\/3-2-768x344.jpg 768w\" sizes=\"auto, (max-width: 1440px) 100vw, 1440px\" \/><\/figure>\n\n\n\n<div class=\"wp-block-group wrapper-xs\"><div class=\"wp-block-group__inner-container is-layout-constrained wp-block-group-is-layout-constrained\">\n<h6 class=\"wp-block-heading has-text-align-center text-indent-s mobile-no-indent\">Bordier gestion institutionnelle priv\u00e9e<\/h6>\n\n\n\n<h2 class=\"wp-block-heading has-text-align-left text-indent-l\">Planifier.<br><em><strong>Ex\u00e9cuter.<\/strong><\/em> Diversifier.<\/h2>\n\n\n\n<p class=\"has-text-align-center\">La mani\u00e8re la plus simple et s\u00fbre de g\u00e9n\u00e9rer de la performance.<\/p>\n<\/div><\/div>\n\n\n\n<div class=\"wp-block-group wrapper-m background-light\"><div class=\"wp-block-group__inner-container is-layout-constrained wp-block-group-is-layout-constrained\">\n<h2 class=\"wp-block-heading has-text-align-center\">Mieux.<br><em>G\u00e9r\u00e9<\/em>.<\/h2>\n\n\n\n<hr class=\"wp-block-separator has-alpha-channel-opacity\"\/>\n\n\n\n<div class=\"wp-block-group wrapper-xs\"><div class=\"wp-block-group__inner-container is-layout-constrained wp-block-group-is-layout-constrained\">\n<p>Chaque cat\u00e9gorie d&rsquo;actifs a ses particularit\u00e9s, ses risques, ses avantages. Dans ce contexte, comment \u00e9valuer votre performance&nbsp;?<\/p>\n\n\n\n<p>Nous d\u00e9finissons un cadre solide qui assure davantage de diversification \u00e0 votre portefeuille. Nous analysons avec soin toutes les classes d&rsquo;actifs et leurs benchmarks respectifs. En termes de performance, l\u2019objectif est d\u2019\u00e9galer ou de d\u00e9passer l\u2019indice de r\u00e9f\u00e9rence.<\/p>\n\n\n\n<p>Notre approche \u00e9limine les biais, l\u2019incertitude, et r\u00e9duit les risques. Un rapport mensuel d\u00e9taill\u00e9 vous permet de suivre de pr\u00e8s votre performance.<\/p>\n<\/div><\/div>\n<\/div><\/div>\n\n\n\n<div class=\"wp-block-cover right-text\" style=\"min-height:10vw;aspect-ratio:unset;\"><span aria-hidden=\"true\" class=\"wp-block-cover__background has-black-background-color has-background-dim-20 has-background-dim\"><\/span><img alt=\"\" loading=\"lazy\" decoding=\"async\" width=\"2560\" height=\"907\" class=\"wp-block-cover__image-background wp-image-5549\" alt=\"\" src=\"https:\/\/staging.bordier.com\/wp-content\/uploads\/2024\/10\/Rectangle-scaled.jpg\" data-object-fit=\"cover\" srcset=\"https:\/\/staging.bordier.com\/wp-content\/uploads\/2024\/10\/Rectangle-scaled.jpg 2560w, https:\/\/staging.bordier.com\/wp-content\/uploads\/2024\/10\/Rectangle-300x106.jpg 300w, https:\/\/staging.bordier.com\/wp-content\/uploads\/2024\/10\/Rectangle-1024x363.jpg 1024w, https:\/\/staging.bordier.com\/wp-content\/uploads\/2024\/10\/Rectangle-768x272.jpg 768w, https:\/\/staging.bordier.com\/wp-content\/uploads\/2024\/10\/Rectangle-1536x544.jpg 1536w, https:\/\/staging.bordier.com\/wp-content\/uploads\/2024\/10\/Rectangle-2048x726.jpg 2048w\" sizes=\"auto, (max-width: 2560px) 100vw, 2560px\" \/><div class=\"wp-block-cover__inner-container is-layout-constrained wp-block-cover-is-layout-constrained\">\n<div class=\"wp-block-group\"><div class=\"wp-block-group__inner-container is-layout-constrained wp-block-group-is-layout-constrained\">\n<h4 class=\"wp-block-heading has-text-align-left has-large-font-size\">Bienvenue dans la <em>famille<\/em><\/h4>\n\n\n\n<p class=\"has-small-font-size\">Pour optimiser votre performance, contactez-nous.<\/p>\n\n\n\n<div class=\"wp-block-buttons is-layout-flex wp-block-buttons-is-layout-flex\">\n<div class=\"wp-block-button is-style-fill blured\"><a class=\"wp-block-button__link wp-element-button\" href=\"https:\/\/staging.bordier.com\/fr\/contactez-nous\/\"><strong>CONTACT<\/strong><\/a><\/div>\n<\/div>\n<\/div><\/div>\n<\/div><\/div>\n","protected":false},"excerpt":{"rendered":"<p>Une expertise institutionnelle au service de la gestion priv\u00e9e Une approche institutionnelle Nous vous donnons &#8230;<\/p>\n","protected":false},"author":1,"featured_media":0,"parent":11090,"menu_order":20,"comment_status":"closed","ping_status":"closed","template":"","meta":{"_acf_changed":false,"_seopress_robots_primary_cat":"","_seopress_titles_title":"","_seopress_titles_desc":"","_seopress_robots_index":"","footnotes":""},"class_list":["post-11100","page","type-page","status-publish","hentry"],"acf":[],"_links":{"self":[{"href":"https:\/\/staging.bordier.com\/fr\/wp-json\/wp\/v2\/pages\/11100","targetHints":{"allow":["GET"]}}],"collection":[{"href":"https:\/\/staging.bordier.com\/fr\/wp-json\/wp\/v2\/pages"}],"about":[{"href":"https:\/\/staging.bordier.com\/fr\/wp-json\/wp\/v2\/types\/page"}],"author":[{"embeddable":true,"href":"https:\/\/staging.bordier.com\/fr\/wp-json\/wp\/v2\/users\/1"}],"replies":[{"embeddable":true,"href":"https:\/\/staging.bordier.com\/fr\/wp-json\/wp\/v2\/comments?post=11100"}],"version-history":[{"count":3,"href":"https:\/\/staging.bordier.com\/fr\/wp-json\/wp\/v2\/pages\/11100\/revisions"}],"predecessor-version":[{"id":15716,"href":"https:\/\/staging.bordier.com\/fr\/wp-json\/wp\/v2\/pages\/11100\/revisions\/15716"}],"up":[{"embeddable":true,"href":"https:\/\/staging.bordier.com\/fr\/wp-json\/wp\/v2\/pages\/11090"}],"wp:attachment":[{"href":"https:\/\/staging.bordier.com\/fr\/wp-json\/wp\/v2\/media?parent=11100"}],"curies":[{"name":"wp","href":"https:\/\/api.w.org\/{rel}","templated":true}]}}