{"id":11107,"date":"2024-06-21T11:59:39","date_gmt":"2024-06-21T11:59:39","guid":{"rendered":"https:\/\/staging.bordier.com\/solutions\/gestion-de-patrimoine\/"},"modified":"2025-02-18T13:22:57","modified_gmt":"2025-02-18T13:22:57","slug":"gestion-privee","status":"publish","type":"page","link":"https:\/\/staging.bordier.com\/fr\/solutions\/gestion-privee\/","title":{"rendered":"Gestion Priv\u00e9e"},"content":{"rendered":"\n<section id=\"section-block_4088fdac1b7afcc7ef566819fa43a351\" class=\"page-hero-outer type-default\">\n    <div class=\"holder\">\n        <div class=\"page-hero-content\">\n            <div class=\"acf-innerblocks-container\">\n\n<h6 class=\"wp-block-heading\">Bordier gestion priv\u00e9e<\/h6>\n\n\n\n<h1 class=\"wp-block-heading text-indent-xl\">Aligner opportunit\u00e9s <br><em><strong>et s\u00e9curit\u00e9<\/strong><\/em><\/h1>\n\n<\/div>        <\/div>\n    <\/div>\n        <figure class=\"page-hero-bg\">\n        <img decoding=\"async\" \n            src=\"https:\/\/staging.bordier.com\/wp-content\/uploads\/2024\/08\/Wealth-Management-Hero.jpg\" \n            srcset=\"https:\/\/staging.bordier.com\/wp-content\/uploads\/2024\/08\/Wealth-Management-Hero.jpg 1440w, https:\/\/staging.bordier.com\/wp-content\/uploads\/2024\/08\/Wealth-Management-Hero-300x160.jpg 300w, https:\/\/staging.bordier.com\/wp-content\/uploads\/2024\/08\/Wealth-Management-Hero-1024x547.jpg 1024w, https:\/\/staging.bordier.com\/wp-content\/uploads\/2024\/08\/Wealth-Management-Hero-768x410.jpg 768w\"\n            alt=\"\"\n        >\n    <\/figure>\n    <\/section>\n\n\n<div class=\"wp-block-group wrapper-m\"><div class=\"wp-block-group__inner-container is-layout-constrained wp-block-group-is-layout-constrained\">\n<h6 class=\"wp-block-heading no-bottom-spacing\">Notre mission<\/h6>\n\n\n\n<h3 class=\"wp-block-heading\">Protection et <em>croissance durable<\/em><\/h3>\n\n\n\n<div class=\"wp-block-group wrapper-s\"><div class=\"wp-block-group__inner-container is-layout-constrained wp-block-group-is-layout-constrained\">\n<p>Dans un monde en constante mutation, notre mission est de construire des portefeuilles afin de prot\u00e9ger et faire cro\u00eetre durablement votre patrimoine.<\/p>\n\n\n\n<section id=\"section-block_93f5a0f19cec6d0f6c5af00e59fa9272\" class=\"custom-video-outer full-width \">\n\n    \n    <figure class=\"custom-video\">\n\n        <div class=\"video-popup-holder\">\n            <div class=\"video-holder\">\n                <video loop playsinline>\n                    <source src=\"https:\/\/player.vimeo.com\/progressive_redirect\/playback\/1051487801\/rendition\/1080p\/file.mp4?loc=external&#038;signature=0b409efd8c10274e9a28168f0404b100c6600e4f8e231208cb0e42d7d3fabf1a\" type=\"video\/mp4\">\n                    Your browser does not support the video tag.                <\/video>\n                <div class=\"video-controls\">\n\n                    <div class=\"exit-button\">\n                        <svg class=\"icon-close\">\n                            <use xlink:href=\"https:\/\/staging.bordier.com\/wp-content\/themes\/bordier-wp\/assets\/img\/icons.svg#icon-close\"><\/use>\n                        <\/svg>\n                    <\/div>\n    \n                    <div class=\"play-button\">\n    \n                        <div class=\"play-icon\" data-status=\"play\">\n                            <svg class=\"icon-play\">\n                                <use xlink:href=\"https:\/\/staging.bordier.com\/wp-content\/themes\/bordier-wp\/assets\/img\/icons.svg#icon-play\"><\/use>\n                            <\/svg>\n                        <\/div>\n    \n                        <div class=\"play-icon\" data-status=\"pause\">\n                            <svg class=\"icon-pause\">\n                                <use xlink:href=\"https:\/\/staging.bordier.com\/wp-content\/themes\/bordier-wp\/assets\/img\/icons.svg#icon-pause\"><\/use>\n                            <\/svg>\n                        <\/div>\n    \n                    <\/div>\n\n                    <div class=\"bottom-controls\">\n\n                        <span class=\"video-length\"><\/span>\n                        \n                        <div class=\"progress-bar\"> \n                            <div class=\"time-bar\"><\/div>\n                            <input class=\"vimeovideo-progress-seek\" type=\"range\" min=\"0\" max=\"100\" step=\"0.1\" value=\"0\" data-vimeovideo=\"seek\">\n                            <progress class=\"vimeovideo-progress-played\" max=\"100\" value=\"0\" role=\"presentation\"><\/progress>\n                        <\/div>\n\n                        <div class=\"left-side\">\n                            <div class=\"small-play-button\">\n\n                                <svg class=\"icon-play\">\n                                    <use xlink:href=\"https:\/\/staging.bordier.com\/wp-content\/themes\/bordier-wp\/assets\/img\/icons.svg#icon-play\"><\/use>\n                                <\/svg>\n\n                                <svg class=\"icon-pause\">\n                                    <use xlink:href=\"https:\/\/staging.bordier.com\/wp-content\/themes\/bordier-wp\/assets\/img\/icons.svg#icon-pause\"><\/use>\n                                <\/svg>\n\n                            <\/div>\n                        <\/div>\n\n                        <div class=\"right-side\">\n\n                            <div class=\"volume-control\">\n            \n                                <div class=\"mute-icon\" data-status=\"muted\">\n                                    <svg class=\"icon-mute\">\n                                        <use xlink:href=\"https:\/\/staging.bordier.com\/wp-content\/themes\/bordier-wp\/assets\/img\/icons.svg#icon-mute\"><\/use>\n                                    <\/svg>\n                                <\/div>\n                                <div class=\"mute-icon\" data-status=\"unmuted\">\n                                    <svg class=\"icon-unmute\">\n                                        <use xlink:href=\"https:\/\/staging.bordier.com\/wp-content\/themes\/bordier-wp\/assets\/img\/icons.svg#icon-unmute\"><\/use>\n                                    <\/svg>\n                                <\/div>\n            \n                            <\/div>\n\n                            <div class=\"expand\">\n                                <svg class=\"icon-expand\">\n                                    <use xlink:href=\"https:\/\/staging.bordier.com\/wp-content\/themes\/bordier-wp\/assets\/img\/icons.svg#icon-expand\"><\/use>\n                                <\/svg>\n\n                                <svg class=\"icon-collapse\">\n                                    <use xlink:href=\"https:\/\/staging.bordier.com\/wp-content\/themes\/bordier-wp\/assets\/img\/icons.svg#icon-collapse\"><\/use>\n                                <\/svg>\n                            <\/div>\n\n                        <\/div>\n\n                    <\/div>\n    \n                <\/div>\n            <\/div>\n        <\/div>\n\n    \n        <div class=\"video-controls\">\n\n            <div class=\"play-button\">\n\n                <div class=\"play-icon\" data-status=\"play\">\n                    <svg class=\"icon-play\">\n                        <use xlink:href=\"https:\/\/staging.bordier.com\/wp-content\/themes\/bordier-wp\/assets\/img\/icons.svg#icon-play\"><\/use>\n                    <\/svg>\n                <\/div>\n\n                <div class=\"play-icon\" data-status=\"pause\">\n                    <svg class=\"icon-pause\">\n                        <use xlink:href=\"https:\/\/staging.bordier.com\/wp-content\/themes\/bordier-wp\/assets\/img\/icons.svg#icon-pause\"><\/use>\n                    <\/svg>\n                <\/div>\n\n            <\/div>\n\n        <\/div>\n\n\n                    <figure class=\"video-cover\">\n                <img decoding=\"async\" src=\"https:\/\/staging.bordier.com\/wp-content\/uploads\/2025\/02\/Frederic-Potelle-fr-1.jpg\" alt=\"Video Cover\">\n            <\/figure>\n        \n    <\/figure>\n\n    \n<\/section>\n\n<\/div><\/div>\n\n\n\n<h6 class=\"wp-block-heading no-bottom-spacing\">Notre philosophie d&rsquo;investissement<\/h6>\n\n\n\n<h3 class=\"wp-block-heading\"><em>Priorit\u00e9<\/em> \u00e0 la pr\u00e9servation<\/h3>\n\n\n\n<div class=\"wp-block-group wrapper-s\"><div class=\"wp-block-group__inner-container is-layout-constrained wp-block-group-is-layout-constrained\">\n<p>La pr\u00e9servation du capital est source de surperformance \u00e0 long terme.<\/p>\n<\/div><\/div>\n<\/div><\/div>\n\n\n\n<div class=\"wp-block-group wrapper-s\"><div class=\"wp-block-group__inner-container is-layout-constrained wp-block-group-is-layout-constrained\">\n<h3 class=\"wp-block-heading\">Notre approche<\/h3>\n\n\n\n<ul class=\"wp-block-list line-list text-indent-s\">\n<li>Comprendre vos priorit\u00e9s, pr\u00e9server votre patrimoine<\/li>\n\n\n\n<li>Multi-gestionnaires, multi-march\u00e9s, multi-actifs<\/li>\n\n\n\n<li>Ind\u00e9pendant et libre de tout conflit d&rsquo;int\u00e9r\u00eats<\/li>\n<\/ul>\n\n\n\n<h3 class=\"wp-block-heading\">Construction de portefeuille<\/h3>\n\n\n\n<ul class=\"wp-block-list line-list text-indent-s\">\n<li>Gestion active et dynamique de votre portefeuille<\/li>\n\n\n\n<li>Priorit\u00e9 \u00e0 la protection du patrimoine<\/li>\n\n\n\n<li>Allocation d&rsquo;actifs strat\u00e9gique et diversifi\u00e9e<\/li>\n<\/ul>\n\n\n\n<h3 class=\"wp-block-heading\">Gestion<\/h3>\n\n\n\n<ul class=\"wp-block-list line-list text-indent-s\">\n<li>Nous combinons placements en lignes directes et architecture ouverte<\/li>\n\n\n\n<li>Couverture tactique en fonction de l&rsquo;\u00e9volution des march\u00e9s<\/li>\n<\/ul>\n<\/div><\/div>\n\n\n\n<figure class=\"wp-block-image size-full full-size-img\"><img loading=\"lazy\" decoding=\"async\" width=\"1440\" height=\"645\" src=\"https:\/\/staging.bordier.com\/wp-content\/uploads\/2024\/08\/bordier-hero-tree-2-2.jpg\" alt=\"Avion Solar Stratos\" class=\"wp-image-4002\" srcset=\"https:\/\/staging.bordier.com\/wp-content\/uploads\/2024\/08\/bordier-hero-tree-2-2.jpg 1440w, https:\/\/staging.bordier.com\/wp-content\/uploads\/2024\/08\/bordier-hero-tree-2-2-300x134.jpg 300w, https:\/\/staging.bordier.com\/wp-content\/uploads\/2024\/08\/bordier-hero-tree-2-2-1024x459.jpg 1024w, https:\/\/staging.bordier.com\/wp-content\/uploads\/2024\/08\/bordier-hero-tree-2-2-768x344.jpg 768w\" sizes=\"auto, (max-width: 1440px) 100vw, 1440px\" \/><\/figure>\n\n\n\n<div class=\"wp-block-group boxed offset-top-m wrapper-m items-border-bottom\"><div class=\"wp-block-group__inner-container is-layout-constrained wp-block-group-is-layout-constrained\">\n<div class=\"wp-block-group wrapper-s\"><div class=\"wp-block-group__inner-container is-layout-constrained wp-block-group-is-layout-constrained\">\n<h2 class=\"wp-block-heading has-text-align-left text-indent-m tablet-no-indent\">Investir <br><em><strong>dans l\u2019avenir<\/strong><\/em><\/h2>\n<\/div><\/div>\n\n\n\n<section id=\"section-block_d7b087b07f200cd217a1ecc85e04ad32\" class=\"content-list-outer type-numbered-list-v2\">\n    <div class=\"holder\">\n                    <div class=\"content-list\">\n                                    <div class=\"content-list-item \">\n                                                <div class=\"content-holder\">\n                            <h6><span data-sheets-root=\"1\">Private equity<\/span><\/h6>\n<h3><span data-sheets-root=\"1\">Nous rendons l&rsquo;inaccessible accessible<\/span><\/h3>\n<p><span data-sheets-root=\"1\">Recherch\u00e9 pour ses rendements attractifs, le private equity est difficile d&rsquo;acc\u00e8s. Gr\u00e2ce \u00e0 nos relations privil\u00e9gi\u00e9es, nous vous ouvrons la porte de cet univers exclusif.<\/span><\/p>\n                        <\/div>\n                                                \n                        <div class=\"video-holder custom-video-outer\">\n\n                            <figure class=\"custom-video\">\n\n                                <div class=\"video-popup-holder\">\n                                    <div class=\"video-holder\">\n                                        <video loop playsinline>\n                                            <source src=\"https:\/\/player.vimeo.com\/progressive_redirect\/playback\/1057828406\/rendition\/1080p\/file.mp4?loc=external&#038;signature=0fd9d0fff0c1046e0794e64c98d9290cd602cb33c25640272e4c241f62ac232c&#038;user_id=53914995\" type=\"video\/mp4\">\n                                            Your browser does not support the video tag.                                        <\/video>\n                                        <div class=\"video-controls\">\n\n                                            <div class=\"exit-button\">\n                                                <svg class=\"icon-close\">\n                                                    <use xlink:href=\"https:\/\/staging.bordier.com\/wp-content\/themes\/bordier-wp\/assets\/img\/icons.svg#icon-close\"><\/use>\n                                                <\/svg>\n                                            <\/div>\n\n                                            <div class=\"play-button\">\n\n                                                <div class=\"play-icon\" data-status=\"play\">\n                                                    <svg class=\"icon-play\">\n                                                        <use xlink:href=\"https:\/\/staging.bordier.com\/wp-content\/themes\/bordier-wp\/assets\/img\/icons.svg#icon-play\"><\/use>\n                                                    <\/svg>\n                                                <\/div>\n\n                                                <div class=\"play-icon\" data-status=\"pause\">\n                                                    <svg class=\"icon-pause\">\n                                                        <use xlink:href=\"https:\/\/staging.bordier.com\/wp-content\/themes\/bordier-wp\/assets\/img\/icons.svg#icon-pause\"><\/use>\n                                                    <\/svg>\n                                                <\/div>\n\n                                            <\/div>\n\n                                            <div class=\"bottom-controls\">\n\n                                                <span class=\"video-length\"><\/span>\n                                                \n                                                <div class=\"progress-bar\"> \n                                                    <div class=\"time-bar\"><\/div>\n                                                    <input class=\"vimeovideo-progress-seek\" type=\"range\" min=\"0\" max=\"100\" step=\"0.1\" value=\"0\" data-vimeovideo=\"seek\">\n                                                    <progress class=\"vimeovideo-progress-played\" max=\"100\" value=\"0\" role=\"presentation\"><\/progress>\n                                                <\/div>\n\n                                                <div class=\"left-side\">\n                                                    <div class=\"small-play-button\">\n\n                                                        <svg class=\"icon-play\">\n                                                            <use xlink:href=\"https:\/\/staging.bordier.com\/wp-content\/themes\/bordier-wp\/assets\/img\/icons.svg#icon-play\"><\/use>\n                                                        <\/svg>\n\n                                                        <svg class=\"icon-pause\">\n                                                            <use xlink:href=\"https:\/\/staging.bordier.com\/wp-content\/themes\/bordier-wp\/assets\/img\/icons.svg#icon-pause\"><\/use>\n                                                        <\/svg>\n\n                                                    <\/div>\n                                                <\/div>\n\n                                                <div class=\"right-side\">\n\n                                                    <div class=\"volume-control\">\n                                    \n                                                        <div class=\"mute-icon\" data-status=\"muted\">\n                                                            <svg class=\"icon-mute\">\n                                                                <use xlink:href=\"https:\/\/staging.bordier.com\/wp-content\/themes\/bordier-wp\/assets\/img\/icons.svg#icon-mute\"><\/use>\n                                                            <\/svg>\n                                                        <\/div>\n                                                        <div class=\"mute-icon\" data-status=\"unmuted\">\n                                                            <svg class=\"icon-unmute\">\n                                                                <use xlink:href=\"https:\/\/staging.bordier.com\/wp-content\/themes\/bordier-wp\/assets\/img\/icons.svg#icon-unmute\"><\/use>\n                                                            <\/svg>\n                                                        <\/div>\n                                    \n                                                    <\/div>\n\n                                                    <div class=\"expand\">\n                                                        <svg class=\"icon-expand\">\n                                                            <use xlink:href=\"https:\/\/staging.bordier.com\/wp-content\/themes\/bordier-wp\/assets\/img\/icons.svg#icon-expand\"><\/use>\n                                                        <\/svg>\n\n                                                        <svg class=\"icon-collapse\">\n                                                            <use xlink:href=\"https:\/\/staging.bordier.com\/wp-content\/themes\/bordier-wp\/assets\/img\/icons.svg#icon-collapse\"><\/use>\n                                                        <\/svg>\n                                                    <\/div>\n\n                                                <\/div>\n\n                                            <\/div>\n\n                                        <\/div>\n                                    <\/div>\n                                <\/div>\n\n                                <div class=\"video-controls\">\n\n                                    <div class=\"play-button\">\n\n                                        <div class=\"play-icon\" data-status=\"play\">\n                                            <svg class=\"icon-play\">\n                                                <use xlink:href=\"https:\/\/staging.bordier.com\/wp-content\/themes\/bordier-wp\/assets\/img\/icons.svg#icon-play\"><\/use>\n                                            <\/svg>\n                                        <\/div>\n\n                                        <div class=\"play-icon\" data-status=\"pause\">\n                                            <svg class=\"icon-pause\">\n                                                <use xlink:href=\"https:\/\/staging.bordier.com\/wp-content\/themes\/bordier-wp\/assets\/img\/icons.svg#icon-pause\"><\/use>\n                                            <\/svg>\n                                        <\/div>\n\n                                    <\/div>\n\n                                <\/div>\n\n                                                                    <figure class=\"video-cover\">\n                                        <img decoding=\"async\" src=\"https:\/\/staging.bordier.com\/wp-content\/uploads\/2025\/02\/Christian-Skaanild-fr-1.jpg\" alt=\"Video Cover\">\n                                    <\/figure>\n                                \n                            <\/figure>\n\n                        <\/div>\n\n                                            <\/div>\n                                    <div class=\"content-list-item \">\n                                                <div class=\"content-holder\">\n                            <h6><span data-sheets-root=\"1\">Cryptomonnaies<\/span><\/h6>\n<h3><span data-sheets-root=\"1\">Pour plus de facilit\u00e9<br \/>\net de s\u00e9curit\u00e9<\/span><\/h3>\n<p><span data-sheets-root=\"1\">Les actifs num\u00e9riques sont int\u00e9gr\u00e9s \u00e0 notre plateforme, vous permettant de traiter des cryptomonnaies en toute s\u00e9curit\u00e9 via une banque suisse strictement r\u00e9glement\u00e9e.<\/span><\/p>\n                        <\/div>\n                                                                    <\/div>\n                                    <div class=\"content-list-item \">\n                                                <div class=\"content-holder\">\n                            <h6><span data-sheets-root=\"1\">Innovation<\/span><\/h6>\n<h3><span data-sheets-root=\"1\">Certains parlent,<br \/>\nnous agissons<\/span><\/h3>\n<p><span data-sheets-root=\"1\">Nos mod\u00e8les d&rsquo;investissements innovants vont au-del\u00e0 des mod\u00e8les traditionnels et anticipent vos attentes. Afin de vous offrir de nouveaux leviers de croissance, nous combinons fonds traditionnels et alternatifs, private equity, dette priv\u00e9e et produits structur\u00e9s complexes.<\/span><\/p>\n                        <\/div>\n                                                                    <\/div>\n                            <\/div>\n            <\/div>\n<\/section><\/div><\/div>\n\n\n\n<div class=\"wp-block-cover right-text\" style=\"min-height:10vw;aspect-ratio:unset;\"><span aria-hidden=\"true\" class=\"wp-block-cover__background has-black-background-color has-background-dim-20 has-background-dim\"><\/span><img alt=\"\" loading=\"lazy\" decoding=\"async\" width=\"2560\" height=\"907\" class=\"wp-block-cover__image-background wp-image-5549\" alt=\"\" src=\"https:\/\/staging.bordier.com\/wp-content\/uploads\/2024\/10\/Rectangle-scaled.jpg\" data-object-fit=\"cover\" srcset=\"https:\/\/staging.bordier.com\/wp-content\/uploads\/2024\/10\/Rectangle-scaled.jpg 2560w, https:\/\/staging.bordier.com\/wp-content\/uploads\/2024\/10\/Rectangle-300x106.jpg 300w, https:\/\/staging.bordier.com\/wp-content\/uploads\/2024\/10\/Rectangle-1024x363.jpg 1024w, https:\/\/staging.bordier.com\/wp-content\/uploads\/2024\/10\/Rectangle-768x272.jpg 768w, https:\/\/staging.bordier.com\/wp-content\/uploads\/2024\/10\/Rectangle-1536x544.jpg 1536w, https:\/\/staging.bordier.com\/wp-content\/uploads\/2024\/10\/Rectangle-2048x726.jpg 2048w\" sizes=\"auto, (max-width: 2560px) 100vw, 2560px\" \/><div class=\"wp-block-cover__inner-container is-layout-constrained wp-block-cover-is-layout-constrained\">\n<div class=\"wp-block-group\"><div class=\"wp-block-group__inner-container is-layout-constrained wp-block-group-is-layout-constrained\">\n<h4 class=\"wp-block-heading has-text-align-left has-large-font-size\">Bienvenue dans la <em>famille<\/em><\/h4>\n\n\n\n<p class=\"has-small-font-size\">Contactez-nous pour imaginer votre avenir.<\/p>\n\n\n\n<div class=\"wp-block-buttons is-layout-flex wp-block-buttons-is-layout-flex\">\n<div class=\"wp-block-button is-style-fill blured\"><a class=\"wp-block-button__link wp-element-button\" href=\"https:\/\/staging.bordier.com\/fr\/contactez-nous\/\"><strong>CONTACT<\/strong><\/a><\/div>\n<\/div>\n<\/div><\/div>\n<\/div><\/div>\n","protected":false},"excerpt":{"rendered":"<p>Notre mission Protection et croissance durable Dans un monde en constante mutation, notre mission est &#8230;<\/p>\n","protected":false},"author":1,"featured_media":0,"parent":11090,"menu_order":10,"comment_status":"closed","ping_status":"closed","template":"","meta":{"_acf_changed":false,"_seopress_robots_primary_cat":"","_seopress_titles_title":"","_seopress_titles_desc":"","_seopress_robots_index":"","footnotes":""},"class_list":["post-11107","page","type-page","status-publish","hentry"],"acf":[],"_links":{"self":[{"href":"https:\/\/staging.bordier.com\/fr\/wp-json\/wp\/v2\/pages\/11107","targetHints":{"allow":["GET"]}}],"collection":[{"href":"https:\/\/staging.bordier.com\/fr\/wp-json\/wp\/v2\/pages"}],"about":[{"href":"https:\/\/staging.bordier.com\/fr\/wp-json\/wp\/v2\/types\/page"}],"author":[{"embeddable":true,"href":"https:\/\/staging.bordier.com\/fr\/wp-json\/wp\/v2\/users\/1"}],"replies":[{"embeddable":true,"href":"https:\/\/staging.bordier.com\/fr\/wp-json\/wp\/v2\/comments?post=11107"}],"version-history":[{"count":3,"href":"https:\/\/staging.bordier.com\/fr\/wp-json\/wp\/v2\/pages\/11107\/revisions"}],"predecessor-version":[{"id":17244,"href":"https:\/\/staging.bordier.com\/fr\/wp-json\/wp\/v2\/pages\/11107\/revisions\/17244"}],"up":[{"embeddable":true,"href":"https:\/\/staging.bordier.com\/fr\/wp-json\/wp\/v2\/pages\/11090"}],"wp:attachment":[{"href":"https:\/\/staging.bordier.com\/fr\/wp-json\/wp\/v2\/media?parent=11107"}],"curies":[{"name":"wp","href":"https:\/\/api.w.org\/{rel}","templated":true}]}}