{"id":11147,"date":"2024-07-08T08:43:17","date_gmt":"2024-07-08T08:43:17","guid":{"rendered":"https:\/\/staging.bordier.com\/collaborations\/"},"modified":"2025-02-11T14:15:39","modified_gmt":"2025-02-11T14:15:39","slug":"collaborations","status":"publish","type":"page","link":"https:\/\/staging.bordier.com\/fr\/collaborations\/","title":{"rendered":"Collaborations"},"content":{"rendered":"\n<section id=\"section-block_43cb4e9cb05a263992443b0cd9412205\" class=\"page-hero-outer type-default\">\n    <div class=\"holder\">\n        <div class=\"page-hero-content\">\n            <div class=\"acf-innerblocks-container\">\n\n<h6 class=\"wp-block-heading\">Collaboration<\/h6>\n\n\n\n<h1 class=\"wp-block-heading text-indent-s mobile-no-indent\">Nous <em>croyons<\/em> en <strong><em>l&rsquo;intelligence<\/em> collective<\/strong><\/h1>\n\n<\/div>        <\/div>\n    <\/div>\n        <figure class=\"page-hero-bg\">\n        <img decoding=\"async\" \n            src=\"https:\/\/staging.bordier.com\/wp-content\/uploads\/2024\/08\/bordier-collaboration-hero.jpg\" \n            srcset=\"https:\/\/staging.bordier.com\/wp-content\/uploads\/2024\/08\/bordier-collaboration-hero.jpg 1440w, https:\/\/staging.bordier.com\/wp-content\/uploads\/2024\/08\/bordier-collaboration-hero-300x160.jpg 300w, https:\/\/staging.bordier.com\/wp-content\/uploads\/2024\/08\/bordier-collaboration-hero-1024x546.jpg 1024w, https:\/\/staging.bordier.com\/wp-content\/uploads\/2024\/08\/bordier-collaboration-hero-768x410.jpg 768w\"\n            alt=\"\"\n        >\n    <\/figure>\n    <\/section>\n\n\n<div class=\"wp-block-group wrapper-s\"><div class=\"wp-block-group__inner-container is-layout-constrained wp-block-group-is-layout-constrained\">\n<p>Sp\u00e9cialis\u00e9s dans la gestion de patrimoine, nous sommes convaincus que la banque priv\u00e9e ne se limite pas \u00e0 la performance et \u00e0 la s\u00e9lection de produits financiers. Nous collaborons avec des g\u00e9rants de fortune <em>ind\u00e9pendants<\/em> et leurs clients, des institutions financi\u00e8res et des partenaires sp\u00e9cialis\u00e9s tels qu\u2019avocats, fiduciaires, experts en art, fintech, etc.<\/p>\n<\/div><\/div>\n\n\n\n<div id=\"external-asset-managers\" class=\"wp-block-group wrapper-m background-light spacing-vertical-s\"><div class=\"wp-block-group__inner-container is-layout-constrained wp-block-group-is-layout-constrained\">\n<h3 class=\"wp-block-heading\">G\u00e9rants de fortune <em>ind\u00e9pendants<\/em><\/h3>\n\n\n\n<div class=\"wp-block-group wrapper-s spacing-bottom-m\"><div class=\"wp-block-group__inner-container is-layout-constrained wp-block-group-is-layout-constrained\">\n<hr class=\"wp-block-separator has-alpha-channel-opacity spacing-vertical-s\"\/>\n\n\n\n<h4 class=\"wp-block-heading\"><em>Un partenariat<\/em> durable, <br>fond\u00e9 sur <em>la confiance<\/em> et <em>le respect<\/em> mutuels.<\/h4>\n\n\n\n<p>Entrepreneurs agiles et flexibles par essence, nous adaptons notre offre pour accompagner le d\u00e9veloppement de votre activit\u00e9. Nous vous fournissons les outils et le support n\u00e9cessaires pour construire de fructueuses relations \u00e0 long terme, pour vous et vos clients.<\/p>\n\n\n\n<p>Nous s\u00e9lectionnons nos partenaires avec soin et veillons \u00e0 \u00e9tablir des relations \u00e0 l\u2019\u00e9preuve du temps, fond\u00e9es sur la confiance et le respect mutuels.<\/p>\n<\/div><\/div>\n\n\n\n<h3 class=\"wp-block-heading\"><em>Collaborations<\/em> strat\u00e9giques<\/h3>\n\n\n\n<div class=\"wp-block-group wrapper-s spacing-vertical-s\"><div class=\"wp-block-group__inner-container is-layout-constrained wp-block-group-is-layout-constrained\">\n<hr class=\"wp-block-separator has-alpha-channel-opacity spacing-vertical-s\"\/>\n\n\n\n<h4 class=\"wp-block-heading\">Nous travaillons en \u00e9troite collaboration avec des institutions <em>financi\u00e8res<\/em> afin de transformer leur activit\u00e9 pour leurs clients <em>priv\u00e9s<\/em>.<\/h4>\n\n\n\n<p>Ensemble, nous \u00e9laborons une strat\u00e9gie de d\u00e9veloppement adapt\u00e9e \u00e0 votre organisation.<\/p>\n\n\n\n<p>Nous conseillons les institutions financi\u00e8res qui souhaitent d\u00e9velopper leurs services et leurs comp\u00e9tences en mati\u00e8re de gestion de fortune. Qu\u2019il s\u2019agisse du choix d\u2019un mod\u00e8le de service ou de la cr\u00e9ation d\u2019un d\u00e9partement de gestion de fortune, nous accompagnons votre projet sur la dur\u00e9e.<\/p>\n\n\n\n<section id=\"section-block_b55b6b8d69a348f0b71b5edf456fde81\" class=\"custom-video-outer aligncenter\">\n\n    \n    <figure class=\"custom-video\">\n\n        <div class=\"video-popup-holder\">\n            <div class=\"video-holder\">\n                <video loop playsinline>\n                    <source src=\"https:\/\/player.vimeo.com\/progressive_redirect\/playback\/1050743514\/rendition\/1080p\/file.mp4?loc=external&#038;signature=abc5f95539e186fe911e5306708df32c3672451a14362fcd3e5656ab24a4a5e6\" type=\"video\/mp4\">\n                    Your browser does not support the video tag.                <\/video>\n                <div class=\"video-controls\">\n\n                    <div class=\"exit-button\">\n                        <svg class=\"icon-close\">\n                            <use xlink:href=\"https:\/\/staging.bordier.com\/wp-content\/themes\/bordier-wp\/assets\/img\/icons.svg#icon-close\"><\/use>\n                        <\/svg>\n                    <\/div>\n    \n                    <div class=\"play-button\">\n    \n                        <div class=\"play-icon\" data-status=\"play\">\n                            <svg class=\"icon-play\">\n                                <use xlink:href=\"https:\/\/staging.bordier.com\/wp-content\/themes\/bordier-wp\/assets\/img\/icons.svg#icon-play\"><\/use>\n                            <\/svg>\n                        <\/div>\n    \n                        <div class=\"play-icon\" data-status=\"pause\">\n                            <svg class=\"icon-pause\">\n                                <use xlink:href=\"https:\/\/staging.bordier.com\/wp-content\/themes\/bordier-wp\/assets\/img\/icons.svg#icon-pause\"><\/use>\n                            <\/svg>\n                        <\/div>\n    \n                    <\/div>\n\n                    <div class=\"bottom-controls\">\n\n                        <span class=\"video-length\"><\/span>\n                        \n                        <div class=\"progress-bar\"> \n                            <div class=\"time-bar\"><\/div>\n                            <input class=\"vimeovideo-progress-seek\" type=\"range\" min=\"0\" max=\"100\" step=\"0.1\" value=\"0\" data-vimeovideo=\"seek\">\n                            <progress class=\"vimeovideo-progress-played\" max=\"100\" value=\"0\" role=\"presentation\"><\/progress>\n                        <\/div>\n\n                        <div class=\"left-side\">\n                            <div class=\"small-play-button\">\n\n                                <svg class=\"icon-play\">\n                                    <use xlink:href=\"https:\/\/staging.bordier.com\/wp-content\/themes\/bordier-wp\/assets\/img\/icons.svg#icon-play\"><\/use>\n                                <\/svg>\n\n                                <svg class=\"icon-pause\">\n                                    <use xlink:href=\"https:\/\/staging.bordier.com\/wp-content\/themes\/bordier-wp\/assets\/img\/icons.svg#icon-pause\"><\/use>\n                                <\/svg>\n\n                            <\/div>\n                        <\/div>\n\n                        <div class=\"right-side\">\n\n                            <div class=\"volume-control\">\n            \n                                <div class=\"mute-icon\" data-status=\"muted\">\n                                    <svg class=\"icon-mute\">\n                                        <use xlink:href=\"https:\/\/staging.bordier.com\/wp-content\/themes\/bordier-wp\/assets\/img\/icons.svg#icon-mute\"><\/use>\n                                    <\/svg>\n                                <\/div>\n                                <div class=\"mute-icon\" data-status=\"unmuted\">\n                                    <svg class=\"icon-unmute\">\n                                        <use xlink:href=\"https:\/\/staging.bordier.com\/wp-content\/themes\/bordier-wp\/assets\/img\/icons.svg#icon-unmute\"><\/use>\n                                    <\/svg>\n                                <\/div>\n            \n                            <\/div>\n\n                            <div class=\"expand\">\n                                <svg class=\"icon-expand\">\n                                    <use xlink:href=\"https:\/\/staging.bordier.com\/wp-content\/themes\/bordier-wp\/assets\/img\/icons.svg#icon-expand\"><\/use>\n                                <\/svg>\n\n                                <svg class=\"icon-collapse\">\n                                    <use xlink:href=\"https:\/\/staging.bordier.com\/wp-content\/themes\/bordier-wp\/assets\/img\/icons.svg#icon-collapse\"><\/use>\n                                <\/svg>\n                            <\/div>\n\n                        <\/div>\n\n                    <\/div>\n    \n                <\/div>\n            <\/div>\n        <\/div>\n\n    \n        <div class=\"video-controls\">\n\n            <div class=\"play-button\">\n\n                <div class=\"play-icon\" data-status=\"play\">\n                    <svg class=\"icon-play\">\n                        <use xlink:href=\"https:\/\/staging.bordier.com\/wp-content\/themes\/bordier-wp\/assets\/img\/icons.svg#icon-play\"><\/use>\n                    <\/svg>\n                <\/div>\n\n                <div class=\"play-icon\" data-status=\"pause\">\n                    <svg class=\"icon-pause\">\n                        <use xlink:href=\"https:\/\/staging.bordier.com\/wp-content\/themes\/bordier-wp\/assets\/img\/icons.svg#icon-pause\"><\/use>\n                    <\/svg>\n                <\/div>\n\n            <\/div>\n\n        <\/div>\n\n\n                    <figure class=\"video-cover\">\n                <img decoding=\"async\" src=\"https:\/\/staging.bordier.com\/wp-content\/uploads\/2025\/02\/Evrard-Bordier-fr-1.jpg\" alt=\"Video Cover\">\n            <\/figure>\n        \n    <\/figure>\n\n    \n<\/section>\n\n<\/div><\/div>\n\n\n\n<h3 class=\"wp-block-heading\">Business <em>Partners<\/em><\/h3>\n\n\n\n<div class=\"wp-block-group wrapper-s spacing-vertical-s\"><div class=\"wp-block-group__inner-container is-layout-constrained wp-block-group-is-layout-constrained\">\n<hr class=\"wp-block-separator has-alpha-channel-opacity spacing-vertical-s\"\/>\n\n\n\n<h4 class=\"wp-block-heading\">Notre approche sur mesure garantit un tr\u00e8s <em>haut niveau<\/em> d\u2019adaptabilit\u00e9 pour r\u00e9pondre <em>\u00e0 vos<\/em> besoins ainsi qu\u2019\u00e0 ceux de vos <em>clients<\/em>.<\/h4>\n\n\n\n<p>En tant que banque familiale g\u00e9r\u00e9e et d\u00e9tenue par ses associ\u00e9s, nous sommes id\u00e9alement plac\u00e9s pour comprendre vos d\u00e9fis et vos objectifs.<\/p>\n<\/div><\/div>\n<\/div><\/div>\n\n\n\n<div class=\"wp-block-cover right-text\" style=\"min-height:10vw;aspect-ratio:unset;\"><span aria-hidden=\"true\" class=\"wp-block-cover__background has-black-background-color has-background-dim-20 has-background-dim\"><\/span><img alt=\"\" loading=\"lazy\" decoding=\"async\" width=\"2560\" height=\"907\" class=\"wp-block-cover__image-background wp-image-5549\" alt=\"\" src=\"https:\/\/staging.bordier.com\/wp-content\/uploads\/2024\/10\/Rectangle-scaled.jpg\" data-object-fit=\"cover\" srcset=\"https:\/\/staging.bordier.com\/wp-content\/uploads\/2024\/10\/Rectangle-scaled.jpg 2560w, https:\/\/staging.bordier.com\/wp-content\/uploads\/2024\/10\/Rectangle-300x106.jpg 300w, https:\/\/staging.bordier.com\/wp-content\/uploads\/2024\/10\/Rectangle-1024x363.jpg 1024w, https:\/\/staging.bordier.com\/wp-content\/uploads\/2024\/10\/Rectangle-768x272.jpg 768w, https:\/\/staging.bordier.com\/wp-content\/uploads\/2024\/10\/Rectangle-1536x544.jpg 1536w, https:\/\/staging.bordier.com\/wp-content\/uploads\/2024\/10\/Rectangle-2048x726.jpg 2048w\" sizes=\"auto, (max-width: 2560px) 100vw, 2560px\" \/><div class=\"wp-block-cover__inner-container is-layout-constrained wp-block-cover-is-layout-constrained\">\n<div class=\"wp-block-group\"><div class=\"wp-block-group__inner-container is-layout-constrained wp-block-group-is-layout-constrained\">\n<h4 class=\"wp-block-heading has-text-align-left has-large-font-size\">Bienvenue dans la <em>famille<\/em><\/h4>\n\n\n\n<p class=\"has-small-font-size\">Contactez-nous d\u00e8s aujourd\u2019hui.<\/p>\n\n\n\n<div class=\"wp-block-buttons is-layout-flex wp-block-buttons-is-layout-flex\">\n<div class=\"wp-block-button is-style-fill blured\"><a class=\"wp-block-button__link wp-element-button\" href=\"https:\/\/staging.bordier.com\/fr\/contactez-nous\/\"><strong>CONTACT<\/strong><\/a><\/div>\n<\/div>\n<\/div><\/div>\n<\/div><\/div>\n","protected":false},"excerpt":{"rendered":"<p>Sp\u00e9cialis\u00e9s dans la gestion de patrimoine, nous sommes convaincus que la banque priv\u00e9e ne se &#8230;<\/p>\n","protected":false},"author":1,"featured_media":0,"parent":0,"menu_order":70,"comment_status":"closed","ping_status":"closed","template":"","meta":{"_acf_changed":false,"_seopress_robots_primary_cat":"","_seopress_titles_title":"","_seopress_titles_desc":"","_seopress_robots_index":"","footnotes":""},"class_list":["post-11147","page","type-page","status-publish","hentry"],"acf":[],"_links":{"self":[{"href":"https:\/\/staging.bordier.com\/fr\/wp-json\/wp\/v2\/pages\/11147","targetHints":{"allow":["GET"]}}],"collection":[{"href":"https:\/\/staging.bordier.com\/fr\/wp-json\/wp\/v2\/pages"}],"about":[{"href":"https:\/\/staging.bordier.com\/fr\/wp-json\/wp\/v2\/types\/page"}],"author":[{"embeddable":true,"href":"https:\/\/staging.bordier.com\/fr\/wp-json\/wp\/v2\/users\/1"}],"replies":[{"embeddable":true,"href":"https:\/\/staging.bordier.com\/fr\/wp-json\/wp\/v2\/comments?post=11147"}],"version-history":[{"count":3,"href":"https:\/\/staging.bordier.com\/fr\/wp-json\/wp\/v2\/pages\/11147\/revisions"}],"predecessor-version":[{"id":17062,"href":"https:\/\/staging.bordier.com\/fr\/wp-json\/wp\/v2\/pages\/11147\/revisions\/17062"}],"wp:attachment":[{"href":"https:\/\/staging.bordier.com\/fr\/wp-json\/wp\/v2\/media?parent=11147"}],"curies":[{"name":"wp","href":"https:\/\/api.w.org\/{rel}","templated":true}]}}